{"id":1437,"date":"2026-01-21T11:42:16","date_gmt":"2026-01-21T11:42:16","guid":{"rendered":"https:\/\/ambientech.es\/about\/"},"modified":"2026-02-16T09:44:04","modified_gmt":"2026-02-16T08:44:04","slug":"about","status":"publish","type":"page","link":"https:\/\/ambientech.es\/es\/about\/","title":{"rendered":"Sobre Nosotros"},"content":{"rendered":"<div class=\"wp-block-uagb-container uagb-block-3b868780 alignfull uagb-is-root-container\"><div class=\"uagb-container-inner-blocks-wrap\">\n<div class=\"wp-block-uagb-advanced-heading uagb-block-9e022c12\"><h1 class=\"uagb-heading-text\">Ambientech<\/h1><\/div>\n<\/div><\/div>\n\n\n\n<div class=\"wp-block-uagb-container uagb-block-d9f6f60b alignfull uagb-is-root-container\"><div class=\"uagb-container-inner-blocks-wrap\">\n<p>En Ambientech, creemos que el alto rendimiento y la responsabilidad ambiental deben armonizar a la perfecci\u00f3n. Con sede en Espa\u00f1a, nuestra misi\u00f3n es proporcionar a l\u00edderes del sector y a particulares soluciones tecnol\u00f3gicas avanzadas que protejan sus activos y contribuyan a preservar el mundo que compartimos.<\/p>\n<\/div><\/div>\n\n\n\n<div class=\"wp-block-uagb-container uagb-block-57681a5e alignfull uagb-is-root-container\"><div class=\"uagb-container-inner-blocks-wrap\">\n<div class=\"wp-block-uagb-container uagb-block-74dc9e5a\">\n<div class=\"wp-block-uagb-image uagb-block-ac5123d9 wp-block-uagb-image--layout-default wp-block-uagb-image--effect-static wp-block-uagb-image--align-none\"><figure class=\"wp-block-uagb-image__figure\"><img decoding=\"async\" srcset=\"https:\/\/ambientech.es\/wp-content\/uploads\/2026\/01\/CLR17_18_OnEdition_dt8875-1024x728.jpg ,https:\/\/ambientech.es\/wp-content\/uploads\/2026\/01\/propeller-and-stern-gear-antifouling-protection.jpg 780w, https:\/\/ambientech.es\/wp-content\/uploads\/2026\/01\/propeller-and-stern-gear-antifouling-protection.jpg 360w\" sizes=\"auto, (max-width: 480px) 150px\" src=\"https:\/\/ambientech.es\/wp-content\/uploads\/2026\/01\/CLR17_18_OnEdition_dt8875-1024x728.jpg\" alt=\"\" class=\"uag-image-1845\" width=\"559\" height=\"397\" title=\"CLR17_18_OnEdition_dt8875\" loading=\"lazy\" role=\"img\"\/><\/figure><\/div>\n<\/div>\n\n\n\n<div class=\"wp-block-uagb-container uagb-block-9a99a94e\">\n<div class=\"wp-block-uagb-advanced-heading uagb-block-0ce1f099\"><h2 class=\"uagb-heading-text\">Nuestra visi\u00f3n: Eficiencia sin concesiones<\/h2><\/div>\n\n\n\n<p>Ambientech se fund\u00f3 bajo el principio de la innovaci\u00f3n sostenible. Reconocemos que los sectores globales del transporte y la infraestructura se enfrentan a un reto importante: ofrecer potencia y durabilidad sin el coste ambiental asociado a los m\u00e9todos de mantenimiento tradicionales. Al centrarnos en la longevidad y la ingenier\u00eda respetuosa con el medio ambiente, ayudamos a nuestros clientes a reducir los costes operativos y minimizar su huella ecol\u00f3gica en una amplia gama de sectores.<\/p>\n<\/div>\n<\/div><\/div>\n\n\n\n<div class=\"wp-block-uagb-container uagb-block-6e3c0834 alignfull uagb-is-root-container\"><div class=\"uagb-container-inner-blocks-wrap\">\n<div class=\"wp-block-uagb-advanced-heading uagb-block-660a0425\"><h2 class=\"uagb-heading-text\">Nuestra Fundaci\u00f3n: Sistemas de Protecci\u00f3n Avanzados<\/h2><\/div>\n\n\n\n<p>Nuestra trayectoria comenz\u00f3 con el compromiso de ofrecer protecci\u00f3n de superficies a largo plazo. Como distribuidor oficial de Coppercoat en toda Espa\u00f1a, hemos contribuido a establecer un nuevo est\u00e1ndar de durabilidad. Los tratamientos de protecci\u00f3n tradicionales suelen requerir reaplicaciones frecuentes y pueden liberar sustancias nocivas al medio ambiente. Nuestras soluciones ofrecen una alternativa m\u00e1s<strong> inteligente<\/strong> y <strong>sostenible<\/strong> .&nbsp;<\/p>\n\n\n\n<p>Mediante el uso de sistemas ep\u00f3xicos a base de agua y sin COV, ofrecemos protecci\u00f3n que dura una d\u00e9cada o m\u00e1s. Este enfoque garantiza que la maquinaria y las estructuras se mantengan eficientes y limpias, a la vez que est\u00e1n protegidas eficazmente de los elementos. Al elegir Ambientech, invierte en tecnolog\u00eda dise\u00f1ada para mantener <strong>rendimiento m\u00e1ximo<\/strong> y <strong>durabilidad a largo plazo<\/strong> para sus activos<\/p>\n<\/div><\/div>\n\n\n\n<div class=\"wp-block-uagb-container uagb-block-7e4f134b alignfull uagb-is-root-container\"><div class=\"uagb-container-inner-blocks-wrap\">\n<div class=\"wp-block-uagb-container uagb-block-a6d79768\">\n<h3 class=\"wp-block-heading\">Nuestros valores fundamentales<\/h3>\n\n\n\n<p>En Ambientech, somos m\u00e1s que un proveedor: somos socios en el progreso t\u00e9cnico. Ofrecemos la experiencia y el apoyo necesarios para ayudar a nuestros clientes a lograr mejoras tangibles tanto en rendimiento como en sostenibilidad.<\/p>\n\n\n\n<ul class=\"wp-block-list\">\n<li><strong>Sostenibilidad:<\/strong> Priorizamos soluciones que reduzcan el impacto ambiental.<\/li>\n\n\n\n<li><strong>Integridad:<\/strong> Ofrecemos \u00fanicamente productos que cumplen con nuestros rigurosos est\u00e1ndares de calidad.<\/li>\n\n\n\n<li><strong>Actuaci\u00f3n:<\/strong> Nos centramos en tecnolog\u00edas que ofrecen ganancias mensurables en eficiencia y consumo de combustible.<\/li>\n\n\n\n<li><strong>Innovaci\u00f3n:<\/strong>Buscamos continuamente la pr\u00f3xima generaci\u00f3n de soluciones de transporte ambientalmente responsables.<\/li>\n<\/ul>\n<\/div>\n\n\n\n<div class=\"wp-block-uagb-container uagb-block-1fcab4cf\">\n<figure class=\"wp-block-image size-large has-custom-border\"><img decoding=\"async\" src=\"https:\/\/ambientech.es\/wp-content\/uploads\/2026\/01\/Sunseeker8-1024x683.jpg\" alt=\"\" class=\"wp-image-1860\" style=\"border-top-left-radius:5px;border-top-right-radius:5px;border-bottom-left-radius:5px;border-bottom-right-radius:5px\"\/><\/figure>\n<\/div>\n<\/div><\/div>\n\n\n\n<div class=\"wp-block-uagb-container uagb-block-48655efb alignfull uagb-is-root-container\"><div class=\"uagb-container-inner-blocks-wrap\">\n<div class=\"wp-block-uagb-info-box uagb-block-ae466c10 uagb-infobox__content-wrap  uagb-infobox-icon-above-title uagb-infobox-image-valign-top\"><div class=\"uagb-ifb-content\"><div class=\"uagb-ifb-title-wrap\"><h2 class=\"uagb-ifb-title\"><strong>Ambientech: Dise\u00f1ando un futuro m\u00e1s limpio<\/strong><\/h2><\/div><p class=\"uagb-ifb-desc\">\u00danase a nosotros para construir un futuro m\u00e1s limpio y eficiente para la comunidad global del transporte. Juntos, podemos proteger sus inversiones y, al mismo tiempo, proteger el medio ambiente.&nbsp;<\/p><div class=\"uagb-ifb-button-wrapper wp-block-button\"><a href=\"https:\/\/ambientech.es\/es\/shop\/\" class=\"uagb-infobox-cta-link wp-block-button__link\" target=\"_self\" rel=\"noopener noreferrer\" onclick=\"return true;\"><span class=\"uagb-inline-editing\">Compra ahora<\/span><\/a><\/div><\/div><\/div>\n<\/div><\/div>","protected":false},"excerpt":{"rendered":"<p>Ambientech At Ambientech, we believe that high performance and environmental responsibility should work in perfect harmony. Based in Spain, our mission is to provide industry leaders and private owners with advanced technological solutions that protect their assets while helping to preserve the world we share. Our Vision: Efficiency Without Compromise Ambientech was founded on the [&hellip;]<\/p>\n","protected":false},"author":1,"featured_media":0,"parent":0,"menu_order":0,"comment_status":"closed","ping_status":"closed","template":"","meta":{"_uag_custom_page_level_css":"","site-sidebar-layout":"no-sidebar","site-content-layout":"","ast-site-content-layout":"full-width-container","site-content-style":"default","site-sidebar-style":"default","ast-global-header-display":"","ast-banner-title-visibility":"disabled","ast-main-header-display":"","ast-hfb-above-header-display":"","ast-hfb-below-header-display":"","ast-hfb-mobile-header-display":"","site-post-title":"disabled","ast-breadcrumbs-content":"","ast-featured-img":"","footer-sml-layout":"","ast-disable-related-posts":"","theme-transparent-header-meta":"disabled","adv-header-id-meta":"","stick-header-meta":"","header-above-stick-meta":"","header-main-stick-meta":"","header-below-stick-meta":"","astra-migrate-meta-layouts":"set","ast-page-background-enabled":"default","ast-page-background-meta":{"desktop":{"background-color":"var(--ast-global-color-4)","background-image":"","background-repeat":"repeat","background-position":"center center","background-size":"auto","background-attachment":"scroll","background-type":"","background-media":"","overlay-type":"","overlay-color":"","overlay-opacity":"","overlay-gradient":""},"tablet":{"background-color":"","background-image":"","background-repeat":"repeat","background-position":"center center","background-size":"auto","background-attachment":"scroll","background-type":"","background-media":"","overlay-type":"","overlay-color":"","overlay-opacity":"","overlay-gradient":""},"mobile":{"background-color":"","background-image":"","background-repeat":"repeat","background-position":"center center","background-size":"auto","background-attachment":"scroll","background-type":"","background-media":"","overlay-type":"","overlay-color":"","overlay-opacity":"","overlay-gradient":""}},"ast-content-background-meta":{"desktop":{"background-color":"var(--ast-global-color-5)","background-image":"","background-repeat":"repeat","background-position":"center center","background-size":"auto","background-attachment":"scroll","background-type":"","background-media":"","overlay-type":"","overlay-color":"","overlay-opacity":"","overlay-gradient":""},"tablet":{"background-color":"var(--ast-global-color-5)","background-image":"","background-repeat":"repeat","background-position":"center center","background-size":"auto","background-attachment":"scroll","background-type":"","background-media":"","overlay-type":"","overlay-color":"","overlay-opacity":"","overlay-gradient":""},"mobile":{"background-color":"var(--ast-global-color-5)","background-image":"","background-repeat":"repeat","background-position":"center center","background-size":"auto","background-attachment":"scroll","background-type":"","background-media":"","overlay-type":"","overlay-color":"","overlay-opacity":"","overlay-gradient":""}},"footnotes":""},"class_list":["post-1437","page","type-page","status-publish","hentry"],"yoast_head":"<!-- This site is optimized with the Yoast SEO plugin v27.4 - https:\/\/yoast.com\/product\/yoast-seo-wordpress\/ -->\n<title>About - ambientech.es<\/title>\n<meta name=\"robots\" content=\"index, follow, max-snippet:-1, max-image-preview:large, max-video-preview:-1\" \/>\n<link rel=\"canonical\" href=\"https:\/\/ambientech.es\/es\/about\/\" \/>\n<meta property=\"og:locale\" content=\"es_ES\" \/>\n<meta property=\"og:type\" content=\"article\" \/>\n<meta property=\"og:title\" content=\"About - ambientech.es\" \/>\n<meta property=\"og:description\" content=\"Ambientech At Ambientech, we believe that high performance and environmental responsibility should work in perfect harmony. Based in Spain, our mission is to provide industry leaders and private owners with advanced technological solutions that protect their assets while helping to preserve the world we share. Our Vision: Efficiency Without Compromise Ambientech was founded on the [&hellip;]\" \/>\n<meta property=\"og:url\" content=\"https:\/\/ambientech.es\/es\/about\/\" \/>\n<meta property=\"og:site_name\" content=\"ambientech.es\" \/>\n<meta property=\"article:publisher\" content=\"https:\/\/www.facebook.com\/coppercoatspainambientech\" \/>\n<meta property=\"article:modified_time\" content=\"2026-02-16T08:44:04+00:00\" \/>\n<meta property=\"og:image\" content=\"https:\/\/ambientech.es\/wp-content\/uploads\/2026\/01\/CLR17_18_OnEdition_dt8875-1024x728.jpg\" \/>\n<meta name=\"twitter:card\" content=\"summary_large_image\" \/>\n<meta name=\"twitter:label1\" content=\"Tiempo de lectura\" \/>\n\t<meta name=\"twitter:data1\" content=\"1 minuto\" \/>\n<script type=\"application\/ld+json\" class=\"yoast-schema-graph\">{\"@context\":\"https:\\\/\\\/schema.org\",\"@graph\":[{\"@type\":\"WebPage\",\"@id\":\"https:\\\/\\\/ambientech.es\\\/about\\\/\",\"url\":\"https:\\\/\\\/ambientech.es\\\/about\\\/\",\"name\":\"About - ambientech.es\",\"isPartOf\":{\"@id\":\"https:\\\/\\\/ambientech.es\\\/#website\"},\"primaryImageOfPage\":{\"@id\":\"https:\\\/\\\/ambientech.es\\\/about\\\/#primaryimage\"},\"image\":{\"@id\":\"https:\\\/\\\/ambientech.es\\\/about\\\/#primaryimage\"},\"thumbnailUrl\":\"https:\\\/\\\/ambientech.es\\\/wp-content\\\/uploads\\\/2026\\\/01\\\/CLR17_18_OnEdition_dt8875-1024x728.jpg\",\"datePublished\":\"2026-01-21T11:42:16+00:00\",\"dateModified\":\"2026-02-16T08:44:04+00:00\",\"breadcrumb\":{\"@id\":\"https:\\\/\\\/ambientech.es\\\/about\\\/#breadcrumb\"},\"inLanguage\":\"es\",\"potentialAction\":[{\"@type\":\"ReadAction\",\"target\":[\"https:\\\/\\\/ambientech.es\\\/about\\\/\"]}]},{\"@type\":\"ImageObject\",\"inLanguage\":\"es\",\"@id\":\"https:\\\/\\\/ambientech.es\\\/about\\\/#primaryimage\",\"url\":\"https:\\\/\\\/ambientech.es\\\/wp-content\\\/uploads\\\/2026\\\/01\\\/CLR17_18_OnEdition_dt8875-1024x728.jpg\",\"contentUrl\":\"https:\\\/\\\/ambientech.es\\\/wp-content\\\/uploads\\\/2026\\\/01\\\/CLR17_18_OnEdition_dt8875-1024x728.jpg\"},{\"@type\":\"BreadcrumbList\",\"@id\":\"https:\\\/\\\/ambientech.es\\\/about\\\/#breadcrumb\",\"itemListElement\":[{\"@type\":\"ListItem\",\"position\":1,\"name\":\"Home\",\"item\":\"https:\\\/\\\/ambientech.es\\\/\"},{\"@type\":\"ListItem\",\"position\":2,\"name\":\"About\"}]},{\"@type\":\"WebSite\",\"@id\":\"https:\\\/\\\/ambientech.es\\\/#website\",\"url\":\"https:\\\/\\\/ambientech.es\\\/\",\"name\":\"ambientech.es\",\"description\":\"\",\"publisher\":{\"@id\":\"https:\\\/\\\/ambientech.es\\\/#organization\"},\"potentialAction\":[{\"@type\":\"SearchAction\",\"target\":{\"@type\":\"EntryPoint\",\"urlTemplate\":\"https:\\\/\\\/ambientech.es\\\/?s={search_term_string}\"},\"query-input\":{\"@type\":\"PropertyValueSpecification\",\"valueRequired\":true,\"valueName\":\"search_term_string\"}}],\"inLanguage\":\"es\"},{\"@type\":\"Organization\",\"@id\":\"https:\\\/\\\/ambientech.es\\\/#organization\",\"name\":\"ambientech.es\",\"url\":\"https:\\\/\\\/ambientech.es\\\/\",\"logo\":{\"@type\":\"ImageObject\",\"inLanguage\":\"es\",\"@id\":\"https:\\\/\\\/ambientech.es\\\/#\\\/schema\\\/logo\\\/image\\\/\",\"url\":\"https:\\\/\\\/ambientech.es\\\/wp-content\\\/uploads\\\/2026\\\/02\\\/new-logo-ambientech.png\",\"contentUrl\":\"https:\\\/\\\/ambientech.es\\\/wp-content\\\/uploads\\\/2026\\\/02\\\/new-logo-ambientech.png\",\"width\":2560,\"height\":414,\"caption\":\"ambientech.es\"},\"image\":{\"@id\":\"https:\\\/\\\/ambientech.es\\\/#\\\/schema\\\/logo\\\/image\\\/\"},\"sameAs\":[\"https:\\\/\\\/www.facebook.com\\\/coppercoatspainambientech\",\"https:\\\/\\\/www.instagram.com\\\/coppercoatspain\\\/\"]}]}<\/script>\n<!-- \/ Yoast SEO plugin. -->","yoast_head_json":{"title":"About - ambientech.es","robots":{"index":"index","follow":"follow","max-snippet":"max-snippet:-1","max-image-preview":"max-image-preview:large","max-video-preview":"max-video-preview:-1"},"canonical":"https:\/\/ambientech.es\/es\/about\/","og_locale":"es_ES","og_type":"article","og_title":"About - ambientech.es","og_description":"Ambientech At Ambientech, we believe that high performance and environmental responsibility should work in perfect harmony. Based in Spain, our mission is to provide industry leaders and private owners with advanced technological solutions that protect their assets while helping to preserve the world we share. Our Vision: Efficiency Without Compromise Ambientech was founded on the [&hellip;]","og_url":"https:\/\/ambientech.es\/es\/about\/","og_site_name":"ambientech.es","article_publisher":"https:\/\/www.facebook.com\/coppercoatspainambientech","article_modified_time":"2026-02-16T08:44:04+00:00","og_image":[{"url":"https:\/\/ambientech.es\/wp-content\/uploads\/2026\/01\/CLR17_18_OnEdition_dt8875-1024x728.jpg","type":"","width":"","height":""}],"twitter_card":"summary_large_image","twitter_misc":{"Tiempo de lectura":"1 minuto"},"schema":{"@context":"https:\/\/schema.org","@graph":[{"@type":"WebPage","@id":"https:\/\/ambientech.es\/about\/","url":"https:\/\/ambientech.es\/about\/","name":"About - ambientech.es","isPartOf":{"@id":"https:\/\/ambientech.es\/#website"},"primaryImageOfPage":{"@id":"https:\/\/ambientech.es\/about\/#primaryimage"},"image":{"@id":"https:\/\/ambientech.es\/about\/#primaryimage"},"thumbnailUrl":"https:\/\/ambientech.es\/wp-content\/uploads\/2026\/01\/CLR17_18_OnEdition_dt8875-1024x728.jpg","datePublished":"2026-01-21T11:42:16+00:00","dateModified":"2026-02-16T08:44:04+00:00","breadcrumb":{"@id":"https:\/\/ambientech.es\/about\/#breadcrumb"},"inLanguage":"es","potentialAction":[{"@type":"ReadAction","target":["https:\/\/ambientech.es\/about\/"]}]},{"@type":"ImageObject","inLanguage":"es","@id":"https:\/\/ambientech.es\/about\/#primaryimage","url":"https:\/\/ambientech.es\/wp-content\/uploads\/2026\/01\/CLR17_18_OnEdition_dt8875-1024x728.jpg","contentUrl":"https:\/\/ambientech.es\/wp-content\/uploads\/2026\/01\/CLR17_18_OnEdition_dt8875-1024x728.jpg"},{"@type":"BreadcrumbList","@id":"https:\/\/ambientech.es\/about\/#breadcrumb","itemListElement":[{"@type":"ListItem","position":1,"name":"Home","item":"https:\/\/ambientech.es\/"},{"@type":"ListItem","position":2,"name":"About"}]},{"@type":"WebSite","@id":"https:\/\/ambientech.es\/#website","url":"https:\/\/ambientech.es\/","name":"lino-ciervo-260681.hostingersite.com","description":"","publisher":{"@id":"https:\/\/ambientech.es\/#organization"},"potentialAction":[{"@type":"SearchAction","target":{"@type":"EntryPoint","urlTemplate":"https:\/\/ambientech.es\/?s={search_term_string}"},"query-input":{"@type":"PropertyValueSpecification","valueRequired":true,"valueName":"search_term_string"}}],"inLanguage":"es"},{"@type":"Organization","@id":"https:\/\/ambientech.es\/#organization","name":"lino-ciervo-260681.hostingersite.com","url":"https:\/\/ambientech.es\/","logo":{"@type":"ImageObject","inLanguage":"es","@id":"https:\/\/ambientech.es\/#\/schema\/logo\/image\/","url":"https:\/\/ambientech.es\/wp-content\/uploads\/2026\/02\/new-logo-ambientech.png","contentUrl":"https:\/\/ambientech.es\/wp-content\/uploads\/2026\/02\/new-logo-ambientech.png","width":2560,"height":414,"caption":"ambientech.es"},"image":{"@id":"https:\/\/ambientech.es\/#\/schema\/logo\/image\/"},"sameAs":["https:\/\/www.facebook.com\/coppercoatspainambientech","https:\/\/www.instagram.com\/coppercoatspain\/"]}]}},"uagb_featured_image_src":{"full":false,"thumbnail":false,"medium":false,"medium_large":false,"large":false,"1536x1536":false,"2048x2048":false,"trp-custom-language-flag":false,"woocommerce_thumbnail":false,"woocommerce_single":false,"woocommerce_gallery_thumbnail":false},"uagb_author_info":{"display_name":"info@grupocato.com","author_link":"https:\/\/ambientech.es\/es\/author\/infogrupocato-com\/"},"uagb_comment_info":0,"uagb_excerpt":"Ambientech At Ambientech, we believe that high performance and environmental responsibility should work in perfect harmony. Based in Spain, our mission is to provide industry leaders and private owners with advanced technological solutions that protect their assets while helping to preserve the world we share. Our Vision: Efficiency Without Compromise Ambientech was founded on the&hellip;","_links":{"self":[{"href":"https:\/\/ambientech.es\/es\/wp-json\/wp\/v2\/pages\/1437","targetHints":{"allow":["GET"]}}],"collection":[{"href":"https:\/\/ambientech.es\/es\/wp-json\/wp\/v2\/pages"}],"about":[{"href":"https:\/\/ambientech.es\/es\/wp-json\/wp\/v2\/types\/page"}],"author":[{"embeddable":true,"href":"https:\/\/ambientech.es\/es\/wp-json\/wp\/v2\/users\/1"}],"replies":[{"embeddable":true,"href":"https:\/\/ambientech.es\/es\/wp-json\/wp\/v2\/comments?post=1437"}],"version-history":[{"count":20,"href":"https:\/\/ambientech.es\/es\/wp-json\/wp\/v2\/pages\/1437\/revisions"}],"predecessor-version":[{"id":2823,"href":"https:\/\/ambientech.es\/es\/wp-json\/wp\/v2\/pages\/1437\/revisions\/2823"}],"wp:attachment":[{"href":"https:\/\/ambientech.es\/es\/wp-json\/wp\/v2\/media?parent=1437"}],"curies":[{"name":"wp","href":"https:\/\/api.w.org\/{rel}","templated":true}]}}