{"id":1441,"date":"2026-01-21T11:42:16","date_gmt":"2026-01-21T11:42:16","guid":{"rendered":"https:\/\/ambientech.es\/contact\/"},"modified":"2026-04-10T10:08:42","modified_gmt":"2026-04-10T08:08:42","slug":"contact","status":"publish","type":"page","link":"https:\/\/ambientech.es\/es\/contact\/","title":{"rendered":"Contacto"},"content":{"rendered":"<div class=\"wp-block-uagb-container uagb-block-3b868780 alignfull uagb-is-root-container\"><div class=\"uagb-container-inner-blocks-wrap\">\n<div class=\"wp-block-uagb-advanced-heading uagb-block-9e022c12\"><h1 class=\"uagb-heading-text\">Cont\u00e1ctenos<\/h1><p class=\"uagb-desc-text\">Ambientech ofrece asesoramiento y apoyo profesional a armadores, astilleros y operadores de flotas comerciales en toda Espa\u00f1a. Si necesita un presupuesto detallado para la aplicaci\u00f3n de <strong>COPPERCOAT<\/strong> Si necesita ayuda o necesita orientaci\u00f3n sobre distribuci\u00f3n local, nuestro equipo est\u00e1 listo para ayudarle. .<\/p><\/div>\n<\/div><\/div>\n\n\n\n<div class=\"wp-block-uagb-container uagb-block-5165c1e9 alignfull uagb-is-root-container\"><div class=\"uagb-container-inner-blocks-wrap\">\n<div class=\"wp-block-contact-form-7-contact-form-selector\">\n<div class=\"wpcf7 no-js\" id=\"wpcf7-f3187-o1\" lang=\"en-GB\" dir=\"ltr\" data-wpcf7-id=\"3187\">\n<div class=\"screen-reader-response\"><p role=\"status\" aria-live=\"polite\" aria-atomic=\"true\"><\/p> <ul><\/ul><\/div>\n<form action=\"\/es\/wp-json\/wp\/v2\/pages\/1441#wpcf7-f3187-o1\" method=\"post\" class=\"wpcf7-form init\" aria-label=\"Contact form\" novalidate=\"novalidate\" data-status=\"init\" data-trp-original-action=\"\/es\/wp-json\/wp\/v2\/pages\/1441#wpcf7-f3187-o1\">\n<fieldset class=\"hidden-fields-container\"><input type=\"hidden\" name=\"_wpcf7\" value=\"3187\" \/><input type=\"hidden\" name=\"_wpcf7_version\" value=\"6.1.5\" \/><input type=\"hidden\" name=\"_wpcf7_locale\" value=\"en_GB\" \/><input type=\"hidden\" name=\"_wpcf7_unit_tag\" value=\"wpcf7-f3187-o1\" \/><input type=\"hidden\" name=\"_wpcf7_container_post\" value=\"0\" \/><input type=\"hidden\" name=\"_wpcf7_posted_data_hash\" value=\"\" \/>\n<\/fieldset>\n<p><label> Nombre<br \/>\n<span class=\"wpcf7-form-control-wrap\" data-name=\"your-name\"><input size=\"40\" maxlength=\"400\" class=\"wpcf7-form-control wpcf7-text wpcf7-validates-as-required\" autocomplete=\"name\" aria-required=\"true\" aria-invalid=\"false\" value=\"\" type=\"text\" name=\"your-name\" \/><\/span> <\/label>\n<\/p>\n<p><label> Correo electr\u00f3nico<br \/>\n<span class=\"wpcf7-form-control-wrap\" data-name=\"your-email\"><input size=\"40\" maxlength=\"400\" class=\"wpcf7-form-control wpcf7-email wpcf7-validates-as-required wpcf7-text wpcf7-validates-as-email\" autocomplete=\"email\" aria-required=\"true\" aria-invalid=\"false\" value=\"\" type=\"email\" name=\"your-email\" \/><\/span> <\/label>\n<\/p>\n<p><label> N\u00famero de tel\u00e9fono<br \/>\n<span class=\"wpcf7-form-control-wrap\" data-name=\"tel-297\"><input size=\"40\" maxlength=\"400\" class=\"wpcf7-form-control wpcf7-tel wpcf7-validates-as-required wpcf7-text wpcf7-validates-as-tel\" aria-required=\"true\" aria-invalid=\"false\" value=\"\" type=\"tel\" name=\"tel-297\" \/><\/span> <\/label>\n<\/p>\n<p><label> Comentario o mensaje (opcional)<br \/>\n<span class=\"wpcf7-form-control-wrap\" data-name=\"your-message\"><textarea cols=\"40\" rows=\"10\" maxlength=\"2000\" class=\"wpcf7-form-control wpcf7-textarea\" aria-invalid=\"false\" name=\"your-message\"><\/textarea><\/span> <\/label>\n<\/p>\n<p><input class=\"wpcf7-form-control wpcf7-submit has-spinner\" type=\"submit\" value=\"Enviar\" \/>\n<\/p><div class=\"wpcf7-response-output\" aria-hidden=\"true\"><\/div>\n<input type=\"hidden\" name=\"trp-form-language\" value=\"es\"\/><\/form>\n<\/div>\n<\/div>\n\n\n\n<div class=\"wp-block-group is-nowrap is-layout-flex wp-container-core-group-is-layout-6c531013 wp-block-group-is-layout-flex\">\n<div class=\"wp-block-uagb-container uagb-block-f2e5eb79\">\n<div class=\"wp-block-uagb-info-box uagb-block-b4136ee3 uagb-infobox__content-wrap  uagb-infobox-icon-left uagb-infobox-left uagb-infobox-stacked-mobile uagb-infobox-image-valign-top\"><div class=\"uagb-ifb-icon-wrap\"><div class=\"uagb-iconbox-icon-wrap uagb-infobox-shape-circle\"><svg xmlns=\"https:\/\/www.w3.org\/2000\/svg\" viewbox=\"0 0 512 512\"><path d=\"M464 64C490.5 64 512 85.49 512 112C512 127.1 504.9 141.3 492.8 150.4L275.2 313.6C263.8 322.1 248.2 322.1 236.8 313.6L19.2 150.4C7.113 141.3 0 127.1 0 112C0 85.49 21.49 64 48 64H464zM217.6 339.2C240.4 356.3 271.6 356.3 294.4 339.2L512 176V384C512 419.3 483.3 448 448 448H64C28.65 448 0 419.3 0 384V176L217.6 339.2z\"><\/path><\/svg><\/div><\/div><div class=\"uagb-ifb-content\"><div class=\"uagb-ifb-title-wrap\"><h3 class=\"uagb-ifb-title\">CORREO ELECTR\u00d3NICO<\/h3><\/div><p class=\"uagb-ifb-desc\">info@ambientech.es<\/p><\/div><\/div>\n\n\n\n<div class=\"wp-block-uagb-info-box uagb-block-7b2018ce uagb-infobox__content-wrap  uagb-infobox-icon-left uagb-infobox-left uagb-infobox-stacked-mobile uagb-infobox-image-valign-top\"><div class=\"uagb-ifb-icon-wrap\"><div class=\"uagb-iconbox-icon-wrap uagb-infobox-shape-circle\"><svg xmlns=\"https:\/\/www.w3.org\/2000\/svg\" viewbox=\"0 0 384 512\"><path d=\"M168.3 499.2C116.1 435 0 279.4 0 192C0 85.96 85.96 0 192 0C298 0 384 85.96 384 192C384 279.4 267 435 215.7 499.2C203.4 514.5 180.6 514.5 168.3 499.2H168.3zM192 256C227.3 256 256 227.3 256 192C256 156.7 227.3 128 192 128C156.7 128 128 156.7 128 192C128 227.3 156.7 256 192 256z\"><\/path><\/svg><\/div><\/div><div class=\"uagb-ifb-content\"><div class=\"uagb-ifb-title-wrap\"><h3 class=\"uagb-ifb-title\">DIRECCI\u00d3N<\/h3><\/div><p class=\"uagb-ifb-desc\"><a href=\"https:\/\/www.google.com\/maps\/place\/\/data=!4m2!3m1!1s0xd6307cb215a33c5:0x79c9f1683d1bf57f?sa=X&amp;ved=1t:8290&amp;ictx=111\">Deportivo Marina Internacional Fase II s\/n \u2013 Varadero, 03181 Torrevieja, Alicante, Espa\u00f1a<\/a><\/p><\/div><\/div>\n\n\n\n<div class=\"wp-block-uagb-advanced-heading uagb-block-56a50069\"><h4 class=\"uagb-heading-text\">S\u00edganos:<\/h4><\/div>\n\n\n\n<div class=\"wp-block-uagb-icon-list uagb-block-84ce79dd\"><div class=\"uagb-icon-list__wrap\">\n<div class=\"wp-block-uagb-icon-list-child uagb-block-0ccc5692\"><a target=\"_self\" aria-label=\"Elemento de lista\" rel=\"noopener noreferrer\" href=\"https:\/\/www.facebook.com\/coppercoatspainambientech\/\"> <\/a><span class=\"uagb-icon-list__source-wrap\"><svg xmlns=\"https:\/\/www.w3.org\/2000\/svg\" viewbox=\"0 0 320 512\"><path d=\"M279.1 288l14.22-92.66h-88.91v-60.13c0-25.35 12.42-50.06 52.24-50.06h40.42V6.26S260.4 0 225.4 0c-73.22 0-121.1 44.38-121.1 124.7v70.62H22.89V288h81.39v224h100.2V288z\"><\/path><\/svg><\/span><\/div>\n\n\n\n<div class=\"wp-block-uagb-icon-list-child uagb-block-88af3cac\"><a target=\"_self\" aria-label=\"Elemento de lista\" rel=\"noopener noreferrer\" href=\"https:\/\/www.instagram.com\/coppercoatspain\/\"> <\/a><span class=\"uagb-icon-list__source-wrap\"><svg xmlns=\"https:\/\/www.w3.org\/2000\/svg\" viewbox=\"0 0 448 512\"><path d=\"M224.1 141c-63.6 0-114.9 51.3-114.9 114.9s51.3 114.9 114.9 114.9S339 319.5 339 255.9 287.7 141 224.1 141zm0 189.6c-41.1 0-74.7-33.5-74.7-74.7s33.5-74.7 74.7-74.7 74.7 33.5 74.7 74.7-33.6 74.7-74.7 74.7zm146.4-194.3c0 14.9-12 26.8-26.8 26.8-14.9 0-26.8-12-26.8-26.8s12-26.8 26.8-26.8 26.8 12 26.8 26.8zm76.1 27.2c-1.7-35.9-9.9-67.7-36.2-93.9-26.2-26.2-58-34.4-93.9-36.2-37-2.1-147.9-2.1-184.9 0-35.8 1.7-67.6 9.9-93.9 36.1s-34.4 58-36.2 93.9c-2.1 37-2.1 147.9 0 184.9 1.7 35.9 9.9 67.7 36.2 93.9s58 34.4 93.9 36.2c37 2.1 147.9 2.1 184.9 0 35.9-1.7 67.7-9.9 93.9-36.2 26.2-26.2 34.4-58 36.2-93.9 2.1-37 2.1-147.8 0-184.8zM398.8 388c-7.8 19.6-22.9 34.7-42.6 42.6-29.5 11.7-99.5 9-132.1 9s-102.7 2.6-132.1-9c-19.6-7.8-34.7-22.9-42.6-42.6-11.7-29.5-9-99.5-9-132.1s-2.6-102.7 9-132.1c7.8-19.6 22.9-34.7 42.6-42.6 29.5-11.7 99.5-9 132.1-9s102.7-2.6 132.1 9c19.6 7.8 34.7 22.9 42.6 42.6 11.7 29.5 9 99.5 9 132.1s2.7 102.7-9 132.1z\"><\/path><\/svg><\/span><\/div>\n\n\n\n<div class=\"wp-block-uagb-icon-list-child uagb-block-5b268add\"><a target=\"_self\" aria-label=\"Elemento de lista\" rel=\"noopener noreferrer\" href=\"https:\/\/www.youtube.com\/watch?v=6TThwENKOrc&amp;t=3s\"> <\/a><span class=\"uagb-icon-list__source-wrap\"><svg xmlns=\"https:\/\/www.w3.org\/2000\/svg\" viewbox=\"0 0 576 512\"><path d=\"M549.7 124.1c-6.281-23.65-24.79-42.28-48.28-48.6C458.8 64 288 64 288 64S117.2 64 74.63 75.49c-23.5 6.322-42 24.95-48.28 48.6-11.41 42.87-11.41 132.3-11.41 132.3s0 89.44 11.41 132.3c6.281 23.65 24.79 41.5 48.28 47.82C117.2 448 288 448 288 448s170.8 0 213.4-11.49c23.5-6.321 42-24.17 48.28-47.82 11.41-42.87 11.41-132.3 11.41-132.3s0-89.44-11.41-132.3zm-317.5 213.5V175.2l142.7 81.21-142.7 81.2z\"><\/path><\/svg><\/span><\/div>\n<\/div><\/div>\n<\/div>\n<\/div>\n<\/div><\/div>\n\n\n\t\t\t<div \n\t\t\tclass=\"wp-block-uagb-google-map uagb-google-map__wrap uagb-block-ad59fb93\"\n\t\t\tstyle=\"\" >\n\t\t\t\t<embed\n\t\t\t\t\tclass=\"uagb-google-map__iframe\"\n\t\t\t\t\ttitle=\"Mapa de Google de\"\n\t\t\t\t\tsrc=\"https:\/\/maps.google.com\/maps?q=costa%20blanca%20yacht%20services&#038;z=15&#038;hl=en&#038;t=m&#038;output=embed&#038;iwloc=near\"\n\t\t\t\t\twidth=\"640\"\n\t\t\t\t\theight=\"300\"\n\t\t\t\t\tloading=\"lazy\"\n\t\t\t\t><\/embed>\n\t\t\t<\/div>","protected":false},"excerpt":{"rendered":"<p>Contact Us Ambientech provides professional support to vessel owners, shipyards and commercial fleet operators throughout Spain. Whether you require a detailed quotation for a COPPERCOAT application or guidance on local distribution, our team is ready to assist you . Follow Us:<\/p>","protected":false},"author":1,"featured_media":0,"parent":0,"menu_order":0,"comment_status":"closed","ping_status":"closed","template":"","meta":{"_uag_custom_page_level_css":"","site-sidebar-layout":"no-sidebar","site-content-layout":"","ast-site-content-layout":"full-width-container","site-content-style":"default","site-sidebar-style":"default","ast-global-header-display":"","ast-banner-title-visibility":"disabled","ast-main-header-display":"","ast-hfb-above-header-display":"","ast-hfb-below-header-display":"","ast-hfb-mobile-header-display":"","site-post-title":"disabled","ast-breadcrumbs-content":"","ast-featured-img":"","footer-sml-layout":"","ast-disable-related-posts":"","theme-transparent-header-meta":"disabled","adv-header-id-meta":"","stick-header-meta":"","header-above-stick-meta":"","header-main-stick-meta":"","header-below-stick-meta":"","astra-migrate-meta-layouts":"set","ast-page-background-enabled":"default","ast-page-background-meta":{"desktop":{"background-color":"var(--ast-global-color-4)","background-image":"","background-repeat":"repeat","background-position":"center center","background-size":"auto","background-attachment":"scroll","background-type":"","background-media":"","overlay-type":"","overlay-color":"","overlay-opacity":"","overlay-gradient":""},"tablet":{"background-color":"","background-image":"","background-repeat":"repeat","background-position":"center center","background-size":"auto","background-attachment":"scroll","background-type":"","background-media":"","overlay-type":"","overlay-color":"","overlay-opacity":"","overlay-gradient":""},"mobile":{"background-color":"","background-image":"","background-repeat":"repeat","background-position":"center center","background-size":"auto","background-attachment":"scroll","background-type":"","background-media":"","overlay-type":"","overlay-color":"","overlay-opacity":"","overlay-gradient":""}},"ast-content-background-meta":{"desktop":{"background-color":"var(--ast-global-color-5)","background-image":"","background-repeat":"repeat","background-position":"center center","background-size":"auto","background-attachment":"scroll","background-type":"","background-media":"","overlay-type":"","overlay-color":"","overlay-opacity":"","overlay-gradient":""},"tablet":{"background-color":"var(--ast-global-color-5)","background-image":"","background-repeat":"repeat","background-position":"center center","background-size":"auto","background-attachment":"scroll","background-type":"","background-media":"","overlay-type":"","overlay-color":"","overlay-opacity":"","overlay-gradient":""},"mobile":{"background-color":"var(--ast-global-color-5)","background-image":"","background-repeat":"repeat","background-position":"center center","background-size":"auto","background-attachment":"scroll","background-type":"","background-media":"","overlay-type":"","overlay-color":"","overlay-opacity":"","overlay-gradient":""}},"footnotes":""},"class_list":["post-1441","page","type-page","status-publish","hentry"],"yoast_head":"<!-- This site is optimized with the Yoast SEO plugin v27.4 - https:\/\/yoast.com\/product\/yoast-seo-wordpress\/ -->\n<title>Contacto Ambientech | Distribuidor Coppercoat en Espa\u00f1a<\/title>\n<meta name=\"description\" content=\"\u00bfDudas sobre Coppercoat? Contacta con Ambientech, distribuidor oficial en Espa\u00f1a. Te asesoramos sobre la mejor protecci\u00f3n para el casco de tu barco.\" \/>\n<meta name=\"robots\" content=\"index, follow, max-snippet:-1, max-image-preview:large, max-video-preview:-1\" \/>\n<link rel=\"canonical\" href=\"https:\/\/ambientech.es\/es\/contact\/\" \/>\n<meta property=\"og:locale\" content=\"es_ES\" \/>\n<meta property=\"og:type\" content=\"article\" \/>\n<meta property=\"og:title\" content=\"Contacto Ambientech | Distribuidor Coppercoat en Espa\u00f1a\" \/>\n<meta property=\"og:description\" content=\"\u00bfDudas sobre Coppercoat? Contacta con Ambientech, distribuidor oficial en Espa\u00f1a. Te asesoramos sobre la mejor protecci\u00f3n para el casco de tu barco.\" \/>\n<meta property=\"og:url\" content=\"https:\/\/ambientech.es\/es\/contact\/\" \/>\n<meta property=\"og:site_name\" content=\"ambientech.es\" \/>\n<meta property=\"article:publisher\" content=\"https:\/\/www.facebook.com\/coppercoatspainambientech\" \/>\n<meta property=\"article:modified_time\" content=\"2026-04-10T08:08:42+00:00\" \/>\n<meta name=\"twitter:card\" content=\"summary_large_image\" \/>\n<meta name=\"twitter:label1\" content=\"Tiempo de lectura\" \/>\n\t<meta name=\"twitter:data1\" content=\"1 minuto\" \/>\n<script type=\"application\/ld+json\" class=\"yoast-schema-graph\">{\"@context\":\"https:\\\/\\\/schema.org\",\"@graph\":[{\"@type\":\"WebPage\",\"@id\":\"https:\\\/\\\/ambientech.es\\\/contact\\\/\",\"url\":\"https:\\\/\\\/ambientech.es\\\/contact\\\/\",\"name\":\"Contacto Ambientech | Distribuidor Coppercoat en Espa\u00f1a\",\"isPartOf\":{\"@id\":\"https:\\\/\\\/ambientech.es\\\/#website\"},\"datePublished\":\"2026-01-21T11:42:16+00:00\",\"dateModified\":\"2026-04-10T08:08:42+00:00\",\"description\":\"\u00bfDudas sobre Coppercoat? Contacta con Ambientech, distribuidor oficial en Espa\u00f1a. Te asesoramos sobre la mejor protecci\u00f3n para el casco de tu barco.\",\"breadcrumb\":{\"@id\":\"https:\\\/\\\/ambientech.es\\\/contact\\\/#breadcrumb\"},\"inLanguage\":\"es\",\"potentialAction\":[{\"@type\":\"ReadAction\",\"target\":[\"https:\\\/\\\/ambientech.es\\\/contact\\\/\"]}]},{\"@type\":\"BreadcrumbList\",\"@id\":\"https:\\\/\\\/ambientech.es\\\/contact\\\/#breadcrumb\",\"itemListElement\":[{\"@type\":\"ListItem\",\"position\":1,\"name\":\"Home\",\"item\":\"https:\\\/\\\/ambientech.es\\\/\"},{\"@type\":\"ListItem\",\"position\":2,\"name\":\"Contact\"}]},{\"@type\":\"WebSite\",\"@id\":\"https:\\\/\\\/ambientech.es\\\/#website\",\"url\":\"https:\\\/\\\/ambientech.es\\\/\",\"name\":\"ambientech.es\",\"description\":\"\",\"publisher\":{\"@id\":\"https:\\\/\\\/ambientech.es\\\/#organization\"},\"potentialAction\":[{\"@type\":\"SearchAction\",\"target\":{\"@type\":\"EntryPoint\",\"urlTemplate\":\"https:\\\/\\\/ambientech.es\\\/?s={search_term_string}\"},\"query-input\":{\"@type\":\"PropertyValueSpecification\",\"valueRequired\":true,\"valueName\":\"search_term_string\"}}],\"inLanguage\":\"es\"},{\"@type\":\"Organization\",\"@id\":\"https:\\\/\\\/ambientech.es\\\/#organization\",\"name\":\"ambientech.es\",\"url\":\"https:\\\/\\\/ambientech.es\\\/\",\"logo\":{\"@type\":\"ImageObject\",\"inLanguage\":\"es\",\"@id\":\"https:\\\/\\\/ambientech.es\\\/#\\\/schema\\\/logo\\\/image\\\/\",\"url\":\"https:\\\/\\\/ambientech.es\\\/wp-content\\\/uploads\\\/2026\\\/02\\\/new-logo-ambientech.png\",\"contentUrl\":\"https:\\\/\\\/ambientech.es\\\/wp-content\\\/uploads\\\/2026\\\/02\\\/new-logo-ambientech.png\",\"width\":2560,\"height\":414,\"caption\":\"ambientech.es\"},\"image\":{\"@id\":\"https:\\\/\\\/ambientech.es\\\/#\\\/schema\\\/logo\\\/image\\\/\"},\"sameAs\":[\"https:\\\/\\\/www.facebook.com\\\/coppercoatspainambientech\",\"https:\\\/\\\/www.instagram.com\\\/coppercoatspain\\\/\"]}]}<\/script>\n<!-- \/ Yoast SEO plugin. -->","yoast_head_json":{"title":"Contacto Ambientech | Distribuidor Coppercoat en Espa\u00f1a","description":"\u00bfDudas sobre Coppercoat? Contacta con Ambientech, distribuidor oficial en Espa\u00f1a. Te asesoramos sobre la mejor protecci\u00f3n para el casco de tu barco.","robots":{"index":"index","follow":"follow","max-snippet":"max-snippet:-1","max-image-preview":"max-image-preview:large","max-video-preview":"max-video-preview:-1"},"canonical":"https:\/\/ambientech.es\/es\/contact\/","og_locale":"es_ES","og_type":"article","og_title":"Contacto Ambientech | Distribuidor Coppercoat en Espa\u00f1a","og_description":"\u00bfDudas sobre Coppercoat? Contacta con Ambientech, distribuidor oficial en Espa\u00f1a. Te asesoramos sobre la mejor protecci\u00f3n para el casco de tu barco.","og_url":"https:\/\/ambientech.es\/es\/contact\/","og_site_name":"ambientech.es","article_publisher":"https:\/\/www.facebook.com\/coppercoatspainambientech","article_modified_time":"2026-04-10T08:08:42+00:00","twitter_card":"summary_large_image","twitter_misc":{"Tiempo de lectura":"1 minuto"},"schema":{"@context":"https:\/\/schema.org","@graph":[{"@type":"WebPage","@id":"https:\/\/ambientech.es\/contact\/","url":"https:\/\/ambientech.es\/contact\/","name":"Contacto Ambientech | Distribuidor Coppercoat en Espa\u00f1a","isPartOf":{"@id":"https:\/\/ambientech.es\/#website"},"datePublished":"2026-01-21T11:42:16+00:00","dateModified":"2026-04-10T08:08:42+00:00","description":"\u00bfDudas sobre Coppercoat? Contacta con Ambientech, distribuidor oficial en Espa\u00f1a. Te asesoramos sobre la mejor protecci\u00f3n para el casco de tu barco.","breadcrumb":{"@id":"https:\/\/ambientech.es\/contact\/#breadcrumb"},"inLanguage":"es","potentialAction":[{"@type":"ReadAction","target":["https:\/\/ambientech.es\/contact\/"]}]},{"@type":"BreadcrumbList","@id":"https:\/\/ambientech.es\/contact\/#breadcrumb","itemListElement":[{"@type":"ListItem","position":1,"name":"Home","item":"https:\/\/ambientech.es\/"},{"@type":"ListItem","position":2,"name":"Contact"}]},{"@type":"WebSite","@id":"https:\/\/ambientech.es\/#website","url":"https:\/\/ambientech.es\/","name":"lino-ciervo-260681.hostingersite.com","description":"","publisher":{"@id":"https:\/\/ambientech.es\/#organization"},"potentialAction":[{"@type":"SearchAction","target":{"@type":"EntryPoint","urlTemplate":"https:\/\/ambientech.es\/?s={search_term_string}"},"query-input":{"@type":"PropertyValueSpecification","valueRequired":true,"valueName":"search_term_string"}}],"inLanguage":"es"},{"@type":"Organization","@id":"https:\/\/ambientech.es\/#organization","name":"lino-ciervo-260681.hostingersite.com","url":"https:\/\/ambientech.es\/","logo":{"@type":"ImageObject","inLanguage":"es","@id":"https:\/\/ambientech.es\/#\/schema\/logo\/image\/","url":"https:\/\/ambientech.es\/wp-content\/uploads\/2026\/02\/new-logo-ambientech.png","contentUrl":"https:\/\/ambientech.es\/wp-content\/uploads\/2026\/02\/new-logo-ambientech.png","width":2560,"height":414,"caption":"ambientech.es"},"image":{"@id":"https:\/\/ambientech.es\/#\/schema\/logo\/image\/"},"sameAs":["https:\/\/www.facebook.com\/coppercoatspainambientech","https:\/\/www.instagram.com\/coppercoatspain\/"]}]}},"uagb_featured_image_src":{"full":false,"thumbnail":false,"medium":false,"medium_large":false,"large":false,"1536x1536":false,"2048x2048":false,"trp-custom-language-flag":false,"woocommerce_thumbnail":false,"woocommerce_single":false,"woocommerce_gallery_thumbnail":false},"uagb_author_info":{"display_name":"b b","author_link":"https:\/\/ambientech.es\/es\/author\/infogrupocato-com\/"},"uagb_comment_info":0,"uagb_excerpt":"Contact Us Ambientech provides professional support to vessel owners, shipyards and commercial fleet operators throughout Spain. Whether you require a detailed quotation for a COPPERCOAT application or guidance on local distribution, our team is ready to assist you . Follow Us:","_links":{"self":[{"href":"https:\/\/ambientech.es\/es\/wp-json\/wp\/v2\/pages\/1441","targetHints":{"allow":["GET"]}}],"collection":[{"href":"https:\/\/ambientech.es\/es\/wp-json\/wp\/v2\/pages"}],"about":[{"href":"https:\/\/ambientech.es\/es\/wp-json\/wp\/v2\/types\/page"}],"author":[{"embeddable":true,"href":"https:\/\/ambientech.es\/es\/wp-json\/wp\/v2\/users\/1"}],"replies":[{"embeddable":true,"href":"https:\/\/ambientech.es\/es\/wp-json\/wp\/v2\/comments?post=1441"}],"version-history":[{"count":22,"href":"https:\/\/ambientech.es\/es\/wp-json\/wp\/v2\/pages\/1441\/revisions"}],"predecessor-version":[{"id":3338,"href":"https:\/\/ambientech.es\/es\/wp-json\/wp\/v2\/pages\/1441\/revisions\/3338"}],"wp:attachment":[{"href":"https:\/\/ambientech.es\/es\/wp-json\/wp\/v2\/media?parent=1441"}],"curies":[{"name":"wp","href":"https:\/\/api.w.org\/{rel}","templated":true}]}}