{"id":1826,"date":"2026-01-22T09:18:22","date_gmt":"2026-01-22T09:18:22","guid":{"rendered":"https:\/\/ambientech.es\/coppercoat\/"},"modified":"2026-03-26T17:20:29","modified_gmt":"2026-03-26T16:20:29","slug":"coppercoat-ventajas","status":"publish","type":"page","link":"https:\/\/ambientech.es\/es\/coppercoat-ventajas\/","title":{"rendered":"Ventajas"},"content":{"rendered":"<div class=\"wp-block-uagb-container uagb-block-e0239942 alignfull uagb-is-root-container\">\n<div class=\"wp-block-uagb-advanced-heading uagb-block-76b1a450\"><h1 class=\"uagb-heading-text\"><strong>COPPERCOAT: Sistema antiincrustante de cobre y epoxi de alto rendimiento<\/strong><\/h1><div class=\"uagb-separator\"><\/div><\/div>\n\n\n\n<p style=\"padding-top:0;padding-right:var(--wp--preset--spacing--20);padding-bottom:0;padding-left:var(--wp--preset--spacing--20)\">Coppercoat es un sistema de protecci\u00f3n subacu\u00e1tica a largo plazo para cascos, dise\u00f1ado para proporcionar una protecci\u00f3n antiincrustante eficaz durante 10 a\u00f1os o m\u00e1s. Al suspender una alta concentraci\u00f3n de polvo de cobre puro en una resina epoxi especializada, Coppercoat forma una barrera duradera y no lixiviante que protege el casco y mantiene su eficiencia hidrodin\u00e1mica.<\/p>\n\n\n\n<p>A diferencia de las pinturas ablativas tradicionales, que se erosionan y liberan continuamente biocidas en el agua, la matriz epoxi estable de Coppercoat encapsula permanentemente el cobre, garantizando una durabilidad prolongada y un rendimiento respetuoso con el medio ambiente.<\/p>\n\n\n\n<div class=\"wp-block-uagb-buttons uagb-buttons__outer-wrap uagb-btn__default-btn uagb-btn-tablet__default-btn uagb-btn-mobile__default-btn uagb-block-e7d38809\"><div class=\"uagb-buttons__wrap uagb-buttons-layout-wrap\">\n<div class=\"wp-block-uagb-buttons-child uagb-buttons__outer-wrap uagb-block-432e43ac wp-block-button\"><div class=\"uagb-button__wrapper\"><a class=\"uagb-buttons-repeater wp-block-button__link\" aria-label=\"\" href=\"https:\/\/ambientech.es\/es\/shop\/\" rel=\"follow noopener\" target=\"_self\" role=\"button\"><div class=\"uagb-button__link\">Realiza tu pedido<\/div><\/a><\/div><\/div>\n<\/div><\/div>\n<\/div>\n\n\n\n<div class=\"wp-block-uagb-container uagb-block-cb9e5b8e alignfull uagb-is-root-container\"><div class=\"uagb-container-inner-blocks-wrap\">\n<div class=\"wp-block-uagb-container uagb-block-bbf7db02\">\n<h3 class=\"wp-block-heading\" style=\"font-size:25px\">1. Eficiencia econ\u00f3mica a largo plazo<\/h3>\n\n\n\n<p>Coppercoat es una de las soluciones antiincrustantes m\u00e1s rentables a largo plazo. Aunque el coste inicial del material es comparable al de las pinturas convencionales de alta calidad, el sistema elimina la necesidad de repintado anual y reduce significativamente la frecuencia de los varados.<\/p>\n\n\n\n<h3 class=\"wp-block-heading\" style=\"font-size:25px\">2. Protecci\u00f3n integrada del casco<\/h3>\n\n\n\n<p>La base epoxi impermeable proporciona una doble protecci\u00f3n:<\/p>\n\n\n\n<ul class=\"wp-block-list\">\n<li><strong>Cascos de PRFV:\u200e\u2004<\/strong>Act\u00faa como barrera contra la entrada de agua y la \u00f3smosis.<\/li>\n\n\n\n<li><strong>Otros materiales del casco:\u200e\u2004<\/strong>Ofrece una mayor protecci\u00f3n mec\u00e1nica frente a la abrasi\u00f3n y los da\u00f1os por impacto.<\/li>\n<\/ul>\n<\/div>\n\n\n\n<div class=\"wp-block-uagb-container uagb-block-1e86a77f\">\n<div class=\"wp-block-uagb-image uagb-block-2ebab647 wp-block-uagb-image--layout-default wp-block-uagb-image--effect-static wp-block-uagb-image--align-none\"><figure class=\"wp-block-uagb-image__figure\"><img decoding=\"async\" srcset=\"https:\/\/ambientech.es\/wp-content\/uploads\/2026\/01\/the-future-of-boat-antifouling-is-coppercoat-1024x768.jpeg ,https:\/\/ambientech.es\/wp-content\/uploads\/2026\/01\/the-future-of-boat-antifouling-is-coppercoat.jpeg 780w, https:\/\/ambientech.es\/wp-content\/uploads\/2026\/01\/the-future-of-boat-antifouling-is-coppercoat.jpeg 360w\" sizes=\"auto, (max-width: 480px) 150px\" src=\"https:\/\/ambientech.es\/wp-content\/uploads\/2026\/01\/the-future-of-boat-antifouling-is-coppercoat-1024x768.jpeg\" alt=\"\" class=\"uag-image-1842\" width=\"1024\" height=\"768\" title=\"3 barcos en Dickies 2\" loading=\"lazy\" role=\"img\"\/><\/figure><\/div>\n<\/div>\n<\/div><\/div>\n\n\n\n<div class=\"wp-block-uagb-container uagb-block-2ca8f47b alignfull uagb-is-root-container\"><div class=\"uagb-container-inner-blocks-wrap\">\n<div class=\"wp-block-uagb-container uagb-block-b0bb57ed\">\n<div class=\"wp-block-uagb-image uagb-block-d5ea1a4d wp-block-uagb-image--layout-default wp-block-uagb-image--effect-static wp-block-uagb-image--align-none\"><figure class=\"wp-block-uagb-image__figure\"><img decoding=\"async\" srcset=\"https:\/\/ambientech.es\/wp-content\/uploads\/2026\/01\/ambientech-marine-surface-engineering-and-protection-681x1024.jpg ,https:\/\/ambientech.es\/wp-content\/uploads\/2026\/01\/ambientech-marine-surface-engineering-and-protection.jpg 780w, https:\/\/ambientech.es\/wp-content\/uploads\/2026\/01\/ambientech-marine-surface-engineering-and-protection.jpg 360w\" sizes=\"auto, (max-width: 480px) 150px\" src=\"https:\/\/ambientech.es\/wp-content\/uploads\/2026\/01\/ambientech-marine-surface-engineering-and-protection-681x1024.jpg\" alt=\"\" class=\"uag-image-1849\" width=\"389\" height=\"584\" title=\"Ostra\" loading=\"lazy\" role=\"img\"\/><\/figure><\/div>\n<\/div>\n\n\n\n<div class=\"wp-block-uagb-container uagb-block-f8064b5b\">\n<h3 class=\"wp-block-heading\" style=\"font-size:25px\">3. Durabilidad durante el almacenamiento y el transporte<\/h3>\n\n\n\n<p>A diferencia de las pinturas antiincrustantes ablativas convencionales o \u201cblandas\u201d, Coppercoat no se degrada al exponerse al aire.<\/p>\n\n\n\n<ul class=\"wp-block-list\">\n<li><strong>Almacenamiento invernal<\/strong>: No se produce calcificaci\u00f3n ni p\u00e9rdida de eficacia durante periodos prolongados en seco.<\/li>\n\n\n\n<li><strong>Remolque<\/strong>: La superficie dura permanece intacta sobre rodillos y no se desgasta.<\/li>\n\n\n\n<li><strong>Izado:<\/strong> Una vez completamente curado, el recubrimiento resiste los da\u00f1os causados por las eslingas de gr\u00faa y ofrece propiedades antideslizantes que mejoran la seguridad durante la manipulaci\u00f3n.<\/li>\n<\/ul>\n\n\n\n<h3 class=\"wp-block-heading\" style=\"font-size:25px\">4. Aplicaci\u00f3n y reparaci\u00f3n<\/h3>\n\n\n\n<ul class=\"wp-block-list\">\n<li><strong>Compatible con bricolaje:<\/strong> Adecuado tanto para astilleros profesionales como para propietarios particulares cuando se aplica conforme a las instrucciones.<\/li>\n\n\n\n<li><strong>Facilidad de reparaci\u00f3n:<\/strong> Los da\u00f1os localizados pueden repararse sin necesidad de decapar todo el casco.<\/li>\n\n\n\n<li><strong>Compatibilidad:<\/strong> A diferencia de muchos recubrimientos a base de silicona, Coppercoat puede lijarse y recubrirse con otros sistemas si es necesario.<\/li>\n<\/ul>\n<\/div>\n<\/div><\/div>\n\n\n\n<div class=\"wp-block-uagb-container uagb-block-3ed277be alignfull uagb-is-root-container\"><div class=\"uagb-container-inner-blocks-wrap\">\n<div class=\"wp-block-uagb-advanced-heading uagb-block-532ba73c\"><h2 class=\"uagb-heading-text\">Historial de Rendimiento Comprobado de 30 a\u00f1os<\/h2><div class=\"uagb-separator\"><\/div><\/div>\n\n\n\n<p>Coppercoat no es un producto experimental. Desarrollado en la d\u00e9cada de 1980 y disponible comercialmente desde 1991, se ha aplicado con \u00e9xito en decenas de miles de embarcaciones en todo el mundo.<\/p>\n\n\n\n<ul class=\"wp-block-list\">\n<li><strong>Longevidad verificada:<\/strong> Vida \u00fatil est\u00e1ndar de 10 a\u00f1os, con casos documentados que superan los 23 a\u00f1os sin necesidad de recubrimiento adicional.<\/li>\n\n\n\n<li><strong>Presencia continua en el mercado:<\/strong> Sigue siendo el \u00fanico producto de su fabricante desde 1991, probado tanto en aguas interiores como en mar abierto.<\/li>\n\n\n\n<li><strong>Uso global:<\/strong> Utilizado en competiciones profesionales (Vend\u00e9e Globe, Clipper Round the World Race) y en aplicaciones industriales exigentes.<\/li>\n<\/ul>\n<\/div><\/div>\n\n\n\n<div class=\"wp-block-uagb-container uagb-block-93e5db35 alignfull uagb-is-root-container\"><div class=\"uagb-container-inner-blocks-wrap\">\n<div class=\"wp-block-uagb-advanced-heading uagb-block-679f0e08\"><h3 class=\"uagb-heading-text\">Mantenimiento y Eficiencia Operativa<\/h3><div class=\"uagb-separator\"><\/div><\/div>\n\n\n\n<div class=\"wp-block-uagb-container uagb-block-6c7a12bd\">\n<div class=\"wp-block-uagb-container uagb-block-c91893e8\">\n<h3 class=\"wp-block-heading\" style=\"font-size:25px\">Rendimiento hidrodin\u00e1mico<\/h3>\n\n\n\n<p>El acabado epoxi duro permite obtener una superficie de casco m\u00e1s lisa que la de las pinturas tradicionales. Los operadores de embarcaciones a motor informan de mayores velocidades a bajas revoluciones, lo que se traduce en una reducci\u00f3n del consumo de combustible y del desgaste del motor. Para la navegaci\u00f3n de competici\u00f3n, la superficie puede pulirse hasta conseguir un acabado de alto brillo.<\/p>\n<\/div>\n\n\n\n<h3 class=\"wp-block-heading\" style=\"font-size:25px\">Requisitos de mantenimiento<\/h3>\n\n\n\n<p>Coppercoat elimina la necesidad de repintado anual, aunque requiere un mantenimiento b\u00e1sico:<\/p>\n\n\n\n<ul class=\"wp-block-list\">\n<li><strong>Limpieza anual:<\/strong> Lavado a presi\u00f3n o frotado ligero para eliminar la biopel\u00edcula.<\/li>\n\n\n\n<li><strong>Limpieza en el agua:<\/strong> Los percebes pueden retirarse con una esp\u00e1tula sin da\u00f1ar el recubrimiento.<\/li>\n\n\n\n<li><strong>Reactivaci\u00f3n:<\/strong> La superficie debe lijarse ligeramente con papel de grano 400 cada pocos a\u00f1os para exponer el cobre fresco.<\/li>\n<\/ul>\n\n\n\n<h3 class=\"wp-block-heading\" style=\"font-size:25px\">Impacto ambiental<\/h3>\n\n\n\n<p>Al eliminar el ciclo anual de erosi\u00f3n de la pintura, Coppercoat reduce significativamente la liberaci\u00f3n de biocidas t\u00f3xicos y residuos peligrosos en el medio marino. Su f\u00f3rmula de baja lixiviaci\u00f3n est\u00e1 dise\u00f1ada para cumplir con regulaciones ambientales cada vez m\u00e1s exigentes a nivel mundial.<\/p>\n\n\n\n<p><em><strong>Nota sobre el rendimiento inicial:<\/strong> La m\u00e1xima eficacia se alcanza tras la primera temporada, cuando la oxidaci\u00f3n natural forma la capa de \u00f3xido de cobre necesaria.<\/em><\/p>\n<\/div>\n\n\n\n<div class=\"wp-block-uagb-container uagb-block-3202cc52\">\n<div class=\"wp-block-uagb-image aligncenter uagb-block-21a59968 wp-block-uagb-image--layout-default wp-block-uagb-image--effect-static wp-block-uagb-image--align-center\"><figure class=\"wp-block-uagb-image__figure\"><img decoding=\"async\" srcset=\"https:\/\/ambientech.es\/wp-content\/uploads\/2026\/01\/IMG_78131-481x1024.jpg ,https:\/\/ambientech.es\/wp-content\/uploads\/2026\/01\/yacht-refit-and-long-term-antifouling-spain.jpg 780w, https:\/\/ambientech.es\/wp-content\/uploads\/2026\/01\/yacht-refit-and-long-term-antifouling-spain.jpg 360w\" sizes=\"auto, (max-width: 480px) 150px\" src=\"https:\/\/ambientech.es\/wp-content\/uploads\/2026\/01\/IMG_78131-481x1024.jpg\" alt=\"\" class=\"uag-image-1879\" width=\"457\" height=\"800\" title=\"Imagen_7813(1)\" loading=\"lazy\" role=\"img\"\/><\/figure><\/div>\n<\/div>\n<\/div><\/div>","protected":false},"excerpt":{"rendered":"<p>Coppercoat: High-Performance Copper-Epoxy Antifouling System Coppercoat is a long-term underwater hull protection system designed to provide effective antifouling for 10 years or more. By suspending a high concentration of pure copper powder within a specialised epoxy resin, Coppercoat forms a durable, non-leaching barrier that protects the hull while maintaining hydrodynamic efficiency. Unlike traditional ablative paints [&hellip;]<\/p>\n","protected":false},"author":1,"featured_media":0,"parent":0,"menu_order":0,"comment_status":"closed","ping_status":"closed","template":"","meta":{"_uag_custom_page_level_css":"","site-sidebar-layout":"default","site-content-layout":"","ast-site-content-layout":"default","site-content-style":"default","site-sidebar-style":"default","ast-global-header-display":"","ast-banner-title-visibility":"","ast-main-header-display":"","ast-hfb-above-header-display":"","ast-hfb-below-header-display":"","ast-hfb-mobile-header-display":"","site-post-title":"disabled","ast-breadcrumbs-content":"","ast-featured-img":"","footer-sml-layout":"","ast-disable-related-posts":"","theme-transparent-header-meta":"","adv-header-id-meta":"","stick-header-meta":"","header-above-stick-meta":"","header-main-stick-meta":"","header-below-stick-meta":"","astra-migrate-meta-layouts":"set","ast-page-background-enabled":"default","ast-page-background-meta":{"desktop":{"background-color":"var(--ast-global-color-4)","background-image":"","background-repeat":"repeat","background-position":"center center","background-size":"auto","background-attachment":"scroll","background-type":"","background-media":"","overlay-type":"","overlay-color":"","overlay-opacity":"","overlay-gradient":""},"tablet":{"background-color":"","background-image":"","background-repeat":"repeat","background-position":"center center","background-size":"auto","background-attachment":"scroll","background-type":"","background-media":"","overlay-type":"","overlay-color":"","overlay-opacity":"","overlay-gradient":""},"mobile":{"background-color":"","background-image":"","background-repeat":"repeat","background-position":"center center","background-size":"auto","background-attachment":"scroll","background-type":"","background-media":"","overlay-type":"","overlay-color":"","overlay-opacity":"","overlay-gradient":""}},"ast-content-background-meta":{"desktop":{"background-color":"var(--ast-global-color-5)","background-image":"","background-repeat":"repeat","background-position":"center center","background-size":"auto","background-attachment":"scroll","background-type":"","background-media":"","overlay-type":"","overlay-color":"","overlay-opacity":"","overlay-gradient":""},"tablet":{"background-color":"var(--ast-global-color-5)","background-image":"","background-repeat":"repeat","background-position":"center center","background-size":"auto","background-attachment":"scroll","background-type":"","background-media":"","overlay-type":"","overlay-color":"","overlay-opacity":"","overlay-gradient":""},"mobile":{"background-color":"var(--ast-global-color-5)","background-image":"","background-repeat":"repeat","background-position":"center center","background-size":"auto","background-attachment":"scroll","background-type":"","background-media":"","overlay-type":"","overlay-color":"","overlay-opacity":"","overlay-gradient":""}},"footnotes":""},"class_list":["post-1826","page","type-page","status-publish","hentry"],"yoast_head":"<!-- This site is optimized with the Yoast SEO plugin v27.4 - https:\/\/yoast.com\/product\/yoast-seo-wordpress\/ -->\n<title>Ventajas de Coppercoat | 10+ A\u00f1os Sin Repintar el Casco<\/title>\n<meta name=\"description\" content=\"Ahorra tiempo y dinero con Coppercoat: sin lijado anual, sin biocidas en el agua y mayor rendimiento hidrodin\u00e1mico.\" \/>\n<meta name=\"robots\" content=\"index, follow, max-snippet:-1, max-image-preview:large, max-video-preview:-1\" \/>\n<link rel=\"canonical\" href=\"https:\/\/ambientech.es\/es\/coppercoat-ventajas\/\" \/>\n<meta property=\"og:locale\" content=\"es_ES\" \/>\n<meta property=\"og:type\" content=\"article\" \/>\n<meta property=\"og:title\" content=\"Ventajas de Coppercoat | 10+ A\u00f1os Sin Repintar el Casco\" \/>\n<meta property=\"og:description\" content=\"Ahorra tiempo y dinero con Coppercoat: sin lijado anual, sin biocidas en el agua y mayor rendimiento hidrodin\u00e1mico.\" \/>\n<meta property=\"og:url\" content=\"https:\/\/ambientech.es\/es\/coppercoat-ventajas\/\" \/>\n<meta property=\"og:site_name\" content=\"ambientech.es\" \/>\n<meta property=\"article:publisher\" content=\"https:\/\/www.facebook.com\/coppercoatspainambientech\" \/>\n<meta property=\"article:modified_time\" content=\"2026-03-26T16:20:29+00:00\" \/>\n<meta property=\"og:image\" content=\"https:\/\/ambientech.es\/wp-content\/uploads\/2026\/01\/the-future-of-boat-antifouling-is-coppercoat-1024x768.jpeg\" \/>\n<meta name=\"twitter:card\" content=\"summary_large_image\" \/>\n<meta name=\"twitter:label1\" content=\"Tiempo de lectura\" \/>\n\t<meta name=\"twitter:data1\" content=\"3 minutos\" \/>\n<script type=\"application\/ld+json\" class=\"yoast-schema-graph\">{\"@context\":\"https:\\\/\\\/schema.org\",\"@graph\":[{\"@type\":\"WebPage\",\"@id\":\"https:\\\/\\\/ambientech.es\\\/coppercoat-ventajas\\\/\",\"url\":\"https:\\\/\\\/ambientech.es\\\/coppercoat-ventajas\\\/\",\"name\":\"Ventajas de Coppercoat | 10+ A\u00f1os Sin Repintar el Casco\",\"isPartOf\":{\"@id\":\"https:\\\/\\\/ambientech.es\\\/#website\"},\"primaryImageOfPage\":{\"@id\":\"https:\\\/\\\/ambientech.es\\\/coppercoat-ventajas\\\/#primaryimage\"},\"image\":{\"@id\":\"https:\\\/\\\/ambientech.es\\\/coppercoat-ventajas\\\/#primaryimage\"},\"thumbnailUrl\":\"https:\\\/\\\/ambientech.es\\\/wp-content\\\/uploads\\\/2026\\\/01\\\/the-future-of-boat-antifouling-is-coppercoat-1024x768.jpeg\",\"datePublished\":\"2026-01-22T09:18:22+00:00\",\"dateModified\":\"2026-03-26T16:20:29+00:00\",\"description\":\"Ahorra tiempo y dinero con Coppercoat: sin lijado anual, sin biocidas en el agua y mayor rendimiento hidrodin\u00e1mico.\",\"breadcrumb\":{\"@id\":\"https:\\\/\\\/ambientech.es\\\/coppercoat-ventajas\\\/#breadcrumb\"},\"inLanguage\":\"es\",\"potentialAction\":[{\"@type\":\"ReadAction\",\"target\":[\"https:\\\/\\\/ambientech.es\\\/coppercoat-ventajas\\\/\"]}]},{\"@type\":\"ImageObject\",\"inLanguage\":\"es\",\"@id\":\"https:\\\/\\\/ambientech.es\\\/coppercoat-ventajas\\\/#primaryimage\",\"url\":\"https:\\\/\\\/ambientech.es\\\/wp-content\\\/uploads\\\/2026\\\/01\\\/the-future-of-boat-antifouling-is-coppercoat-1024x768.jpeg\",\"contentUrl\":\"https:\\\/\\\/ambientech.es\\\/wp-content\\\/uploads\\\/2026\\\/01\\\/the-future-of-boat-antifouling-is-coppercoat-1024x768.jpeg\"},{\"@type\":\"BreadcrumbList\",\"@id\":\"https:\\\/\\\/ambientech.es\\\/coppercoat-ventajas\\\/#breadcrumb\",\"itemListElement\":[{\"@type\":\"ListItem\",\"position\":1,\"name\":\"Home\",\"item\":\"https:\\\/\\\/ambientech.es\\\/\"},{\"@type\":\"ListItem\",\"position\":2,\"name\":\"Advantages\"}]},{\"@type\":\"WebSite\",\"@id\":\"https:\\\/\\\/ambientech.es\\\/#website\",\"url\":\"https:\\\/\\\/ambientech.es\\\/\",\"name\":\"ambientech.es\",\"description\":\"\",\"publisher\":{\"@id\":\"https:\\\/\\\/ambientech.es\\\/#organization\"},\"potentialAction\":[{\"@type\":\"SearchAction\",\"target\":{\"@type\":\"EntryPoint\",\"urlTemplate\":\"https:\\\/\\\/ambientech.es\\\/?s={search_term_string}\"},\"query-input\":{\"@type\":\"PropertyValueSpecification\",\"valueRequired\":true,\"valueName\":\"search_term_string\"}}],\"inLanguage\":\"es\"},{\"@type\":\"Organization\",\"@id\":\"https:\\\/\\\/ambientech.es\\\/#organization\",\"name\":\"ambientech.es\",\"url\":\"https:\\\/\\\/ambientech.es\\\/\",\"logo\":{\"@type\":\"ImageObject\",\"inLanguage\":\"es\",\"@id\":\"https:\\\/\\\/ambientech.es\\\/#\\\/schema\\\/logo\\\/image\\\/\",\"url\":\"https:\\\/\\\/ambientech.es\\\/wp-content\\\/uploads\\\/2026\\\/02\\\/new-logo-ambientech.png\",\"contentUrl\":\"https:\\\/\\\/ambientech.es\\\/wp-content\\\/uploads\\\/2026\\\/02\\\/new-logo-ambientech.png\",\"width\":2560,\"height\":414,\"caption\":\"ambientech.es\"},\"image\":{\"@id\":\"https:\\\/\\\/ambientech.es\\\/#\\\/schema\\\/logo\\\/image\\\/\"},\"sameAs\":[\"https:\\\/\\\/www.facebook.com\\\/coppercoatspainambientech\",\"https:\\\/\\\/www.instagram.com\\\/coppercoatspain\\\/\"]}]}<\/script>\n<!-- \/ Yoast SEO plugin. -->","yoast_head_json":{"title":"Ventajas de Coppercoat | 10+ A\u00f1os Sin Repintar el Casco","description":"Ahorra tiempo y dinero con Coppercoat: sin lijado anual, sin biocidas en el agua y mayor rendimiento hidrodin\u00e1mico.","robots":{"index":"index","follow":"follow","max-snippet":"max-snippet:-1","max-image-preview":"max-image-preview:large","max-video-preview":"max-video-preview:-1"},"canonical":"https:\/\/ambientech.es\/es\/coppercoat-ventajas\/","og_locale":"es_ES","og_type":"article","og_title":"Ventajas de Coppercoat | 10+ A\u00f1os Sin Repintar el Casco","og_description":"Ahorra tiempo y dinero con Coppercoat: sin lijado anual, sin biocidas en el agua y mayor rendimiento hidrodin\u00e1mico.","og_url":"https:\/\/ambientech.es\/es\/coppercoat-ventajas\/","og_site_name":"ambientech.es","article_publisher":"https:\/\/www.facebook.com\/coppercoatspainambientech","article_modified_time":"2026-03-26T16:20:29+00:00","og_image":[{"url":"https:\/\/ambientech.es\/wp-content\/uploads\/2026\/01\/the-future-of-boat-antifouling-is-coppercoat-1024x768.jpeg","type":"","width":"","height":""}],"twitter_card":"summary_large_image","twitter_misc":{"Tiempo de lectura":"3 minutos"},"schema":{"@context":"https:\/\/schema.org","@graph":[{"@type":"WebPage","@id":"https:\/\/ambientech.es\/coppercoat-ventajas\/","url":"https:\/\/ambientech.es\/coppercoat-ventajas\/","name":"Ventajas de Coppercoat | 10+ A\u00f1os Sin Repintar el Casco","isPartOf":{"@id":"https:\/\/ambientech.es\/#website"},"primaryImageOfPage":{"@id":"https:\/\/ambientech.es\/coppercoat-ventajas\/#primaryimage"},"image":{"@id":"https:\/\/ambientech.es\/coppercoat-ventajas\/#primaryimage"},"thumbnailUrl":"https:\/\/ambientech.es\/wp-content\/uploads\/2026\/01\/the-future-of-boat-antifouling-is-coppercoat-1024x768.jpeg","datePublished":"2026-01-22T09:18:22+00:00","dateModified":"2026-03-26T16:20:29+00:00","description":"Ahorra tiempo y dinero con Coppercoat: sin lijado anual, sin biocidas en el agua y mayor rendimiento hidrodin\u00e1mico.","breadcrumb":{"@id":"https:\/\/ambientech.es\/coppercoat-ventajas\/#breadcrumb"},"inLanguage":"es","potentialAction":[{"@type":"ReadAction","target":["https:\/\/ambientech.es\/coppercoat-ventajas\/"]}]},{"@type":"ImageObject","inLanguage":"es","@id":"https:\/\/ambientech.es\/coppercoat-ventajas\/#primaryimage","url":"https:\/\/ambientech.es\/wp-content\/uploads\/2026\/01\/the-future-of-boat-antifouling-is-coppercoat-1024x768.jpeg","contentUrl":"https:\/\/ambientech.es\/wp-content\/uploads\/2026\/01\/the-future-of-boat-antifouling-is-coppercoat-1024x768.jpeg"},{"@type":"BreadcrumbList","@id":"https:\/\/ambientech.es\/coppercoat-ventajas\/#breadcrumb","itemListElement":[{"@type":"ListItem","position":1,"name":"Home","item":"https:\/\/ambientech.es\/"},{"@type":"ListItem","position":2,"name":"Advantages"}]},{"@type":"WebSite","@id":"https:\/\/ambientech.es\/#website","url":"https:\/\/ambientech.es\/","name":"lino-ciervo-260681.hostingersite.com","description":"","publisher":{"@id":"https:\/\/ambientech.es\/#organization"},"potentialAction":[{"@type":"SearchAction","target":{"@type":"EntryPoint","urlTemplate":"https:\/\/ambientech.es\/?s={search_term_string}"},"query-input":{"@type":"PropertyValueSpecification","valueRequired":true,"valueName":"search_term_string"}}],"inLanguage":"es"},{"@type":"Organization","@id":"https:\/\/ambientech.es\/#organization","name":"lino-ciervo-260681.hostingersite.com","url":"https:\/\/ambientech.es\/","logo":{"@type":"ImageObject","inLanguage":"es","@id":"https:\/\/ambientech.es\/#\/schema\/logo\/image\/","url":"https:\/\/ambientech.es\/wp-content\/uploads\/2026\/02\/new-logo-ambientech.png","contentUrl":"https:\/\/ambientech.es\/wp-content\/uploads\/2026\/02\/new-logo-ambientech.png","width":2560,"height":414,"caption":"ambientech.es"},"image":{"@id":"https:\/\/ambientech.es\/#\/schema\/logo\/image\/"},"sameAs":["https:\/\/www.facebook.com\/coppercoatspainambientech","https:\/\/www.instagram.com\/coppercoatspain\/"]}]}},"uagb_featured_image_src":{"full":false,"thumbnail":false,"medium":false,"medium_large":false,"large":false,"1536x1536":false,"2048x2048":false,"trp-custom-language-flag":false,"woocommerce_thumbnail":false,"woocommerce_single":false,"woocommerce_gallery_thumbnail":false},"uagb_author_info":{"display_name":"b b","author_link":"https:\/\/ambientech.es\/es\/author\/infogrupocato-com\/"},"uagb_comment_info":0,"uagb_excerpt":"Coppercoat: High-Performance Copper-Epoxy Antifouling System Coppercoat is a long-term underwater hull protection system designed to provide effective antifouling for 10 years or more. By suspending a high concentration of pure copper powder within a specialised epoxy resin, Coppercoat forms a durable, non-leaching barrier that protects the hull while maintaining hydrodynamic efficiency. Unlike traditional ablative paints&hellip;","_links":{"self":[{"href":"https:\/\/ambientech.es\/es\/wp-json\/wp\/v2\/pages\/1826","targetHints":{"allow":["GET"]}}],"collection":[{"href":"https:\/\/ambientech.es\/es\/wp-json\/wp\/v2\/pages"}],"about":[{"href":"https:\/\/ambientech.es\/es\/wp-json\/wp\/v2\/types\/page"}],"author":[{"embeddable":true,"href":"https:\/\/ambientech.es\/es\/wp-json\/wp\/v2\/users\/1"}],"replies":[{"embeddable":true,"href":"https:\/\/ambientech.es\/es\/wp-json\/wp\/v2\/comments?post=1826"}],"version-history":[{"count":107,"href":"https:\/\/ambientech.es\/es\/wp-json\/wp\/v2\/pages\/1826\/revisions"}],"predecessor-version":[{"id":2883,"href":"https:\/\/ambientech.es\/es\/wp-json\/wp\/v2\/pages\/1826\/revisions\/2883"}],"wp:attachment":[{"href":"https:\/\/ambientech.es\/es\/wp-json\/wp\/v2\/media?parent=1826"}],"curies":[{"name":"wp","href":"https:\/\/api.w.org\/{rel}","templated":true}]}}