{"id":2132,"date":"2026-01-29T09:35:52","date_gmt":"2026-01-29T09:35:52","guid":{"rendered":"https:\/\/ambientech.es\/?page_id=2132"},"modified":"2026-03-26T17:21:37","modified_gmt":"2026-03-26T16:21:37","slug":"how-does-it-work","status":"publish","type":"page","link":"https:\/\/ambientech.es\/es\/how-does-it-work\/","title":{"rendered":"\u00bfC\u00f3mo funciona?"},"content":{"rendered":"<div class=\"wp-block-uagb-advanced-heading uagb-block-b0259463\"><h1 class=\"uagb-heading-text\"><strong>\u00bfC\u00f3mo funciona Coppercoat?<\/strong><\/h1><div class=\"uagb-separator\"><\/div><\/div>\n\n\n\n<div class=\"wp-block-uagb-container uagb-block-b1d2bb5c alignfull uagb-is-root-container\"><div class=\"uagb-container-inner-blocks-wrap\">\n<div class=\"wp-block-uagb-container uagb-block-a06b536c\">\n<p>La eficacia de COPPERCOAT se basa en un proceso qu\u00edmico continuo de cuatro etapas que se produce una vez que el casco se sumerge en el agua:<\/p>\n\n\n\n<ol start=\"1\" class=\"wp-block-list\">\n<li><strong>Oxidaci\u00f3n<\/strong>: El cobre reacciona con el agua de mar, formando <strong>\u00f3xido de cobre<\/strong>.<\/li>\n\n\n\n<li><strong>Transformaci\u00f3n<\/strong>: El \u00f3xido de cobre se convierte en <strong>cloruro de cobre<\/strong>.<\/li>\n\n\n\n<li><strong>Autolimpieza<\/strong>: Esta capa inestable se elimina gradualmente con el movimiento de la embarcaci\u00f3n, arrastrando la biopel\u00edcula y las incrustaciones iniciales.<\/li>\n\n\n\n<li><strong>Reactivaci\u00f3n<\/strong>: El epoxi fresco rico en cobre queda expuesto, reiniciando el ciclo.<\/li>\n<\/ol>\n<\/div>\n\n\n\n<figure class=\"wp-block-embed is-type-video is-provider-youtube wp-block-embed-youtube wp-embed-aspect-16-9 wp-has-aspect-ratio\"><div class=\"wp-block-embed__wrapper\">\n<iframe loading=\"lazy\" title=\"V\u00eddeo Aplicaci\u00f3n Coppercoat Costa Blanca Yacht Services Torrevieja\" width=\"500\" height=\"281\" src=\"https:\/\/www.youtube.com\/embed\/6TThwENKOrc?start=3&#038;feature=oembed\" frameborder=\"0\" allow=\"accelerometer; autoplay; clipboard-write; encrypted-media; gyroscope; picture-in-picture; web-share\" referrerpolicy=\"strict-origin-when-cross-origin\" allowfullscreen><\/iframe>\n<\/div><\/figure>\n<\/div><\/div>\n\n\n\n<div class=\"wp-block-uagb-container uagb-block-19cad279 alignfull uagb-is-root-container\"><div class=\"uagb-container-inner-blocks-wrap\">\n<h3 class=\"wp-block-heading has-text-align-left\" style=\"font-size:25px\"><strong><strong>Durabilidad a largo plazo y protecci\u00f3n contra la electr\u00f3lisis<\/strong><\/strong><\/h3>\n<\/div><\/div>\n\n\n\n<div class=\"wp-block-uagb-container uagb-block-f6c4d6ad alignfull uagb-is-root-container\"><div class=\"uagb-container-inner-blocks-wrap\">\n<div class=\"wp-block-uagb-container uagb-block-67984185\">\n<figure class=\"wp-block-embed is-type-video is-provider-youtube wp-block-embed-youtube wp-embed-aspect-16-9 wp-has-aspect-ratio\"><div class=\"wp-block-embed__wrapper\">\n<iframe loading=\"lazy\" title=\"Episodio 5 de Boat Doctor: &#039;15 a\u00f1os de coppercoat&#039;&#039;\" width=\"500\" height=\"281\" src=\"https:\/\/www.youtube.com\/embed\/qLuUdsdH5Dk?list=PL75Xdncox3gsf7Riii5pgeiZocivfSRRV\" frameborder=\"0\" allow=\"accelerometer; autoplay; clipboard-write; encrypted-media; gyroscope; picture-in-picture; web-share\" referrerpolicy=\"strict-origin-when-cross-origin\" allowfullscreen><\/iframe>\n<\/div><\/figure>\n<\/div>\n\n\n\n<div class=\"wp-block-uagb-container uagb-block-b8721613\">\n<p>Con un espesor aplicado promedio de 250 micrones y una tasa de corrosi\u00f3n de menos de 10 micrones por a\u00f1o, COPPERCOAT ofrece protecci\u00f3n confiable durante m\u00e1s de una d\u00e9cada.<\/p>\n\n\n\n<p>La resina epoxi sin disolventes proporciona beneficios adicionales:<\/p>\n\n\n\n<ul class=\"wp-block-list\">\n<li><strong>Cascos de PRFV:<\/strong> Prevenci\u00f3n de la \u00f3smosis.<br><\/li>\n\n\n\n<li><strong>Cascos de acero:<\/strong> Mayor resistencia a la corrosi\u00f3n.<br><\/li>\n\n\n\n<li><strong>F\u00f3rmula no conductora:<\/strong> Previene la electr\u00f3lisis y no afecta los \u00e1nodos de sacrificio.<\/li>\n<\/ul>\n<\/div>\n<\/div><\/div>","protected":false},"excerpt":{"rendered":"<p>How Does Coppercoat Work? The effectiveness of COPPERCOAT is driven by a continuous four-stage chemical process once the hull is immersed: Long-Term Durability &amp; Electrolysis Protection With an average applied thickness of 250 microns and a corrosion rate of less than 10 microns per year, COPPERCOAT delivers reliable protection for well over a decade. The [&hellip;]<\/p>\n","protected":false},"author":1,"featured_media":0,"parent":0,"menu_order":0,"comment_status":"closed","ping_status":"closed","template":"","meta":{"_uag_custom_page_level_css":"","site-sidebar-layout":"default","site-content-layout":"","ast-site-content-layout":"default","site-content-style":"default","site-sidebar-style":"default","ast-global-header-display":"","ast-banner-title-visibility":"","ast-main-header-display":"","ast-hfb-above-header-display":"","ast-hfb-below-header-display":"","ast-hfb-mobile-header-display":"","site-post-title":"disabled","ast-breadcrumbs-content":"","ast-featured-img":"","footer-sml-layout":"","ast-disable-related-posts":"","theme-transparent-header-meta":"","adv-header-id-meta":"","stick-header-meta":"","header-above-stick-meta":"","header-main-stick-meta":"","header-below-stick-meta":"","astra-migrate-meta-layouts":"set","ast-page-background-enabled":"default","ast-page-background-meta":{"desktop":{"background-color":"var(--ast-global-color-4)","background-image":"","background-repeat":"repeat","background-position":"center center","background-size":"auto","background-attachment":"scroll","background-type":"","background-media":"","overlay-type":"","overlay-color":"","overlay-opacity":"","overlay-gradient":""},"tablet":{"background-color":"","background-image":"","background-repeat":"repeat","background-position":"center center","background-size":"auto","background-attachment":"scroll","background-type":"","background-media":"","overlay-type":"","overlay-color":"","overlay-opacity":"","overlay-gradient":""},"mobile":{"background-color":"","background-image":"","background-repeat":"repeat","background-position":"center center","background-size":"auto","background-attachment":"scroll","background-type":"","background-media":"","overlay-type":"","overlay-color":"","overlay-opacity":"","overlay-gradient":""}},"ast-content-background-meta":{"desktop":{"background-color":"var(--ast-global-color-5)","background-image":"","background-repeat":"repeat","background-position":"center center","background-size":"auto","background-attachment":"scroll","background-type":"","background-media":"","overlay-type":"","overlay-color":"","overlay-opacity":"","overlay-gradient":""},"tablet":{"background-color":"var(--ast-global-color-5)","background-image":"","background-repeat":"repeat","background-position":"center center","background-size":"auto","background-attachment":"scroll","background-type":"","background-media":"","overlay-type":"","overlay-color":"","overlay-opacity":"","overlay-gradient":""},"mobile":{"background-color":"var(--ast-global-color-5)","background-image":"","background-repeat":"repeat","background-position":"center center","background-size":"auto","background-attachment":"scroll","background-type":"","background-media":"","overlay-type":"","overlay-color":"","overlay-opacity":"","overlay-gradient":""}},"footnotes":""},"class_list":["post-2132","page","type-page","status-publish","hentry"],"yoast_head":"<!-- This site is optimized with the Yoast SEO plugin v27.4 - https:\/\/yoast.com\/product\/yoast-seo-wordpress\/ -->\n<title>C\u00f3mo Funciona Coppercoat | Antifouling Epoxi-Cobre<\/title>\n<meta name=\"description\" content=\"Coppercoat encapsula 2 kg de cobre puro por litro en resina epoxi sin solventes. No erosiona y protege el casco durante m\u00e1s de una d\u00e9cada.\" \/>\n<meta name=\"robots\" content=\"index, follow, max-snippet:-1, max-image-preview:large, max-video-preview:-1\" \/>\n<link rel=\"canonical\" href=\"https:\/\/ambientech.es\/es\/how-does-it-work\/\" \/>\n<meta property=\"og:locale\" content=\"es_ES\" \/>\n<meta property=\"og:type\" content=\"article\" \/>\n<meta property=\"og:title\" content=\"C\u00f3mo Funciona Coppercoat | Antifouling Epoxi-Cobre\" \/>\n<meta property=\"og:description\" content=\"Coppercoat encapsula 2 kg de cobre puro por litro en resina epoxi sin solventes. No erosiona y protege el casco durante m\u00e1s de una d\u00e9cada.\" \/>\n<meta property=\"og:url\" content=\"https:\/\/ambientech.es\/es\/how-does-it-work\/\" \/>\n<meta property=\"og:site_name\" content=\"ambientech.es\" \/>\n<meta property=\"article:publisher\" content=\"https:\/\/www.facebook.com\/coppercoatspainambientech\" \/>\n<meta property=\"article:modified_time\" content=\"2026-03-26T16:21:37+00:00\" \/>\n<meta name=\"twitter:card\" content=\"summary_large_image\" \/>\n<meta name=\"twitter:label1\" content=\"Tiempo de lectura\" \/>\n\t<meta name=\"twitter:data1\" content=\"1 minuto\" \/>\n<script type=\"application\/ld+json\" class=\"yoast-schema-graph\">{\"@context\":\"https:\\\/\\\/schema.org\",\"@graph\":[{\"@type\":\"WebPage\",\"@id\":\"https:\\\/\\\/ambientech.es\\\/how-does-it-work\\\/\",\"url\":\"https:\\\/\\\/ambientech.es\\\/how-does-it-work\\\/\",\"name\":\"C\u00f3mo Funciona Coppercoat | Antifouling Epoxi-Cobre\",\"isPartOf\":{\"@id\":\"https:\\\/\\\/ambientech.es\\\/#website\"},\"datePublished\":\"2026-01-29T09:35:52+00:00\",\"dateModified\":\"2026-03-26T16:21:37+00:00\",\"description\":\"Coppercoat encapsula 2 kg de cobre puro por litro en resina epoxi sin solventes. No erosiona y protege el casco durante m\u00e1s de una d\u00e9cada.\",\"breadcrumb\":{\"@id\":\"https:\\\/\\\/ambientech.es\\\/how-does-it-work\\\/#breadcrumb\"},\"inLanguage\":\"es\",\"potentialAction\":[{\"@type\":\"ReadAction\",\"target\":[\"https:\\\/\\\/ambientech.es\\\/how-does-it-work\\\/\"]}]},{\"@type\":\"BreadcrumbList\",\"@id\":\"https:\\\/\\\/ambientech.es\\\/how-does-it-work\\\/#breadcrumb\",\"itemListElement\":[{\"@type\":\"ListItem\",\"position\":1,\"name\":\"Home\",\"item\":\"https:\\\/\\\/ambientech.es\\\/\"},{\"@type\":\"ListItem\",\"position\":2,\"name\":\"How Does It Work?\"}]},{\"@type\":\"WebSite\",\"@id\":\"https:\\\/\\\/ambientech.es\\\/#website\",\"url\":\"https:\\\/\\\/ambientech.es\\\/\",\"name\":\"ambientech.es\",\"description\":\"\",\"publisher\":{\"@id\":\"https:\\\/\\\/ambientech.es\\\/#organization\"},\"potentialAction\":[{\"@type\":\"SearchAction\",\"target\":{\"@type\":\"EntryPoint\",\"urlTemplate\":\"https:\\\/\\\/ambientech.es\\\/?s={search_term_string}\"},\"query-input\":{\"@type\":\"PropertyValueSpecification\",\"valueRequired\":true,\"valueName\":\"search_term_string\"}}],\"inLanguage\":\"es\"},{\"@type\":\"Organization\",\"@id\":\"https:\\\/\\\/ambientech.es\\\/#organization\",\"name\":\"ambientech.es\",\"url\":\"https:\\\/\\\/ambientech.es\\\/\",\"logo\":{\"@type\":\"ImageObject\",\"inLanguage\":\"es\",\"@id\":\"https:\\\/\\\/ambientech.es\\\/#\\\/schema\\\/logo\\\/image\\\/\",\"url\":\"https:\\\/\\\/ambientech.es\\\/wp-content\\\/uploads\\\/2026\\\/02\\\/new-logo-ambientech.png\",\"contentUrl\":\"https:\\\/\\\/ambientech.es\\\/wp-content\\\/uploads\\\/2026\\\/02\\\/new-logo-ambientech.png\",\"width\":2560,\"height\":414,\"caption\":\"ambientech.es\"},\"image\":{\"@id\":\"https:\\\/\\\/ambientech.es\\\/#\\\/schema\\\/logo\\\/image\\\/\"},\"sameAs\":[\"https:\\\/\\\/www.facebook.com\\\/coppercoatspainambientech\",\"https:\\\/\\\/www.instagram.com\\\/coppercoatspain\\\/\"]}]}<\/script>\n<!-- \/ Yoast SEO plugin. -->","yoast_head_json":{"title":"C\u00f3mo Funciona Coppercoat | Antifouling Epoxi-Cobre","description":"Coppercoat encapsula 2 kg de cobre puro por litro en resina epoxi sin solventes. No erosiona y protege el casco durante m\u00e1s de una d\u00e9cada.","robots":{"index":"index","follow":"follow","max-snippet":"max-snippet:-1","max-image-preview":"max-image-preview:large","max-video-preview":"max-video-preview:-1"},"canonical":"https:\/\/ambientech.es\/es\/how-does-it-work\/","og_locale":"es_ES","og_type":"article","og_title":"C\u00f3mo Funciona Coppercoat | Antifouling Epoxi-Cobre","og_description":"Coppercoat encapsula 2 kg de cobre puro por litro en resina epoxi sin solventes. No erosiona y protege el casco durante m\u00e1s de una d\u00e9cada.","og_url":"https:\/\/ambientech.es\/es\/how-does-it-work\/","og_site_name":"ambientech.es","article_publisher":"https:\/\/www.facebook.com\/coppercoatspainambientech","article_modified_time":"2026-03-26T16:21:37+00:00","twitter_card":"summary_large_image","twitter_misc":{"Tiempo de lectura":"1 minuto"},"schema":{"@context":"https:\/\/schema.org","@graph":[{"@type":"WebPage","@id":"https:\/\/ambientech.es\/how-does-it-work\/","url":"https:\/\/ambientech.es\/how-does-it-work\/","name":"C\u00f3mo Funciona Coppercoat | Antifouling Epoxi-Cobre","isPartOf":{"@id":"https:\/\/ambientech.es\/#website"},"datePublished":"2026-01-29T09:35:52+00:00","dateModified":"2026-03-26T16:21:37+00:00","description":"Coppercoat encapsula 2 kg de cobre puro por litro en resina epoxi sin solventes. No erosiona y protege el casco durante m\u00e1s de una d\u00e9cada.","breadcrumb":{"@id":"https:\/\/ambientech.es\/how-does-it-work\/#breadcrumb"},"inLanguage":"es","potentialAction":[{"@type":"ReadAction","target":["https:\/\/ambientech.es\/how-does-it-work\/"]}]},{"@type":"BreadcrumbList","@id":"https:\/\/ambientech.es\/how-does-it-work\/#breadcrumb","itemListElement":[{"@type":"ListItem","position":1,"name":"Home","item":"https:\/\/ambientech.es\/"},{"@type":"ListItem","position":2,"name":"How Does It Work?"}]},{"@type":"WebSite","@id":"https:\/\/ambientech.es\/#website","url":"https:\/\/ambientech.es\/","name":"lino-ciervo-260681.hostingersite.com","description":"","publisher":{"@id":"https:\/\/ambientech.es\/#organization"},"potentialAction":[{"@type":"SearchAction","target":{"@type":"EntryPoint","urlTemplate":"https:\/\/ambientech.es\/?s={search_term_string}"},"query-input":{"@type":"PropertyValueSpecification","valueRequired":true,"valueName":"search_term_string"}}],"inLanguage":"es"},{"@type":"Organization","@id":"https:\/\/ambientech.es\/#organization","name":"lino-ciervo-260681.hostingersite.com","url":"https:\/\/ambientech.es\/","logo":{"@type":"ImageObject","inLanguage":"es","@id":"https:\/\/ambientech.es\/#\/schema\/logo\/image\/","url":"https:\/\/ambientech.es\/wp-content\/uploads\/2026\/02\/new-logo-ambientech.png","contentUrl":"https:\/\/ambientech.es\/wp-content\/uploads\/2026\/02\/new-logo-ambientech.png","width":2560,"height":414,"caption":"ambientech.es"},"image":{"@id":"https:\/\/ambientech.es\/#\/schema\/logo\/image\/"},"sameAs":["https:\/\/www.facebook.com\/coppercoatspainambientech","https:\/\/www.instagram.com\/coppercoatspain\/"]}]}},"uagb_featured_image_src":{"full":false,"thumbnail":false,"medium":false,"medium_large":false,"large":false,"1536x1536":false,"2048x2048":false,"trp-custom-language-flag":false,"woocommerce_thumbnail":false,"woocommerce_single":false,"woocommerce_gallery_thumbnail":false},"uagb_author_info":{"display_name":"b b","author_link":"https:\/\/ambientech.es\/es\/author\/infogrupocato-com\/"},"uagb_comment_info":0,"uagb_excerpt":"How Does Coppercoat Work? The effectiveness of COPPERCOAT is driven by a continuous four-stage chemical process once the hull is immersed: Long-Term Durability &amp; Electrolysis Protection With an average applied thickness of 250 microns and a corrosion rate of less than 10 microns per year, COPPERCOAT delivers reliable protection for well over a decade. The&hellip;","_links":{"self":[{"href":"https:\/\/ambientech.es\/es\/wp-json\/wp\/v2\/pages\/2132","targetHints":{"allow":["GET"]}}],"collection":[{"href":"https:\/\/ambientech.es\/es\/wp-json\/wp\/v2\/pages"}],"about":[{"href":"https:\/\/ambientech.es\/es\/wp-json\/wp\/v2\/types\/page"}],"author":[{"embeddable":true,"href":"https:\/\/ambientech.es\/es\/wp-json\/wp\/v2\/users\/1"}],"replies":[{"embeddable":true,"href":"https:\/\/ambientech.es\/es\/wp-json\/wp\/v2\/comments?post=2132"}],"version-history":[{"count":32,"href":"https:\/\/ambientech.es\/es\/wp-json\/wp\/v2\/pages\/2132\/revisions"}],"predecessor-version":[{"id":2903,"href":"https:\/\/ambientech.es\/es\/wp-json\/wp\/v2\/pages\/2132\/revisions\/2903"}],"wp:attachment":[{"href":"https:\/\/ambientech.es\/es\/wp-json\/wp\/v2\/media?parent=2132"}],"curies":[{"name":"wp","href":"https:\/\/api.w.org\/{rel}","templated":true}]}}