{"id":2191,"date":"2026-01-29T12:00:13","date_gmt":"2026-01-29T12:00:13","guid":{"rendered":"https:\/\/ambientech.es\/?page_id=2191"},"modified":"2026-03-26T17:23:53","modified_gmt":"2026-03-26T16:23:53","slug":"coverage-guide-2","status":"publish","type":"page","link":"https:\/\/ambientech.es\/es\/coverage-guide-2\/","title":{"rendered":"Gu\u00eda de cobertura"},"content":{"rendered":"<div class=\"wp-block-uagb-advanced-heading uagb-block-878fc0c7\"><h1 class=\"uagb-heading-text\"><strong>\u00bfC\u00f3mo calcular la cantidad de COPPERCOAT?<\/strong><\/h1><div class=\"uagb-separator\"><\/div><\/div>\n\n\n\n<div class=\"wp-block-uagb-container uagb-block-2a5095db alignfull uagb-is-root-container\"><div class=\"uagb-container-inner-blocks-wrap\">\n<div class=\"wp-block-uagb-container uagb-block-d25e5d96\">\n<h3 class=\"wp-block-heading has-text-align-center\" style=\"font-size:25px\"><strong>Obtenga un c\u00e1lculo instant\u00e1neo<\/strong><\/h3>\n\n\n\n<p class=\"has-text-align-center\">Utilice la <strong>calculadora online de Coppercoat<\/strong> para determinar autom\u00e1ticamente la cantidad exacta necesaria para su embarcaci\u00f3n en funci\u00f3n de sus dimensiones y del perfil del casco.<\/p>\n\n\n\n<div class=\"wp-block-columns is-layout-flex wp-container-core-columns-is-layout-28f84493 wp-block-columns-is-layout-flex\">\n<div class=\"wp-block-column is-layout-flow wp-block-column-is-layout-flow\" style=\"flex-basis:100%\">\n<div class=\"wp-block-columns is-not-stacked-on-mobile is-layout-flex wp-container-core-columns-is-layout-28f84493 wp-block-columns-is-layout-flex\">\n<div class=\"wp-block-column is-vertically-aligned-center is-layout-flow wp-block-column-is-layout-flow\" style=\"flex-basis:300px\">\n<div class=\"wp-block-uagb-buttons uagb-buttons__outer-wrap uagb-btn__default-btn uagb-btn-tablet__default-btn uagb-btn-mobile__default-btn uagb-block-c86eba6b\"><div class=\"uagb-buttons__wrap uagb-buttons-layout-wrap\">\n<div class=\"wp-block-uagb-buttons-child uagb-buttons__outer-wrap uagb-block-cc67562c wp-block-button\"><div class=\"uagb-button__wrapper\"><a class=\"uagb-buttons-repeater wp-block-button__link\" aria-label=\"\" href=\"https:\/\/coppercoat.com\/coppercoat-leisure-antifoul-applications\/what-is-coppercoat\/how-much-coppercoat-antifoul-will-i-need\/\" rel=\"follow noopener\" target=\"_self\" role=\"button\"><div class=\"uagb-button__link\">Calculadora de Coppercoat<\/div><\/a><\/div><\/div>\n<\/div><\/div>\n<\/div>\n\n\n\n<div class=\"wp-block-column is-layout-flow wp-block-column-is-layout-flow\" style=\"flex-basis:150px\">\n<div class=\"wp-block-uagb-image aligncenter uagb-block-ddaa5d9f wp-block-uagb-image--layout-default wp-block-uagb-image--effect-static wp-block-uagb-image--align-center\"><figure class=\"wp-block-uagb-image__figure\"><img decoding=\"async\" srcset=\"https:\/\/ambientech.es\/wp-content\/uploads\/2026\/02\/coppercoat-logo-150x150.png ,https:\/\/ambientech.es\/wp-content\/uploads\/2026\/02\/coppercoat-logo.png 780w, https:\/\/ambientech.es\/wp-content\/uploads\/2026\/02\/coppercoat-logo.png 360w\" sizes=\"auto, (max-width: 480px) 150px\" src=\"https:\/\/ambientech.es\/wp-content\/uploads\/2026\/02\/coppercoat-logo-150x150.png\" alt=\"\" class=\"uag-image-2538\" width=\"150\" height=\"150\" title=\"imgi_164_logotipo-coppercot-1024x1024\" loading=\"lazy\" role=\"img\"\/><\/figure><\/div>\n<\/div>\n<\/div>\n<\/div>\n<\/div>\n<\/div>\n\n\n\n<div class=\"wp-block-uagb-container uagb-block-f03258df\">\n<div class=\"wp-block-uagb-advanced-heading uagb-block-cac0e3e0\"><h3 class=\"uagb-heading-text\"><strong>Calcule la cantidad necesaria<\/strong><\/h3><\/div>\n\n\n\n<p class=\"has-text-align-center\">Para garantizar la protecci\u00f3n y la longevidad adecuadas de su embarcaci\u00f3n, es fundamental aplicar la cantidad correcta de material. Esta gu\u00eda explica c\u00f3mo calcular el consumo total seg\u00fan las dimensiones y la forma del casco. <\/p>\n\n\n\n<p class=\"has-text-align-center\"><em>Nota: Coppercoat ofrece una cobertura efectiva de <strong>4 m\u00b2 por litro<\/strong> para el tratamiento completo<\/em><\/p>\n<\/div>\n<\/div><\/div>\n\n\n\n<div class=\"wp-block-uagb-container uagb-block-d69c709f alignfull uagb-is-root-container\"><div class=\"uagb-container-inner-blocks-wrap\">\n<div class=\"wp-block-uagb-container uagb-block-84f63d8f\">\n<h3 class=\"wp-block-heading\" style=\"font-size:25px\"><strong>Paso 1: Calcule el \u00e1rea del casco<\/strong><\/h3>\n\n\n\n<p>Determine el \u00e1rea aproximada de la superficie del casco multiplicando <strong>la eslora en la l\u00ednea de flotaci\u00f3n (LWL)<\/strong> por la <strong>suma de la manga y el calado<\/strong>.<\/p>\n\n\n\n<ul class=\"wp-block-list\">\n<li><strong>F\u00f3rmula<\/strong>: Eslora en la l\u00ednea de flotaci\u00f3n \u00d7 (Manga + Calado) = \u00c1rea del casco<\/li>\n\n\n\n<li><strong>Conversi\u00f3n a sistema m\u00e9trico<\/strong>: Si las medidas est\u00e1n en pies, multiplique el resultado por <strong>0.093<\/strong> para convertirlo a metros cuadrados.<\/li>\n<\/ul>\n<\/div>\n\n\n\n<div class=\"wp-block-uagb-container uagb-block-60fec6fb\">\n<div class=\"wp-block-uagb-image uagb-block-5da0af7e wp-block-uagb-image--layout-default wp-block-uagb-image--effect-static wp-block-uagb-image--align-none\"><figure class=\"wp-block-uagb-image__figure\"><img decoding=\"async\" srcset=\"https:\/\/ambientech.es\/wp-content\/uploads\/2026\/01\/professional-boat-hull-protection-and-antifouling-1024x683.png ,https:\/\/ambientech.es\/wp-content\/uploads\/2026\/01\/professional-boat-hull-protection-and-antifouling.png 780w, https:\/\/ambientech.es\/wp-content\/uploads\/2026\/01\/professional-boat-hull-protection-and-antifouling.png 360w\" sizes=\"auto, (max-width: 480px) 150px\" src=\"https:\/\/ambientech.es\/wp-content\/uploads\/2026\/01\/professional-boat-hull-protection-and-antifouling-1024x683.png\" alt=\"\" class=\"uag-image-2229\" width=\"1536\" height=\"1024\" title=\"Calcula el \u00e1rea de tu casco\" loading=\"lazy\" role=\"img\"\/><\/figure><\/div>\n<\/div>\n<\/div><\/div>\n\n\n\n<div class=\"wp-block-uagb-container uagb-block-5ac81fe2 alignfull uagb-is-root-container\"><div class=\"uagb-container-inner-blocks-wrap\">\n<h3 class=\"wp-block-heading\" style=\"font-size:25px\"><strong>Paso 2: Aplique el factor de forma del casco<\/strong><\/h3>\n\n\n\n<p>Los perfiles de casco var\u00edan considerablemente en superficie. Multiplique el resultado del paso 1 por el factor que mejor se ajuste a su tipo de embarcaci\u00f3n.<\/p>\n\n\n\n<figure class=\"wp-block-table\"><table class=\"has-fixed-layout\"><thead><tr><td><strong>Tipo de embarcaci\u00f3n<\/strong><\/td><td><strong>Ejemplos<\/strong><\/td><td><strong>Factor<\/strong><\/td><\/tr><\/thead><tbody><tr><td><strong>Casco voluminoso<\/strong><\/td><td>Embarcaciones a motor, yates de quilla completa, embarcaciones de desplazamiento<\/td><td><strong>1.0<\/strong><\/td><\/tr><tr><td><strong>Casco medio<\/strong><\/td><td>Yates con gran aleta y skeg o quilla de balance<\/td><td><strong>0.75<\/strong><\/td><\/tr><tr><td><strong>Casco ligero<\/strong><\/td><td>Yates de quilla de aleta, embarcaciones de alto rendimiento<\/td><td><strong>0.60<\/strong><\/td><\/tr><\/tbody><\/table><\/figure>\n<\/div><\/div>\n\n\n\n<div style=\"height:31px\" aria-hidden=\"true\" class=\"wp-block-spacer\"><\/div>\n\n\n\n<div class=\"wp-block-uagb-container uagb-block-79a17fea alignfull uagb-is-root-container\"><div class=\"uagb-container-inner-blocks-wrap\">\n<h3 class=\"wp-block-heading\" style=\"font-size:25px\"><strong>Paso 3: Calcular los litros necesarios<\/strong><\/h3>\n\n\n\n<p>Coppercoat proporciona una cobertura eficaz de <strong>4 m\u00b2 por litro<\/strong> Para el tratamiento completo. Para calcular la cantidad final, divida el resultado del paso 2 entre 4.<\/p>\n\n\n\n<ul class=\"wp-block-list\">\n<li><strong>F\u00f3rmula<\/strong>: (\u00c1rea del casco \u00d7 Factor de forma) \u00f7 4 = Litros de Coppercoat necesarios<\/li>\n<\/ul>\n<\/div><\/div>\n\n\n\n<div class=\"wp-block-uagb-container uagb-block-bc1a9f62 alignfull uagb-is-root-container\"><div class=\"uagb-container-inner-blocks-wrap\">\n<div class=\"wp-block-uagb-container uagb-block-f1e159c2\">\n<div class=\"wp-block-uagb-container uagb-block-cb4d6da0\">\n<h4 class=\"wp-block-heading\"><strong>Ejemplo 1: Lancha motora<\/strong><\/h4>\n<\/div>\n\n\n\n<div class=\"wp-block-uagb-container uagb-block-e1a327fb\">\n<p class=\"translation-block\"><strong>Embarcaci\u00f3n:<\/strong> Lancha motora de 34 pies<br><strong>Dimensiones:<\/strong> Eslora en flotaci\u00f3n 30 pies, manga 12 pies, calado 2 pies<\/p>\n\n\n\n<p class=\"translation-block\">\u00c1rea del casco: 30 \u00d7 (12 + 2) = 420 ft\u00b2  ft<br>Conversi\u00f3n: 420 \u00d7 0.093 = <strong>39.06 m\u00b2<\/strong><br>Factor de forma:  Casco voluminoso \u2192 39,06 \u00d7 1,0 = <strong>39,06 m\u00b2<\/strong><br>Litros necesarios: 39.06 \u00f7 4 = <strong>9.76 litros<\/strong><\/p>\n\n\n\n<p class=\"translation-block\"><strong>Cantidad a pedir:<\/strong> 10 litros<\/p>\n<\/div>\n<\/div>\n\n\n\n<div class=\"wp-block-uagb-container uagb-block-cdc3456e\">\n<div class=\"wp-block-uagb-container uagb-block-700c10ba\">\n<h4 class=\"wp-block-heading\"><strong>Ejemplo 2: Yate con quilla de aleta<\/strong><\/h4>\n<\/div>\n\n\n\n<div class=\"wp-block-uagb-container uagb-block-4870e026\">\n<p class=\"translation-block\"><strong>Embarcaci\u00f3n:<\/strong> Yate de 28 pies con quilla de aleta<br><strong>Dimensiones:<\/strong> Eslora en flotaci\u00f3n 26 pies, manga 11 pies, calado 5 pies<\/p>\n\n\n\n<p class=\"translation-block\">\u00c1rea del casco: 26 \u00d7 (11 + 5) = 416 ft\u00b2  ft<br>Conversi\u00f3n: 416 \u00d7 0.093 = <strong>38.68 m\u00b2<\/strong><br>Factor de forma: Casco ligero \u2192 38,68 \u00d7 0,60 = <strong>23.20 m\u00b2<\/strong><br>Litros necesarios: 23.20 \u00f7 4 = <strong>5.80 litros<\/strong><\/p>\n\n\n\n<p><strong>Orden final:<\/strong> 6 litros<\/p>\n<\/div>\n<\/div>\n<\/div><\/div>","protected":false},"excerpt":{"rendered":"<p>Coppercoat Coverage Guide Get an Instant Calculation Use the Coppercoat Online Calculator to automatically determine the exact quantity required for your vessel based on its dimensions and hull profile. Calculate Your Required Quantity To ensure your vessel receives the correct level of protection and longevity, it is essential to apply the appropriate amount of material. [&hellip;]<\/p>\n","protected":false},"author":1,"featured_media":0,"parent":0,"menu_order":0,"comment_status":"closed","ping_status":"closed","template":"","meta":{"_uag_custom_page_level_css":"","site-sidebar-layout":"default","site-content-layout":"","ast-site-content-layout":"default","site-content-style":"default","site-sidebar-style":"default","ast-global-header-display":"","ast-banner-title-visibility":"","ast-main-header-display":"","ast-hfb-above-header-display":"","ast-hfb-below-header-display":"","ast-hfb-mobile-header-display":"","site-post-title":"disabled","ast-breadcrumbs-content":"","ast-featured-img":"","footer-sml-layout":"","ast-disable-related-posts":"","theme-transparent-header-meta":"","adv-header-id-meta":"","stick-header-meta":"","header-above-stick-meta":"","header-main-stick-meta":"","header-below-stick-meta":"","astra-migrate-meta-layouts":"set","ast-page-background-enabled":"default","ast-page-background-meta":{"desktop":{"background-color":"var(--ast-global-color-4)","background-image":"","background-repeat":"repeat","background-position":"center center","background-size":"auto","background-attachment":"scroll","background-type":"","background-media":"","overlay-type":"","overlay-color":"","overlay-opacity":"","overlay-gradient":""},"tablet":{"background-color":"","background-image":"","background-repeat":"repeat","background-position":"center center","background-size":"auto","background-attachment":"scroll","background-type":"","background-media":"","overlay-type":"","overlay-color":"","overlay-opacity":"","overlay-gradient":""},"mobile":{"background-color":"","background-image":"","background-repeat":"repeat","background-position":"center center","background-size":"auto","background-attachment":"scroll","background-type":"","background-media":"","overlay-type":"","overlay-color":"","overlay-opacity":"","overlay-gradient":""}},"ast-content-background-meta":{"desktop":{"background-color":"var(--ast-global-color-5)","background-image":"","background-repeat":"repeat","background-position":"center center","background-size":"auto","background-attachment":"scroll","background-type":"","background-media":"","overlay-type":"","overlay-color":"","overlay-opacity":"","overlay-gradient":""},"tablet":{"background-color":"var(--ast-global-color-5)","background-image":"","background-repeat":"repeat","background-position":"center center","background-size":"auto","background-attachment":"scroll","background-type":"","background-media":"","overlay-type":"","overlay-color":"","overlay-opacity":"","overlay-gradient":""},"mobile":{"background-color":"var(--ast-global-color-5)","background-image":"","background-repeat":"repeat","background-position":"center center","background-size":"auto","background-attachment":"scroll","background-type":"","background-media":"","overlay-type":"","overlay-color":"","overlay-opacity":"","overlay-gradient":""}},"footnotes":""},"class_list":["post-2191","page","type-page","status-publish","hentry"],"yoast_head":"<!-- This site is optimized with the Yoast SEO plugin v27.4 - https:\/\/yoast.com\/product\/yoast-seo-wordpress\/ -->\n<title>Gu\u00eda de Cobertura Coppercoat | Calcula la Cantidad Exacta<\/title>\n<meta name=\"description\" content=\"Descubre cu\u00e1ntos litros de Coppercoat necesitas seg\u00fan el tipo de casco de tu embarcaci\u00f3n. Calcula la cobertura y optimiza tu inversi\u00f3n.\" \/>\n<meta name=\"robots\" content=\"index, follow, max-snippet:-1, max-image-preview:large, max-video-preview:-1\" \/>\n<link rel=\"canonical\" href=\"https:\/\/ambientech.es\/es\/coverage-guide-2\/\" \/>\n<meta property=\"og:locale\" content=\"es_ES\" \/>\n<meta property=\"og:type\" content=\"article\" \/>\n<meta property=\"og:title\" content=\"Gu\u00eda de Cobertura Coppercoat | Calcula la Cantidad Exacta\" \/>\n<meta property=\"og:description\" content=\"Descubre cu\u00e1ntos litros de Coppercoat necesitas seg\u00fan el tipo de casco de tu embarcaci\u00f3n. Calcula la cobertura y optimiza tu inversi\u00f3n.\" \/>\n<meta property=\"og:url\" content=\"https:\/\/ambientech.es\/es\/coverage-guide-2\/\" \/>\n<meta property=\"og:site_name\" content=\"ambientech.es\" \/>\n<meta property=\"article:publisher\" content=\"https:\/\/www.facebook.com\/coppercoatspainambientech\" \/>\n<meta property=\"article:modified_time\" content=\"2026-03-26T16:23:53+00:00\" \/>\n<meta property=\"og:image\" content=\"https:\/\/ambientech.es\/wp-content\/uploads\/2026\/02\/coppercoat-logo-150x150.png\" \/>\n<meta name=\"twitter:card\" content=\"summary_large_image\" \/>\n<meta name=\"twitter:label1\" content=\"Tiempo de lectura\" \/>\n\t<meta name=\"twitter:data1\" content=\"2 minutos\" \/>\n<script type=\"application\/ld+json\" class=\"yoast-schema-graph\">{\"@context\":\"https:\\\/\\\/schema.org\",\"@graph\":[{\"@type\":\"WebPage\",\"@id\":\"https:\\\/\\\/ambientech.es\\\/coverage-guide-2\\\/\",\"url\":\"https:\\\/\\\/ambientech.es\\\/coverage-guide-2\\\/\",\"name\":\"Gu\u00eda de Cobertura Coppercoat | Calcula la Cantidad Exacta\",\"isPartOf\":{\"@id\":\"https:\\\/\\\/ambientech.es\\\/#website\"},\"primaryImageOfPage\":{\"@id\":\"https:\\\/\\\/ambientech.es\\\/coverage-guide-2\\\/#primaryimage\"},\"image\":{\"@id\":\"https:\\\/\\\/ambientech.es\\\/coverage-guide-2\\\/#primaryimage\"},\"thumbnailUrl\":\"https:\\\/\\\/ambientech.es\\\/wp-content\\\/uploads\\\/2026\\\/02\\\/coppercoat-logo-150x150.png\",\"datePublished\":\"2026-01-29T12:00:13+00:00\",\"dateModified\":\"2026-03-26T16:23:53+00:00\",\"description\":\"Descubre cu\u00e1ntos litros de Coppercoat necesitas seg\u00fan el tipo de casco de tu embarcaci\u00f3n. Calcula la cobertura y optimiza tu inversi\u00f3n.\",\"breadcrumb\":{\"@id\":\"https:\\\/\\\/ambientech.es\\\/coverage-guide-2\\\/#breadcrumb\"},\"inLanguage\":\"es\",\"potentialAction\":[{\"@type\":\"ReadAction\",\"target\":[\"https:\\\/\\\/ambientech.es\\\/coverage-guide-2\\\/\"]}]},{\"@type\":\"ImageObject\",\"inLanguage\":\"es\",\"@id\":\"https:\\\/\\\/ambientech.es\\\/coverage-guide-2\\\/#primaryimage\",\"url\":\"https:\\\/\\\/ambientech.es\\\/wp-content\\\/uploads\\\/2026\\\/02\\\/coppercoat-logo-150x150.png\",\"contentUrl\":\"https:\\\/\\\/ambientech.es\\\/wp-content\\\/uploads\\\/2026\\\/02\\\/coppercoat-logo-150x150.png\"},{\"@type\":\"BreadcrumbList\",\"@id\":\"https:\\\/\\\/ambientech.es\\\/coverage-guide-2\\\/#breadcrumb\",\"itemListElement\":[{\"@type\":\"ListItem\",\"position\":1,\"name\":\"Home\",\"item\":\"https:\\\/\\\/ambientech.es\\\/\"},{\"@type\":\"ListItem\",\"position\":2,\"name\":\"Coverage Guide\"}]},{\"@type\":\"WebSite\",\"@id\":\"https:\\\/\\\/ambientech.es\\\/#website\",\"url\":\"https:\\\/\\\/ambientech.es\\\/\",\"name\":\"ambientech.es\",\"description\":\"\",\"publisher\":{\"@id\":\"https:\\\/\\\/ambientech.es\\\/#organization\"},\"potentialAction\":[{\"@type\":\"SearchAction\",\"target\":{\"@type\":\"EntryPoint\",\"urlTemplate\":\"https:\\\/\\\/ambientech.es\\\/?s={search_term_string}\"},\"query-input\":{\"@type\":\"PropertyValueSpecification\",\"valueRequired\":true,\"valueName\":\"search_term_string\"}}],\"inLanguage\":\"es\"},{\"@type\":\"Organization\",\"@id\":\"https:\\\/\\\/ambientech.es\\\/#organization\",\"name\":\"ambientech.es\",\"url\":\"https:\\\/\\\/ambientech.es\\\/\",\"logo\":{\"@type\":\"ImageObject\",\"inLanguage\":\"es\",\"@id\":\"https:\\\/\\\/ambientech.es\\\/#\\\/schema\\\/logo\\\/image\\\/\",\"url\":\"https:\\\/\\\/ambientech.es\\\/wp-content\\\/uploads\\\/2026\\\/02\\\/new-logo-ambientech.png\",\"contentUrl\":\"https:\\\/\\\/ambientech.es\\\/wp-content\\\/uploads\\\/2026\\\/02\\\/new-logo-ambientech.png\",\"width\":2560,\"height\":414,\"caption\":\"ambientech.es\"},\"image\":{\"@id\":\"https:\\\/\\\/ambientech.es\\\/#\\\/schema\\\/logo\\\/image\\\/\"},\"sameAs\":[\"https:\\\/\\\/www.facebook.com\\\/coppercoatspainambientech\",\"https:\\\/\\\/www.instagram.com\\\/coppercoatspain\\\/\"]}]}<\/script>\n<!-- \/ Yoast SEO plugin. -->","yoast_head_json":{"title":"Gu\u00eda de Cobertura Coppercoat | Calcula la Cantidad Exacta","description":"Descubre cu\u00e1ntos litros de Coppercoat necesitas seg\u00fan el tipo de casco de tu embarcaci\u00f3n. Calcula la cobertura y optimiza tu inversi\u00f3n.","robots":{"index":"index","follow":"follow","max-snippet":"max-snippet:-1","max-image-preview":"max-image-preview:large","max-video-preview":"max-video-preview:-1"},"canonical":"https:\/\/ambientech.es\/es\/coverage-guide-2\/","og_locale":"es_ES","og_type":"article","og_title":"Gu\u00eda de Cobertura Coppercoat | Calcula la Cantidad Exacta","og_description":"Descubre cu\u00e1ntos litros de Coppercoat necesitas seg\u00fan el tipo de casco de tu embarcaci\u00f3n. Calcula la cobertura y optimiza tu inversi\u00f3n.","og_url":"https:\/\/ambientech.es\/es\/coverage-guide-2\/","og_site_name":"ambientech.es","article_publisher":"https:\/\/www.facebook.com\/coppercoatspainambientech","article_modified_time":"2026-03-26T16:23:53+00:00","og_image":[{"url":"https:\/\/ambientech.es\/wp-content\/uploads\/2026\/02\/coppercoat-logo-150x150.png","type":"","width":"","height":""}],"twitter_card":"summary_large_image","twitter_misc":{"Tiempo de lectura":"2 minutos"},"schema":{"@context":"https:\/\/schema.org","@graph":[{"@type":"WebPage","@id":"https:\/\/ambientech.es\/coverage-guide-2\/","url":"https:\/\/ambientech.es\/coverage-guide-2\/","name":"Gu\u00eda de Cobertura Coppercoat | Calcula la Cantidad Exacta","isPartOf":{"@id":"https:\/\/ambientech.es\/#website"},"primaryImageOfPage":{"@id":"https:\/\/ambientech.es\/coverage-guide-2\/#primaryimage"},"image":{"@id":"https:\/\/ambientech.es\/coverage-guide-2\/#primaryimage"},"thumbnailUrl":"https:\/\/ambientech.es\/wp-content\/uploads\/2026\/02\/coppercoat-logo-150x150.png","datePublished":"2026-01-29T12:00:13+00:00","dateModified":"2026-03-26T16:23:53+00:00","description":"Descubre cu\u00e1ntos litros de Coppercoat necesitas seg\u00fan el tipo de casco de tu embarcaci\u00f3n. Calcula la cobertura y optimiza tu inversi\u00f3n.","breadcrumb":{"@id":"https:\/\/ambientech.es\/coverage-guide-2\/#breadcrumb"},"inLanguage":"es","potentialAction":[{"@type":"ReadAction","target":["https:\/\/ambientech.es\/coverage-guide-2\/"]}]},{"@type":"ImageObject","inLanguage":"es","@id":"https:\/\/ambientech.es\/coverage-guide-2\/#primaryimage","url":"https:\/\/ambientech.es\/wp-content\/uploads\/2026\/02\/coppercoat-logo-150x150.png","contentUrl":"https:\/\/ambientech.es\/wp-content\/uploads\/2026\/02\/coppercoat-logo-150x150.png"},{"@type":"BreadcrumbList","@id":"https:\/\/ambientech.es\/coverage-guide-2\/#breadcrumb","itemListElement":[{"@type":"ListItem","position":1,"name":"Home","item":"https:\/\/ambientech.es\/"},{"@type":"ListItem","position":2,"name":"Coverage Guide"}]},{"@type":"WebSite","@id":"https:\/\/ambientech.es\/#website","url":"https:\/\/ambientech.es\/","name":"lino-ciervo-260681.hostingersite.com","description":"","publisher":{"@id":"https:\/\/ambientech.es\/#organization"},"potentialAction":[{"@type":"SearchAction","target":{"@type":"EntryPoint","urlTemplate":"https:\/\/ambientech.es\/?s={search_term_string}"},"query-input":{"@type":"PropertyValueSpecification","valueRequired":true,"valueName":"search_term_string"}}],"inLanguage":"es"},{"@type":"Organization","@id":"https:\/\/ambientech.es\/#organization","name":"lino-ciervo-260681.hostingersite.com","url":"https:\/\/ambientech.es\/","logo":{"@type":"ImageObject","inLanguage":"es","@id":"https:\/\/ambientech.es\/#\/schema\/logo\/image\/","url":"https:\/\/ambientech.es\/wp-content\/uploads\/2026\/02\/new-logo-ambientech.png","contentUrl":"https:\/\/ambientech.es\/wp-content\/uploads\/2026\/02\/new-logo-ambientech.png","width":2560,"height":414,"caption":"ambientech.es"},"image":{"@id":"https:\/\/ambientech.es\/#\/schema\/logo\/image\/"},"sameAs":["https:\/\/www.facebook.com\/coppercoatspainambientech","https:\/\/www.instagram.com\/coppercoatspain\/"]}]}},"uagb_featured_image_src":{"full":false,"thumbnail":false,"medium":false,"medium_large":false,"large":false,"1536x1536":false,"2048x2048":false,"trp-custom-language-flag":false,"woocommerce_thumbnail":false,"woocommerce_single":false,"woocommerce_gallery_thumbnail":false},"uagb_author_info":{"display_name":"info@grupocato.com","author_link":"https:\/\/ambientech.es\/es\/author\/infogrupocato-com\/"},"uagb_comment_info":0,"uagb_excerpt":"Coppercoat Coverage Guide Get an Instant Calculation Use the Coppercoat Online Calculator to automatically determine the exact quantity required for your vessel based on its dimensions and hull profile. Calculate Your Required Quantity To ensure your vessel receives the correct level of protection and longevity, it is essential to apply the appropriate amount of material.&hellip;","_links":{"self":[{"href":"https:\/\/ambientech.es\/es\/wp-json\/wp\/v2\/pages\/2191","targetHints":{"allow":["GET"]}}],"collection":[{"href":"https:\/\/ambientech.es\/es\/wp-json\/wp\/v2\/pages"}],"about":[{"href":"https:\/\/ambientech.es\/es\/wp-json\/wp\/v2\/types\/page"}],"author":[{"embeddable":true,"href":"https:\/\/ambientech.es\/es\/wp-json\/wp\/v2\/users\/1"}],"replies":[{"embeddable":true,"href":"https:\/\/ambientech.es\/es\/wp-json\/wp\/v2\/comments?post=2191"}],"version-history":[{"count":37,"href":"https:\/\/ambientech.es\/es\/wp-json\/wp\/v2\/pages\/2191\/revisions"}],"predecessor-version":[{"id":2941,"href":"https:\/\/ambientech.es\/es\/wp-json\/wp\/v2\/pages\/2191\/revisions\/2941"}],"wp:attachment":[{"href":"https:\/\/ambientech.es\/es\/wp-json\/wp\/v2\/media?parent=2191"}],"curies":[{"name":"wp","href":"https:\/\/api.w.org\/{rel}","templated":true}]}}