{"id":2396,"date":"2026-01-30T16:24:50","date_gmt":"2026-01-30T16:24:50","guid":{"rendered":"https:\/\/ambientech.es\/?post_type=product&#038;p=2396"},"modified":"2026-02-26T12:59:40","modified_gmt":"2026-02-26T11:59:40","slug":"hempel-high-protect","status":"publish","type":"product","link":"https:\/\/ambientech.es\/es\/producto\/hempel-high-protect\/","title":{"rendered":"Epoxi Hempel High Protect II"},"content":{"rendered":"<div class=\"cx-product-details__section\">\n<h3 class=\"cx-h2 cx-product-details__heading cx-text cx-text--bold\">High Protect II de Hempel<\/h3>\n<p>&nbsp;<\/p>\n<p class=\"cx-product-details__text\">High Protect II de Hempel es un epoxi bicomponente de alto espesor, sin disolventes, para la protecci\u00f3n y el tratamiento de la \u00f3smosis. F\u00e1cil de aplicar y con buena tolerancia a las condiciones ambientales. Forma un recubrimiento duro, resistente e impermeable.<\/p>\n<p>&nbsp;<\/p>\n<h5 class=\"cx-product-details__text\">Uso recomendado<\/h5>\n<p class=\"cx-product-details__text\">Para usar como imprimaci\u00f3n bajo la l\u00ednea de flotaci\u00f3n en embarcaciones de fibra de vidrio o acero. Prevenci\u00f3n y reparaci\u00f3n de ampollas osm\u00f3ticas en la fibra de vidrio, tanto por encima como por debajo de la l\u00ednea de flotaci\u00f3n.<\/p>\n<p>&nbsp;<\/p>\n<h5 class=\"cx-product-details__text\">Caracter\u00edsticas<\/h5>\n<p class=\"cx-product-details__text\">Puede ser un sustituto del Light Primer de Hempel cuando las emisiones de disolventes son un factor a tener en cuenta.<\/p>\n<\/div>\n<p>&nbsp;<\/p>\n<div class=\"cx-product-details__section\">\n<p>&nbsp;<\/p>\n<\/div>","protected":false},"excerpt":{"rendered":"<h5><\/h5>\n<h5>Componentes del producto<\/h5>\n<ul>\n<li>Base High Protect II \u2013 450 ml<\/li>\n<li>Agente de curado \u2013 300 ml<\/li>\n<\/ul>\n<p>&nbsp;<\/p>","protected":false},"featured_media":2397,"template":"","meta":{"_uag_custom_page_level_css":"","site-sidebar-layout":"default","site-content-layout":"","ast-site-content-layout":"default","site-content-style":"default","site-sidebar-style":"default","ast-global-header-display":"","ast-banner-title-visibility":"","ast-main-header-display":"","ast-hfb-above-header-display":"","ast-hfb-below-header-display":"","ast-hfb-mobile-header-display":"","site-post-title":"","ast-breadcrumbs-content":"","ast-featured-img":"","footer-sml-layout":"","ast-disable-related-posts":"","theme-transparent-header-meta":"default","adv-header-id-meta":"","stick-header-meta":"","header-above-stick-meta":"","header-main-stick-meta":"","header-below-stick-meta":"","astra-migrate-meta-layouts":"set","ast-page-background-enabled":"default","ast-page-background-meta":{"desktop":{"background-color":"var(--ast-global-color-4)","background-image":"","background-repeat":"repeat","background-position":"center center","background-size":"auto","background-attachment":"scroll","background-type":"","background-media":"","overlay-type":"","overlay-color":"","overlay-opacity":"","overlay-gradient":""},"tablet":{"background-color":"","background-image":"","background-repeat":"repeat","background-position":"center center","background-size":"auto","background-attachment":"scroll","background-type":"","background-media":"","overlay-type":"","overlay-color":"","overlay-opacity":"","overlay-gradient":""},"mobile":{"background-color":"","background-image":"","background-repeat":"repeat","background-position":"center center","background-size":"auto","background-attachment":"scroll","background-type":"","background-media":"","overlay-type":"","overlay-color":"","overlay-opacity":"","overlay-gradient":""}},"ast-content-background-meta":{"desktop":{"background-color":"var(--ast-global-color-5)","background-image":"","background-repeat":"repeat","background-position":"center center","background-size":"auto","background-attachment":"scroll","background-type":"","background-media":"","overlay-type":"","overlay-color":"","overlay-opacity":"","overlay-gradient":""},"tablet":{"background-color":"var(--ast-global-color-5)","background-image":"","background-repeat":"repeat","background-position":"center center","background-size":"auto","background-attachment":"scroll","background-type":"","background-media":"","overlay-type":"","overlay-color":"","overlay-opacity":"","overlay-gradient":""},"mobile":{"background-color":"var(--ast-global-color-5)","background-image":"","background-repeat":"repeat","background-position":"center center","background-size":"auto","background-attachment":"scroll","background-type":"","background-media":"","overlay-type":"","overlay-color":"","overlay-opacity":"","overlay-gradient":""}}},"product_brand":[38],"product_cat":[36],"product_tag":[],"class_list":{"0":"post-2396","1":"product","2":"type-product","3":"status-publish","4":"has-post-thumbnail","6":"product_brand-hempel","7":"product_cat-epoxy","8":"desktop-align-center","9":"tablet-align-left","10":"mobile-align-left","12":"first","13":"instock","14":"taxable","15":"shipping-taxable","16":"purchasable","17":"product-type-simple"},"yoast_head":"<!-- This site is optimized with the Yoast SEO plugin v27.4 - https:\/\/yoast.com\/product\/yoast-seo-wordpress\/ -->\n<title>Hempel High Protect II Epoxy - ambientech.es<\/title>\n<meta name=\"robots\" content=\"index, follow, max-snippet:-1, max-image-preview:large, max-video-preview:-1\" \/>\n<link rel=\"canonical\" href=\"https:\/\/ambientech.es\/es\/producto\/hempel-high-protect\/\" \/>\n<meta property=\"og:locale\" content=\"es_ES\" \/>\n<meta property=\"og:type\" content=\"article\" \/>\n<meta property=\"og:title\" content=\"Hempel High Protect II Epoxy - ambientech.es\" \/>\n<meta property=\"og:description\" content=\"Product components   High Protect II Base - 450ml  Curing Agent - 300ml  &nbsp;\" \/>\n<meta property=\"og:url\" content=\"https:\/\/ambientech.es\/es\/producto\/hempel-high-protect\/\" \/>\n<meta property=\"og:site_name\" content=\"ambientech.es\" \/>\n<meta property=\"article:publisher\" content=\"https:\/\/www.facebook.com\/coppercoatspainambientech\" \/>\n<meta property=\"article:modified_time\" content=\"2026-02-26T11:59:40+00:00\" \/>\n<meta property=\"og:image\" content=\"https:\/\/ambientech.es\/wp-content\/uploads\/2026\/01\/hempel-high-protect-ii-osmosis-protection-primer.png\" \/>\n\t<meta property=\"og:image:width\" content=\"800\" \/>\n\t<meta property=\"og:image:height\" content=\"800\" \/>\n\t<meta property=\"og:image:type\" content=\"image\/png\" \/>\n<meta name=\"twitter:card\" content=\"summary_large_image\" \/>\n<script type=\"application\/ld+json\" class=\"yoast-schema-graph\">{\"@context\":\"https:\\\/\\\/schema.org\",\"@graph\":[{\"@type\":\"WebPage\",\"@id\":\"https:\\\/\\\/ambientech.es\\\/product\\\/hempel-high-protect\\\/\",\"url\":\"https:\\\/\\\/ambientech.es\\\/product\\\/hempel-high-protect\\\/\",\"name\":\"Hempel High Protect II Epoxy - ambientech.es\",\"isPartOf\":{\"@id\":\"https:\\\/\\\/ambientech.es\\\/#website\"},\"primaryImageOfPage\":{\"@id\":\"https:\\\/\\\/ambientech.es\\\/product\\\/hempel-high-protect\\\/#primaryimage\"},\"image\":{\"@id\":\"https:\\\/\\\/ambientech.es\\\/product\\\/hempel-high-protect\\\/#primaryimage\"},\"thumbnailUrl\":\"https:\\\/\\\/ambientech.es\\\/wp-content\\\/uploads\\\/2026\\\/01\\\/hempel-high-protect-ii-osmosis-protection-primer.png\",\"datePublished\":\"2026-01-30T16:24:50+00:00\",\"dateModified\":\"2026-02-26T11:59:40+00:00\",\"breadcrumb\":{\"@id\":\"https:\\\/\\\/ambientech.es\\\/product\\\/hempel-high-protect\\\/#breadcrumb\"},\"inLanguage\":\"es\",\"potentialAction\":[{\"@type\":\"ReadAction\",\"target\":[\"https:\\\/\\\/ambientech.es\\\/product\\\/hempel-high-protect\\\/\"]}]},{\"@type\":\"ImageObject\",\"inLanguage\":\"es\",\"@id\":\"https:\\\/\\\/ambientech.es\\\/product\\\/hempel-high-protect\\\/#primaryimage\",\"url\":\"https:\\\/\\\/ambientech.es\\\/wp-content\\\/uploads\\\/2026\\\/01\\\/hempel-high-protect-ii-osmosis-protection-primer.png\",\"contentUrl\":\"https:\\\/\\\/ambientech.es\\\/wp-content\\\/uploads\\\/2026\\\/01\\\/hempel-high-protect-ii-osmosis-protection-primer.png\",\"width\":800,\"height\":800,\"caption\":\"A solvent-free epoxy primer guaranteed to protect against osmosis.\"},{\"@type\":\"BreadcrumbList\",\"@id\":\"https:\\\/\\\/ambientech.es\\\/product\\\/hempel-high-protect\\\/#breadcrumb\",\"itemListElement\":[{\"@type\":\"ListItem\",\"position\":1,\"name\":\"Home\",\"item\":\"https:\\\/\\\/ambientech.es\\\/\"},{\"@type\":\"ListItem\",\"position\":2,\"name\":\"Shop\",\"item\":\"https:\\\/\\\/ambientech.es\\\/shop\\\/\"},{\"@type\":\"ListItem\",\"position\":3,\"name\":\"Hempel High Protect II Epoxy\"}]},{\"@type\":\"WebSite\",\"@id\":\"https:\\\/\\\/ambientech.es\\\/#website\",\"url\":\"https:\\\/\\\/ambientech.es\\\/\",\"name\":\"ambientech.es\",\"description\":\"\",\"publisher\":{\"@id\":\"https:\\\/\\\/ambientech.es\\\/#organization\"},\"potentialAction\":[{\"@type\":\"SearchAction\",\"target\":{\"@type\":\"EntryPoint\",\"urlTemplate\":\"https:\\\/\\\/ambientech.es\\\/?s={search_term_string}\"},\"query-input\":{\"@type\":\"PropertyValueSpecification\",\"valueRequired\":true,\"valueName\":\"search_term_string\"}}],\"inLanguage\":\"es\"},{\"@type\":\"Organization\",\"@id\":\"https:\\\/\\\/ambientech.es\\\/#organization\",\"name\":\"ambientech.es\",\"url\":\"https:\\\/\\\/ambientech.es\\\/\",\"logo\":{\"@type\":\"ImageObject\",\"inLanguage\":\"es\",\"@id\":\"https:\\\/\\\/ambientech.es\\\/#\\\/schema\\\/logo\\\/image\\\/\",\"url\":\"https:\\\/\\\/ambientech.es\\\/wp-content\\\/uploads\\\/2026\\\/02\\\/new-logo-ambientech.png\",\"contentUrl\":\"https:\\\/\\\/ambientech.es\\\/wp-content\\\/uploads\\\/2026\\\/02\\\/new-logo-ambientech.png\",\"width\":2560,\"height\":414,\"caption\":\"ambientech.es\"},\"image\":{\"@id\":\"https:\\\/\\\/ambientech.es\\\/#\\\/schema\\\/logo\\\/image\\\/\"},\"sameAs\":[\"https:\\\/\\\/www.facebook.com\\\/coppercoatspainambientech\",\"https:\\\/\\\/www.instagram.com\\\/coppercoatspain\\\/\"]}]}<\/script>\n<!-- \/ Yoast SEO plugin. -->","yoast_head_json":{"title":"Hempel High Protect II Epoxy - ambientech.es","robots":{"index":"index","follow":"follow","max-snippet":"max-snippet:-1","max-image-preview":"max-image-preview:large","max-video-preview":"max-video-preview:-1"},"canonical":"https:\/\/ambientech.es\/es\/producto\/hempel-high-protect\/","og_locale":"es_ES","og_type":"article","og_title":"Hempel High Protect II Epoxy - ambientech.es","og_description":"Product components   High Protect II Base - 450ml  Curing Agent - 300ml  &nbsp;","og_url":"https:\/\/ambientech.es\/es\/producto\/hempel-high-protect\/","og_site_name":"ambientech.es","article_publisher":"https:\/\/www.facebook.com\/coppercoatspainambientech","article_modified_time":"2026-02-26T11:59:40+00:00","og_image":[{"width":800,"height":800,"url":"https:\/\/ambientech.es\/wp-content\/uploads\/2026\/01\/hempel-high-protect-ii-osmosis-protection-primer.png","type":"image\/png"}],"twitter_card":"summary_large_image","schema":{"@context":"https:\/\/schema.org","@graph":[{"@type":"WebPage","@id":"https:\/\/ambientech.es\/product\/hempel-high-protect\/","url":"https:\/\/ambientech.es\/product\/hempel-high-protect\/","name":"Hempel High Protect II Epoxy - ambientech.es","isPartOf":{"@id":"https:\/\/ambientech.es\/#website"},"primaryImageOfPage":{"@id":"https:\/\/ambientech.es\/product\/hempel-high-protect\/#primaryimage"},"image":{"@id":"https:\/\/ambientech.es\/product\/hempel-high-protect\/#primaryimage"},"thumbnailUrl":"https:\/\/ambientech.es\/wp-content\/uploads\/2026\/01\/hempel-high-protect-ii-osmosis-protection-primer.png","datePublished":"2026-01-30T16:24:50+00:00","dateModified":"2026-02-26T11:59:40+00:00","breadcrumb":{"@id":"https:\/\/ambientech.es\/product\/hempel-high-protect\/#breadcrumb"},"inLanguage":"es","potentialAction":[{"@type":"ReadAction","target":["https:\/\/ambientech.es\/product\/hempel-high-protect\/"]}]},{"@type":"ImageObject","inLanguage":"es","@id":"https:\/\/ambientech.es\/product\/hempel-high-protect\/#primaryimage","url":"https:\/\/ambientech.es\/wp-content\/uploads\/2026\/01\/hempel-high-protect-ii-osmosis-protection-primer.png","contentUrl":"https:\/\/ambientech.es\/wp-content\/uploads\/2026\/01\/hempel-high-protect-ii-osmosis-protection-primer.png","width":800,"height":800,"caption":"A solvent-free epoxy primer guaranteed to protect against osmosis."},{"@type":"BreadcrumbList","@id":"https:\/\/ambientech.es\/product\/hempel-high-protect\/#breadcrumb","itemListElement":[{"@type":"ListItem","position":1,"name":"Home","item":"https:\/\/ambientech.es\/"},{"@type":"ListItem","position":2,"name":"Shop","item":"https:\/\/ambientech.es\/shop\/"},{"@type":"ListItem","position":3,"name":"Hempel High Protect II Epoxy"}]},{"@type":"WebSite","@id":"https:\/\/ambientech.es\/#website","url":"https:\/\/ambientech.es\/","name":"lino-ciervo-260681.hostingersite.com","description":"","publisher":{"@id":"https:\/\/ambientech.es\/#organization"},"potentialAction":[{"@type":"SearchAction","target":{"@type":"EntryPoint","urlTemplate":"https:\/\/ambientech.es\/?s={search_term_string}"},"query-input":{"@type":"PropertyValueSpecification","valueRequired":true,"valueName":"search_term_string"}}],"inLanguage":"es"},{"@type":"Organization","@id":"https:\/\/ambientech.es\/#organization","name":"lino-ciervo-260681.hostingersite.com","url":"https:\/\/ambientech.es\/","logo":{"@type":"ImageObject","inLanguage":"es","@id":"https:\/\/ambientech.es\/#\/schema\/logo\/image\/","url":"https:\/\/ambientech.es\/wp-content\/uploads\/2026\/02\/new-logo-ambientech.png","contentUrl":"https:\/\/ambientech.es\/wp-content\/uploads\/2026\/02\/new-logo-ambientech.png","width":2560,"height":414,"caption":"ambientech.es"},"image":{"@id":"https:\/\/ambientech.es\/#\/schema\/logo\/image\/"},"sameAs":["https:\/\/www.facebook.com\/coppercoatspainambientech","https:\/\/www.instagram.com\/coppercoatspain\/"]}]}},"uagb_featured_image_src":{"full":["https:\/\/ambientech.es\/wp-content\/uploads\/2026\/01\/hempel-high-protect-ii-osmosis-protection-primer.png",800,800,false],"thumbnail":["https:\/\/ambientech.es\/wp-content\/uploads\/2026\/01\/hempel-high-protect-ii-osmosis-protection-primer-150x150.png",150,150,true],"medium":["https:\/\/ambientech.es\/wp-content\/uploads\/2026\/01\/hempel-high-protect-ii-osmosis-protection-primer-300x300.png",300,300,true],"medium_large":["https:\/\/ambientech.es\/wp-content\/uploads\/2026\/01\/hempel-high-protect-ii-osmosis-protection-primer-768x768.png",768,768,true],"large":["https:\/\/ambientech.es\/wp-content\/uploads\/2026\/01\/hempel-high-protect-ii-osmosis-protection-primer.png",800,800,false],"1536x1536":["https:\/\/ambientech.es\/wp-content\/uploads\/2026\/01\/hempel-high-protect-ii-osmosis-protection-primer.png",800,800,false],"2048x2048":["https:\/\/ambientech.es\/wp-content\/uploads\/2026\/01\/hempel-high-protect-ii-osmosis-protection-primer.png",800,800,false],"trp-custom-language-flag":["https:\/\/ambientech.es\/wp-content\/uploads\/2026\/01\/hempel-high-protect-ii-osmosis-protection-primer-12x12.png",12,12,true],"woocommerce_thumbnail":["https:\/\/ambientech.es\/wp-content\/uploads\/2026\/01\/hempel-high-protect-ii-osmosis-protection-primer.png",800,800,false],"woocommerce_single":["https:\/\/ambientech.es\/wp-content\/uploads\/2026\/01\/hempel-high-protect-ii-osmosis-protection-primer.png",800,800,false],"woocommerce_gallery_thumbnail":["https:\/\/ambientech.es\/wp-content\/uploads\/2026\/01\/hempel-high-protect-ii-osmosis-protection-primer-100x100.png",100,100,true]},"uagb_author_info":{"display_name":"b b","author_link":"https:\/\/ambientech.es\/es\/author\/"},"uagb_comment_info":0,"uagb_excerpt":"Product components High Protect II Base - 450ml Curing Agent - 300ml &nbsp;","_links":{"self":[{"href":"https:\/\/ambientech.es\/es\/wp-json\/wp\/v2\/product\/2396","targetHints":{"allow":["GET"]}}],"collection":[{"href":"https:\/\/ambientech.es\/es\/wp-json\/wp\/v2\/product"}],"about":[{"href":"https:\/\/ambientech.es\/es\/wp-json\/wp\/v2\/types\/product"}],"wp:featuredmedia":[{"embeddable":true,"href":"https:\/\/ambientech.es\/es\/wp-json\/wp\/v2\/media\/2397"}],"wp:attachment":[{"href":"https:\/\/ambientech.es\/es\/wp-json\/wp\/v2\/media?parent=2396"}],"wp:term":[{"taxonomy":"product_brand","embeddable":true,"href":"https:\/\/ambientech.es\/es\/wp-json\/wp\/v2\/product_brand?post=2396"},{"taxonomy":"product_cat","embeddable":true,"href":"https:\/\/ambientech.es\/es\/wp-json\/wp\/v2\/product_cat?post=2396"},{"taxonomy":"product_tag","embeddable":true,"href":"https:\/\/ambientech.es\/es\/wp-json\/wp\/v2\/product_tag?post=2396"}],"curies":[{"name":"wp","href":"https:\/\/api.w.org\/{rel}","templated":true}]}}