{"id":2510,"date":"2026-02-10T12:26:30","date_gmt":"2026-02-10T11:26:30","guid":{"rendered":"https:\/\/ambientech.es\/?post_type=product&#038;p=2510"},"modified":"2026-02-26T09:26:58","modified_gmt":"2026-02-26T08:26:58","slug":"coppercoat","status":"publish","type":"product","link":"https:\/\/ambientech.es\/es\/producto\/coppercoat\/","title":{"rendered":"Coppercoat \u2013 Envase de 1 litro"},"content":{"rendered":"<p data-end=\"94\" data-start=\"40\"><strong>Antiincrustante de larga duraci\u00f3n Coppercoat \u2013 Envase de 1 litro y 2 kg de polvo de cobre<\/strong><\/p>\n<p data-end=\"176\" data-start=\"155\"><strong data-end=\"176\" data-start=\"155\">COMPONENTES<\/strong><\/p>\n<ul data-end=\"246\" data-start=\"177\">\n<li data-end=\"199\" data-start=\"177\">\n<p data-end=\"199\" data-start=\"179\">500 ml de resina epoxi<\/p>\n<\/li>\n<li data-end=\"219\" data-start=\"200\">\n<p data-end=\"219\" data-start=\"202\">500 ml de endurecedor<\/p>\n<\/li>\n<li data-end=\"246\" data-start=\"220\">\n<p data-end=\"246\" data-start=\"222\">2,140 kg de polvo de cobre<\/p>\n<\/li>\n<\/ul>\n<p data-end=\"471\" data-start=\"248\">Sistema antiincrustante de alto rendimiento con una vida \u00fatil superior a 10 a\u00f1os.<br data-end=\"352\" data-start=\"349\" \/>Coppercoat es un revestimiento antiincrustante a base de agua y sin solventes, formulado con resina epoxi, endurecedor y polvo de cobre.<\/p>\n<p data-end=\"703\" data-start=\"473\">Su composici\u00f3n con cobre puro 99% lo convierte en una de las soluciones m\u00e1s eficaces y duraderas del mercado contra microorganismos marinos. Actualmente, ning\u00fan otro producto antiincrustante ofrece un contenido de cobre comparable.<\/p>\n<p data-end=\"1048\" data-start=\"705\">La oxidaci\u00f3n natural del cobre proporciona una protecci\u00f3n continua y duradera en el agua, con un rendimiento fiable durante m\u00e1s de una d\u00e9cada. Adem\u00e1s, Coppercoat act\u00faa como un excelente tratamiento preventivo contra la \u00f3smosis. Su f\u00f3rmula de epoxi y cobre crea una robusta barrera protectora que sella y refuerza el casco.<\/p>\n<p data-end=\"1244\" data-start=\"1050\">Con el tiempo, generalmente despu\u00e9s del primer a\u00f1o, puede formarse una ligera p\u00e1tina en el casco. Esta se puede eliminar f\u00e1cilmente con una esponja o cepillo de dureza media en menos de 30 minutos, restaurando as\u00ed su rendimiento \u00f3ptimo.<\/p>\n<p data-end=\"1475\" data-start=\"1246\">A diferencia de los recubrimientos antiincrustantes convencionales, Coppercoat conserva su eficacia durante muchas temporadas. Se ha comprobado que una sola aplicaci\u00f3n funciona durante al menos 10 a\u00f1os, y muchas instalaciones mantienen su eficacia durante 20 temporadas o m\u00e1s.<\/p>\n<p data-end=\"367\" data-start=\"284\"><strong data-end=\"309\" data-start=\"284\">Cobertura para 1 litro:<\/strong> 16 m\u00b2 por capa, es decir 4 m\u00b2 para las cuatro manos recomendadas.<\/p>","protected":false},"excerpt":{"rendered":"<p data-end=\"94\" data-start=\"40\"><strong data-end=\"94\" data-start=\"40\">Antiincrustante de larga duraci\u00f3n Coppercoat \u2013 Envase de 1 litro y 2 kg de polvo de cobre<\/strong><\/p>\n<p data-end=\"176\" data-start=\"155\"><strong data-end=\"176\" data-start=\"155\">COMPONENTES<\/strong><\/p>\n<ul data-end=\"246\" data-start=\"177\">\n<li data-end=\"199\" data-start=\"177\">\n<p data-end=\"199\" data-start=\"179\">500 ml de resina epoxi<\/p>\n<\/li>\n<li data-end=\"219\" data-start=\"200\">\n<p data-end=\"219\" data-start=\"202\">500 ml de endurecedor<\/p>\n<\/li>\n<li data-end=\"246\" data-start=\"220\">\n<p data-end=\"246\" data-start=\"222\">2,140 kg de polvo de cobre<\/p>\n<\/li>\n<\/ul>","protected":false},"featured_media":1857,"template":"","meta":{"_uag_custom_page_level_css":"","site-sidebar-layout":"default","site-content-layout":"","ast-site-content-layout":"default","site-content-style":"default","site-sidebar-style":"default","ast-global-header-display":"","ast-banner-title-visibility":"","ast-main-header-display":"","ast-hfb-above-header-display":"","ast-hfb-below-header-display":"","ast-hfb-mobile-header-display":"","site-post-title":"","ast-breadcrumbs-content":"","ast-featured-img":"","footer-sml-layout":"","ast-disable-related-posts":"","theme-transparent-header-meta":"default","adv-header-id-meta":"","stick-header-meta":"","header-above-stick-meta":"","header-main-stick-meta":"","header-below-stick-meta":"","astra-migrate-meta-layouts":"set","ast-page-background-enabled":"default","ast-page-background-meta":{"desktop":{"background-color":"var(--ast-global-color-4)","background-image":"","background-repeat":"repeat","background-position":"center center","background-size":"auto","background-attachment":"scroll","background-type":"","background-media":"","overlay-type":"","overlay-color":"","overlay-opacity":"","overlay-gradient":""},"tablet":{"background-color":"","background-image":"","background-repeat":"repeat","background-position":"center center","background-size":"auto","background-attachment":"scroll","background-type":"","background-media":"","overlay-type":"","overlay-color":"","overlay-opacity":"","overlay-gradient":""},"mobile":{"background-color":"","background-image":"","background-repeat":"repeat","background-position":"center center","background-size":"auto","background-attachment":"scroll","background-type":"","background-media":"","overlay-type":"","overlay-color":"","overlay-opacity":"","overlay-gradient":""}},"ast-content-background-meta":{"desktop":{"background-color":"var(--ast-global-color-5)","background-image":"","background-repeat":"repeat","background-position":"center center","background-size":"auto","background-attachment":"scroll","background-type":"","background-media":"","overlay-type":"","overlay-color":"","overlay-opacity":"","overlay-gradient":""},"tablet":{"background-color":"var(--ast-global-color-5)","background-image":"","background-repeat":"repeat","background-position":"center center","background-size":"auto","background-attachment":"scroll","background-type":"","background-media":"","overlay-type":"","overlay-color":"","overlay-opacity":"","overlay-gradient":""},"mobile":{"background-color":"var(--ast-global-color-5)","background-image":"","background-repeat":"repeat","background-position":"center center","background-size":"auto","background-attachment":"scroll","background-type":"","background-media":"","overlay-type":"","overlay-color":"","overlay-opacity":"","overlay-gradient":""}}},"product_brand":[28],"product_cat":[26],"product_tag":[],"class_list":{"0":"post-2510","1":"product","2":"type-product","3":"status-publish","4":"has-post-thumbnail","6":"product_brand-coppercoat","7":"product_cat-coppercoat","8":"product_shipping_class-coppercoat","9":"desktop-align-center","10":"tablet-align-left","11":"mobile-align-left","13":"first","14":"instock","15":"featured","16":"taxable","17":"shipping-taxable","18":"purchasable","19":"product-type-simple"},"yoast_head":"<!-- This site is optimized with the Yoast SEO plugin v27.4 - https:\/\/yoast.com\/product\/yoast-seo-wordpress\/ -->\n<title>Coppercoat - 1 Litre Pack - ambientech.es<\/title>\n<meta name=\"robots\" content=\"index, follow, max-snippet:-1, max-image-preview:large, max-video-preview:-1\" \/>\n<link rel=\"canonical\" href=\"https:\/\/ambientech.es\/es\/producto\/coppercoat\/\" \/>\n<meta property=\"og:locale\" content=\"es_ES\" \/>\n<meta property=\"og:type\" content=\"article\" \/>\n<meta property=\"og:title\" content=\"Coppercoat - 1 Litre Pack - ambientech.es\" \/>\n<meta property=\"og:description\" content=\"Long-lasting Antifouling Coppercoat \u2013 1 Litre Pack &amp; 2 Kg Copper Powder COMPONENTS     500 ml epoxy resin    500 ml hardener    2.140 kg copper powder\" \/>\n<meta property=\"og:url\" content=\"https:\/\/ambientech.es\/es\/producto\/coppercoat\/\" \/>\n<meta property=\"og:site_name\" content=\"ambientech.es\" \/>\n<meta property=\"article:publisher\" content=\"https:\/\/www.facebook.com\/coppercoatspainambientech\" \/>\n<meta property=\"article:modified_time\" content=\"2026-02-26T08:26:58+00:00\" \/>\n<meta property=\"og:image\" content=\"https:\/\/ambientech.es\/wp-content\/uploads\/2026\/01\/coppercoat-1-litre-pack-and-2-kg-copper-powder002.jpg\" \/>\n\t<meta property=\"og:image:width\" content=\"1920\" \/>\n\t<meta property=\"og:image:height\" content=\"2400\" \/>\n\t<meta property=\"og:image:type\" content=\"image\/jpeg\" \/>\n<meta name=\"twitter:card\" content=\"summary_large_image\" \/>\n<meta name=\"twitter:label1\" content=\"Tiempo de lectura\" \/>\n\t<meta name=\"twitter:data1\" content=\"1 minuto\" \/>\n<script type=\"application\/ld+json\" class=\"yoast-schema-graph\">{\"@context\":\"https:\\\/\\\/schema.org\",\"@graph\":[{\"@type\":\"WebPage\",\"@id\":\"https:\\\/\\\/ambientech.es\\\/product\\\/coppercoat\\\/\",\"url\":\"https:\\\/\\\/ambientech.es\\\/product\\\/coppercoat\\\/\",\"name\":\"Coppercoat - 1 Litre Pack - ambientech.es\",\"isPartOf\":{\"@id\":\"https:\\\/\\\/ambientech.es\\\/#website\"},\"primaryImageOfPage\":{\"@id\":\"https:\\\/\\\/ambientech.es\\\/product\\\/coppercoat\\\/#primaryimage\"},\"image\":{\"@id\":\"https:\\\/\\\/ambientech.es\\\/product\\\/coppercoat\\\/#primaryimage\"},\"thumbnailUrl\":\"https:\\\/\\\/ambientech.es\\\/wp-content\\\/uploads\\\/2026\\\/01\\\/coppercoat-1-litre-pack-and-2-kg-copper-powder002.jpg\",\"datePublished\":\"2026-02-10T11:26:30+00:00\",\"dateModified\":\"2026-02-26T08:26:58+00:00\",\"breadcrumb\":{\"@id\":\"https:\\\/\\\/ambientech.es\\\/product\\\/coppercoat\\\/#breadcrumb\"},\"inLanguage\":\"es\",\"potentialAction\":[{\"@type\":\"ReadAction\",\"target\":[\"https:\\\/\\\/ambientech.es\\\/product\\\/coppercoat\\\/\"]}]},{\"@type\":\"ImageObject\",\"inLanguage\":\"es\",\"@id\":\"https:\\\/\\\/ambientech.es\\\/product\\\/coppercoat\\\/#primaryimage\",\"url\":\"https:\\\/\\\/ambientech.es\\\/wp-content\\\/uploads\\\/2026\\\/01\\\/coppercoat-1-litre-pack-and-2-kg-copper-powder002.jpg\",\"contentUrl\":\"https:\\\/\\\/ambientech.es\\\/wp-content\\\/uploads\\\/2026\\\/01\\\/coppercoat-1-litre-pack-and-2-kg-copper-powder002.jpg\",\"width\":1920,\"height\":2400,\"caption\":\"The complete long-lasting antifouling kit for smaller projects.\"},{\"@type\":\"BreadcrumbList\",\"@id\":\"https:\\\/\\\/ambientech.es\\\/product\\\/coppercoat\\\/#breadcrumb\",\"itemListElement\":[{\"@type\":\"ListItem\",\"position\":1,\"name\":\"Home\",\"item\":\"https:\\\/\\\/ambientech.es\\\/\"},{\"@type\":\"ListItem\",\"position\":2,\"name\":\"Shop\",\"item\":\"https:\\\/\\\/ambientech.es\\\/shop\\\/\"},{\"@type\":\"ListItem\",\"position\":3,\"name\":\"Coppercoat &#8211; 1 Litre Pack\"}]},{\"@type\":\"WebSite\",\"@id\":\"https:\\\/\\\/ambientech.es\\\/#website\",\"url\":\"https:\\\/\\\/ambientech.es\\\/\",\"name\":\"ambientech.es\",\"description\":\"\",\"publisher\":{\"@id\":\"https:\\\/\\\/ambientech.es\\\/#organization\"},\"potentialAction\":[{\"@type\":\"SearchAction\",\"target\":{\"@type\":\"EntryPoint\",\"urlTemplate\":\"https:\\\/\\\/ambientech.es\\\/?s={search_term_string}\"},\"query-input\":{\"@type\":\"PropertyValueSpecification\",\"valueRequired\":true,\"valueName\":\"search_term_string\"}}],\"inLanguage\":\"es\"},{\"@type\":\"Organization\",\"@id\":\"https:\\\/\\\/ambientech.es\\\/#organization\",\"name\":\"ambientech.es\",\"url\":\"https:\\\/\\\/ambientech.es\\\/\",\"logo\":{\"@type\":\"ImageObject\",\"inLanguage\":\"es\",\"@id\":\"https:\\\/\\\/ambientech.es\\\/#\\\/schema\\\/logo\\\/image\\\/\",\"url\":\"https:\\\/\\\/ambientech.es\\\/wp-content\\\/uploads\\\/2026\\\/02\\\/new-logo-ambientech.png\",\"contentUrl\":\"https:\\\/\\\/ambientech.es\\\/wp-content\\\/uploads\\\/2026\\\/02\\\/new-logo-ambientech.png\",\"width\":2560,\"height\":414,\"caption\":\"ambientech.es\"},\"image\":{\"@id\":\"https:\\\/\\\/ambientech.es\\\/#\\\/schema\\\/logo\\\/image\\\/\"},\"sameAs\":[\"https:\\\/\\\/www.facebook.com\\\/coppercoatspainambientech\",\"https:\\\/\\\/www.instagram.com\\\/coppercoatspain\\\/\"]}]}<\/script>\n<!-- \/ Yoast SEO plugin. -->","yoast_head_json":{"title":"Coppercoat - 1 Litre Pack - ambientech.es","robots":{"index":"index","follow":"follow","max-snippet":"max-snippet:-1","max-image-preview":"max-image-preview:large","max-video-preview":"max-video-preview:-1"},"canonical":"https:\/\/ambientech.es\/es\/producto\/coppercoat\/","og_locale":"es_ES","og_type":"article","og_title":"Coppercoat - 1 Litre Pack - ambientech.es","og_description":"Long-lasting Antifouling Coppercoat \u2013 1 Litre Pack &amp; 2 Kg Copper Powder COMPONENTS     500 ml epoxy resin    500 ml hardener    2.140 kg copper powder","og_url":"https:\/\/ambientech.es\/es\/producto\/coppercoat\/","og_site_name":"ambientech.es","article_publisher":"https:\/\/www.facebook.com\/coppercoatspainambientech","article_modified_time":"2026-02-26T08:26:58+00:00","og_image":[{"width":1920,"height":2400,"url":"https:\/\/ambientech.es\/wp-content\/uploads\/2026\/01\/coppercoat-1-litre-pack-and-2-kg-copper-powder002.jpg","type":"image\/jpeg"}],"twitter_card":"summary_large_image","twitter_misc":{"Tiempo de lectura":"1 minuto"},"schema":{"@context":"https:\/\/schema.org","@graph":[{"@type":"WebPage","@id":"https:\/\/ambientech.es\/product\/coppercoat\/","url":"https:\/\/ambientech.es\/product\/coppercoat\/","name":"Coppercoat - 1 Litre Pack - ambientech.es","isPartOf":{"@id":"https:\/\/ambientech.es\/#website"},"primaryImageOfPage":{"@id":"https:\/\/ambientech.es\/product\/coppercoat\/#primaryimage"},"image":{"@id":"https:\/\/ambientech.es\/product\/coppercoat\/#primaryimage"},"thumbnailUrl":"https:\/\/ambientech.es\/wp-content\/uploads\/2026\/01\/coppercoat-1-litre-pack-and-2-kg-copper-powder002.jpg","datePublished":"2026-02-10T11:26:30+00:00","dateModified":"2026-02-26T08:26:58+00:00","breadcrumb":{"@id":"https:\/\/ambientech.es\/product\/coppercoat\/#breadcrumb"},"inLanguage":"es","potentialAction":[{"@type":"ReadAction","target":["https:\/\/ambientech.es\/product\/coppercoat\/"]}]},{"@type":"ImageObject","inLanguage":"es","@id":"https:\/\/ambientech.es\/product\/coppercoat\/#primaryimage","url":"https:\/\/ambientech.es\/wp-content\/uploads\/2026\/01\/coppercoat-1-litre-pack-and-2-kg-copper-powder002.jpg","contentUrl":"https:\/\/ambientech.es\/wp-content\/uploads\/2026\/01\/coppercoat-1-litre-pack-and-2-kg-copper-powder002.jpg","width":1920,"height":2400,"caption":"The complete long-lasting antifouling kit for smaller projects."},{"@type":"BreadcrumbList","@id":"https:\/\/ambientech.es\/product\/coppercoat\/#breadcrumb","itemListElement":[{"@type":"ListItem","position":1,"name":"Home","item":"https:\/\/ambientech.es\/"},{"@type":"ListItem","position":2,"name":"Shop","item":"https:\/\/ambientech.es\/shop\/"},{"@type":"ListItem","position":3,"name":"Coppercoat &#8211; 1 Litre Pack"}]},{"@type":"WebSite","@id":"https:\/\/ambientech.es\/#website","url":"https:\/\/ambientech.es\/","name":"lino-ciervo-260681.hostingersite.com","description":"","publisher":{"@id":"https:\/\/ambientech.es\/#organization"},"potentialAction":[{"@type":"SearchAction","target":{"@type":"EntryPoint","urlTemplate":"https:\/\/ambientech.es\/?s={search_term_string}"},"query-input":{"@type":"PropertyValueSpecification","valueRequired":true,"valueName":"search_term_string"}}],"inLanguage":"es"},{"@type":"Organization","@id":"https:\/\/ambientech.es\/#organization","name":"lino-ciervo-260681.hostingersite.com","url":"https:\/\/ambientech.es\/","logo":{"@type":"ImageObject","inLanguage":"es","@id":"https:\/\/ambientech.es\/#\/schema\/logo\/image\/","url":"https:\/\/ambientech.es\/wp-content\/uploads\/2026\/02\/new-logo-ambientech.png","contentUrl":"https:\/\/ambientech.es\/wp-content\/uploads\/2026\/02\/new-logo-ambientech.png","width":2560,"height":414,"caption":"ambientech.es"},"image":{"@id":"https:\/\/ambientech.es\/#\/schema\/logo\/image\/"},"sameAs":["https:\/\/www.facebook.com\/coppercoatspainambientech","https:\/\/www.instagram.com\/coppercoatspain\/"]}]}},"uagb_featured_image_src":{"full":["https:\/\/ambientech.es\/wp-content\/uploads\/2026\/01\/coppercoat-1-litre-pack-and-2-kg-copper-powder002.jpg",1920,2400,false],"thumbnail":["https:\/\/ambientech.es\/wp-content\/uploads\/2026\/01\/coppercoat-1-litre-pack-and-2-kg-copper-powder002-150x150.jpg",150,150,true],"medium":["https:\/\/ambientech.es\/wp-content\/uploads\/2026\/01\/coppercoat-1-litre-pack-and-2-kg-copper-powder002-240x300.jpg",240,300,true],"medium_large":["https:\/\/ambientech.es\/wp-content\/uploads\/2026\/01\/coppercoat-1-litre-pack-and-2-kg-copper-powder002-768x960.jpg",768,960,true],"large":["https:\/\/ambientech.es\/wp-content\/uploads\/2026\/01\/coppercoat-1-litre-pack-and-2-kg-copper-powder002-819x1024.jpg",819,1024,true],"1536x1536":["https:\/\/ambientech.es\/wp-content\/uploads\/2026\/01\/coppercoat-1-litre-pack-and-2-kg-copper-powder002-1229x1536.jpg",1229,1536,true],"2048x2048":["https:\/\/ambientech.es\/wp-content\/uploads\/2026\/01\/coppercoat-1-litre-pack-and-2-kg-copper-powder002-1638x2048.jpg",1638,2048,true],"trp-custom-language-flag":["https:\/\/ambientech.es\/wp-content\/uploads\/2026\/01\/coppercoat-1-litre-pack-and-2-kg-copper-powder002-10x12.jpg",10,12,true],"woocommerce_thumbnail":["https:\/\/ambientech.es\/wp-content\/uploads\/2026\/01\/coppercoat-1-litre-pack-and-2-kg-copper-powder002-800x800.jpg",800,800,true],"woocommerce_single":["https:\/\/ambientech.es\/wp-content\/uploads\/2026\/01\/coppercoat-1-litre-pack-and-2-kg-copper-powder002-800x1000.jpg",800,1000,true],"woocommerce_gallery_thumbnail":["https:\/\/ambientech.es\/wp-content\/uploads\/2026\/01\/coppercoat-1-litre-pack-and-2-kg-copper-powder002-100x100.jpg",100,100,true]},"uagb_author_info":{"display_name":"info@grupocato.com","author_link":"https:\/\/ambientech.es\/es\/author\/"},"uagb_comment_info":0,"uagb_excerpt":"Long-lasting Antifouling Coppercoat \u2013 1 Litre Pack &amp; 2 Kg Copper Powder COMPONENTS 500 ml epoxy resin 500 ml hardener 2.140 kg copper powder","_links":{"self":[{"href":"https:\/\/ambientech.es\/es\/wp-json\/wp\/v2\/product\/2510","targetHints":{"allow":["GET"]}}],"collection":[{"href":"https:\/\/ambientech.es\/es\/wp-json\/wp\/v2\/product"}],"about":[{"href":"https:\/\/ambientech.es\/es\/wp-json\/wp\/v2\/types\/product"}],"wp:featuredmedia":[{"embeddable":true,"href":"https:\/\/ambientech.es\/es\/wp-json\/wp\/v2\/media\/1857"}],"wp:attachment":[{"href":"https:\/\/ambientech.es\/es\/wp-json\/wp\/v2\/media?parent=2510"}],"wp:term":[{"taxonomy":"product_brand","embeddable":true,"href":"https:\/\/ambientech.es\/es\/wp-json\/wp\/v2\/product_brand?post=2510"},{"taxonomy":"product_cat","embeddable":true,"href":"https:\/\/ambientech.es\/es\/wp-json\/wp\/v2\/product_cat?post=2510"},{"taxonomy":"product_tag","embeddable":true,"href":"https:\/\/ambientech.es\/es\/wp-json\/wp\/v2\/product_tag?post=2510"}],"curies":[{"name":"wp","href":"https:\/\/api.w.org\/{rel}","templated":true}]}}