{"id":2674,"date":"2026-02-06T13:01:32","date_gmt":"2026-02-06T12:01:32","guid":{"rendered":"https:\/\/ambientech.es\/?post_type=product&#038;p=2674"},"modified":"2026-02-16T11:05:47","modified_gmt":"2026-02-16T10:05:47","slug":"jotun-jotamastic-90","status":"publish","type":"product","link":"https:\/\/ambientech.es\/es\/producto\/jotun-jotamastic-90\/","title":{"rendered":"Jotun Jotamastic 90 Base 1 A y  Endurecedor Comp B"},"content":{"rendered":"<h3 data-path-to-node=\"6\">Jotun Jotamastic 90: El mejor revestimiento de masilla epoxi de alto espesor<\/h3>\n<p>&nbsp;<\/p>\n<p data-path-to-node=\"7\"><span class=\"citation-108\">El <\/span><b data-path-to-node=\"7\" data-index-in-node=\"4\"><span class=\"citation-108\">Kit Jotun Jotamastic 90<\/span><\/b><span class=\"citation-108 citation-end-108\"> Es un recubrimiento ep\u00f3xico curado con poliamina de alto rendimiento dise\u00f1ado para los entornos m\u00e1s dif\u00edciles de la Tierra.<\/span> Este kit de 4,5 L (que incluye 3,5 L de base y 1 L de endurecedor) proporciona una barrera robusta con alto contenido de s\u00f3lidos contra la humedad, la sal y los productos qu\u00edmicos.<\/p>\n<div class=\"source-inline-chip-container ng-star-inserted\"><\/div>\n<p data-path-to-node=\"8\"><span class=\"citation-107\">Ya sea que est\u00e9 trabajando en zonas de salpicaduras en alta mar o en estructuras de acero industriales, Jotamastic 90 es el est\u00e1ndar de la industria para <\/span><b data-path-to-node=\"8\" data-index-in-node=\"124\"><span class=\"citation-107\">mantenimiento y reparaci\u00f3n<\/span><\/b><span class=\"citation-107 citation-end-107\">.<\/span> <span class=\"citation-106 citation-end-106\">Su f\u00f3rmula \u00fanica tolerante a la superficie significa que se adhiere excepcionalmente bien a revestimientos envejecidos e incluso a acero oxidado preparado a mano, lo que le ahorra tiempo y costos de mano de obra en la preparaci\u00f3n de la superficie.<\/span><\/p>\n<h4 data-path-to-node=\"9\">Caracter\u00edsticas clave de rendimiento<\/h4>\n<p>&nbsp;<\/p>\n<ul data-path-to-node=\"10\">\n<li>\n<p data-path-to-node=\"10,0,0\"><b data-path-to-node=\"10,0,0\" data-index-in-node=\"0\">Tecnolog\u00eda tolerante a superficies:<\/b> Dise\u00f1ado para proyectos donde el granallado no es una opci\u00f3n. <span class=\"citation-105 citation-end-105\">Act\u00faa de forma fiable sobre \u00f3xido picado y diversos revestimientos envejecidos.<\/span><\/p>\n<div class=\"source-inline-chip-container ng-star-inserted\"><\/div>\n<\/li>\n<li>\n<p data-path-to-node=\"10,1,0\"><b data-path-to-node=\"10,1,0\" data-index-in-node=\"0\"><span class=\"citation-104\">Aplicaci\u00f3n para todo tipo de clima:<\/span><\/b><span class=\"citation-104 citation-end-104\"> Dise\u00f1ado para ser vers\u00e1til, este recubrimiento se puede aplicar a temperaturas bajo cero, lo que lo convierte en una opci\u00f3n ideal para el mantenimiento invernal y los climas severos.<\/span><\/p>\n<div class=\"source-inline-chip-container ng-star-inserted\"><\/div>\n<\/li>\n<li>\n<p data-path-to-node=\"10,2,0\"><b data-path-to-node=\"10,2,0\" data-index-in-node=\"0\"><span class=\"citation-103\">Durabilidad extrema:<\/span><\/b><span class=\"citation-103 citation-end-103\"> Proporciona resistencia superior a la abrasi\u00f3n y protecci\u00f3n a largo plazo para acero al carbono, acero galvanizado, acero inoxidable y hormig\u00f3n.<\/span><\/p>\n<div class=\"source-inline-chip-container ng-star-inserted\"><\/div>\n<\/li>\n<li>\n<p data-path-to-node=\"10,3,0\"><b data-path-to-node=\"10,3,0\" data-index-in-node=\"0\">Respuesta r\u00e1pida:<\/b><span class=\"citation-102 citation-end-102\"> Los tiempos de curado r\u00e1pidos y los intervalos de recubrimiento cortos ayudan a aumentar la productividad y minimizar el costoso tiempo de inactividad.<\/span><\/p>\n<div class=\"source-inline-chip-container ng-star-inserted\"><\/div>\n<\/li>\n<li>\n<p data-path-to-node=\"10,4,0\"><b data-path-to-node=\"10,4,0\" data-index-in-node=\"0\"><span class=\"citation-101\">Est\u00e9tica personalizable:<\/span><\/b><span class=\"citation-101 citation-end-101\"> Se puede te\u00f1ir en una amplia gama de colores con un excelente poder cubriente, lo que a menudo reduce el n\u00famero de capas necesarias.<\/span><\/p>\n<div class=\"source-inline-chip-container ng-star-inserted\"><\/div>\n<\/li>\n<\/ul>\n<h4 data-path-to-node=\"11\">Aplicaciones y uso industrial<\/h4>\n<p>&nbsp;<\/p>\n<p data-path-to-node=\"12\">Jotun Jotamastic 90 es un producto potente y vers\u00e1til que se utiliza en m\u00faltiples sectores:<\/p>\n<ul data-path-to-node=\"13\">\n<li>\n<p data-path-to-node=\"13,0,0\"><b data-path-to-node=\"13,0,0\" data-index-in-node=\"0\"><span class=\"citation-100\">Marina y env\u00edo:<\/span><\/b><span class=\"citation-100 citation-end-100\"> Perfecto para cascos exteriores, cubiertas y espacios marinos interiores expuestos a alta humedad y agua de mar.<\/span><\/p>\n<div class=\"source-inline-chip-container ng-star-inserted\"><\/div>\n<\/li>\n<li>\n<p data-path-to-node=\"13,1,0\"><b data-path-to-node=\"13,1,0\" data-index-in-node=\"0\">Offshore y energ\u00eda:<\/b><span class=\"citation-99 citation-end-99\"> De confianza para zonas de salpicaduras, refiner\u00edas, plantas petroqu\u00edmicas e instalaciones de energ\u00eda.<\/span><\/p>\n<div class=\"source-inline-chip-container ng-star-inserted\"><\/div>\n<\/li>\n<li>\n<p data-path-to-node=\"13,2,0\"><b data-path-to-node=\"13,2,0\" data-index-in-node=\"0\">Infraestructura:<\/b><span class=\"citation-98 citation-end-98\"> Se utiliza a nivel mundial para puentes, equipos de miner\u00eda y protecci\u00f3n estructural de acero en general.<\/span><\/p>\n<div class=\"source-inline-chip-container ng-star-inserted\"><\/div>\n<\/li>\n<li>\n<p data-path-to-node=\"13,3,0\"><b data-path-to-node=\"13,3,0\" data-index-in-node=\"0\"><span class=\"citation-97\">Red ferroviaria y carreteras:<\/span><\/b><span class=\"citation-97 citation-end-97\"> Aprobado para sistemas de infraestructura espec\u00edficos (NR\/L3\/CIV\/039).<\/span><\/p>\n<div class=\"source-inline-chip-container ng-star-inserted\"><\/div>\n<\/li>\n<\/ul>\n<h4 data-path-to-node=\"14\">Especificaciones t\u00e9cnicas y certificaciones<\/h4>\n<p>&nbsp;<\/p>\n<p data-path-to-node=\"15\">Este producto cumple con rigurosos est\u00e1ndares internacionales de seguridad y rendimiento:<\/p>\n<ul data-path-to-node=\"16\">\n<li>\n<p data-path-to-node=\"16,0,0\"><b data-path-to-node=\"16,0,0\" data-index-in-node=\"0\">Baja propagaci\u00f3n de la llama:<\/b> Certificado seg\u00fan la OMI FTPC Parte 5.<\/p>\n<\/li>\n<li>\n<p data-path-to-node=\"16,1,0\"><b data-path-to-node=\"16,1,0\" data-index-in-node=\"0\">Tanque de petr\u00f3leo crudo aprobado:<\/b> Aprobado por la PSPC (Res. OMI MSC 288(87)).<\/p>\n<\/li>\n<li>\n<p data-path-to-node=\"16,2,0\"><b data-path-to-node=\"16,2,0\" data-index-in-node=\"0\">Normas industriales:<\/b><span class=\"citation-96 citation-end-96\"> Aprobado por el Sistema NORSOK 1 (Rev 5) y Salud Ocupacional de Newcastle.<\/span><\/p>\n<div class=\"source-inline-chip-container ng-star-inserted\"><\/div>\n<\/li>\n<li>\n<p data-path-to-node=\"16,3,0\"><b data-path-to-node=\"16,3,0\" data-index-in-node=\"0\">Proporci\u00f3n de mezcla:<\/b> 3,5 partes de Base A por 1 parte de Comp B (est\u00e1ndar).<\/p>\n<\/li>\n<\/ul>\n<h4 data-path-to-node=\"17\">\u00bfPor qu\u00e9 elegir el Kit Jotamastic 90 4.5L?<\/h4>\n<p>&nbsp;<\/p>\n<p id=\"p-rc_dcf7be52d3f1a7c6-67\" data-path-to-node=\"18\">Elegir Jotamastic 90 significa elegir una soluci\u00f3n \u201cinstalar y olvidar\u201d. <span class=\"citation-95 citation-end-95\">Funciona como imprimaci\u00f3n, capa intermedia o sistema de capa \u00fanica, proporcionando flexibilidad para cualquier especificaci\u00f3n.<\/span> Con su formaci\u00f3n de pel\u00edcula de alto espesor y aprobaciones l\u00edderes en la industria, garantiza que sus activos permanezcan protegidos contra la corrosi\u00f3n durante los pr\u00f3ximos a\u00f1os.<\/p>","protected":false},"excerpt":{"rendered":"<p data-path-to-node=\"2\"><b data-path-to-node=\"2\" data-index-in-node=\"0\">Masilla Epoxi Jotun Jotamastic 90 - Kit 4,5 Litros<\/b><\/p>\n<p data-path-to-node=\"3\"><b data-path-to-node=\"3\" data-index-in-node=\"0\">COMPONENTES<\/b><\/p>\n<ul data-path-to-node=\"4\">\n<li>\n<p data-path-to-node=\"4,0,0\">Base Jotamastic 90 de 3,5 litros<\/p>\n<\/li>\n<li>\n<p data-path-to-node=\"4,1,0\">1 litro de endurecedor Standard Comp B<\/p>\n<\/li>\n<\/ul>","protected":false},"featured_media":2677,"template":"","meta":{"_uag_custom_page_level_css":"","site-sidebar-layout":"default","site-content-layout":"","ast-site-content-layout":"default","site-content-style":"default","site-sidebar-style":"default","ast-global-header-display":"","ast-banner-title-visibility":"","ast-main-header-display":"","ast-hfb-above-header-display":"","ast-hfb-below-header-display":"","ast-hfb-mobile-header-display":"","site-post-title":"","ast-breadcrumbs-content":"","ast-featured-img":"","footer-sml-layout":"","ast-disable-related-posts":"","theme-transparent-header-meta":"default","adv-header-id-meta":"","stick-header-meta":"","header-above-stick-meta":"","header-main-stick-meta":"","header-below-stick-meta":"","astra-migrate-meta-layouts":"set","ast-page-background-enabled":"default","ast-page-background-meta":{"desktop":{"background-color":"var(--ast-global-color-4)","background-image":"","background-repeat":"repeat","background-position":"center center","background-size":"auto","background-attachment":"scroll","background-type":"","background-media":"","overlay-type":"","overlay-color":"","overlay-opacity":"","overlay-gradient":""},"tablet":{"background-color":"","background-image":"","background-repeat":"repeat","background-position":"center center","background-size":"auto","background-attachment":"scroll","background-type":"","background-media":"","overlay-type":"","overlay-color":"","overlay-opacity":"","overlay-gradient":""},"mobile":{"background-color":"","background-image":"","background-repeat":"repeat","background-position":"center center","background-size":"auto","background-attachment":"scroll","background-type":"","background-media":"","overlay-type":"","overlay-color":"","overlay-opacity":"","overlay-gradient":""}},"ast-content-background-meta":{"desktop":{"background-color":"var(--ast-global-color-5)","background-image":"","background-repeat":"repeat","background-position":"center center","background-size":"auto","background-attachment":"scroll","background-type":"","background-media":"","overlay-type":"","overlay-color":"","overlay-opacity":"","overlay-gradient":""},"tablet":{"background-color":"var(--ast-global-color-5)","background-image":"","background-repeat":"repeat","background-position":"center center","background-size":"auto","background-attachment":"scroll","background-type":"","background-media":"","overlay-type":"","overlay-color":"","overlay-opacity":"","overlay-gradient":""},"mobile":{"background-color":"var(--ast-global-color-5)","background-image":"","background-repeat":"repeat","background-position":"center center","background-size":"auto","background-attachment":"scroll","background-type":"","background-media":"","overlay-type":"","overlay-color":"","overlay-opacity":"","overlay-gradient":""}}},"product_brand":[39],"product_cat":[36],"product_tag":[],"class_list":{"0":"post-2674","1":"product","2":"type-product","3":"status-publish","4":"has-post-thumbnail","6":"product_brand-jotun","7":"product_cat-epoxy","8":"desktop-align-center","9":"tablet-align-left","10":"mobile-align-left","12":"first","13":"instock","14":"taxable","15":"shipping-taxable","16":"purchasable","17":"product-type-simple"},"yoast_head":"<!-- This site is optimized with the Yoast SEO plugin v27.4 - https:\/\/yoast.com\/product\/yoast-seo-wordpress\/ -->\n<title>Jotun Jotamastic 90 Base 1 A &amp; Comp B Hardener - ambientech.es<\/title>\n<meta name=\"robots\" content=\"index, follow, max-snippet:-1, max-image-preview:large, max-video-preview:-1\" \/>\n<link rel=\"canonical\" href=\"https:\/\/ambientech.es\/es\/producto\/jotun-jotamastic-90\/\" \/>\n<meta property=\"og:locale\" content=\"es_ES\" \/>\n<meta property=\"og:type\" content=\"article\" \/>\n<meta property=\"og:title\" content=\"Jotun Jotamastic 90 Base 1 A &amp; Comp B Hardener - ambientech.es\" \/>\n<meta property=\"og:description\" content=\"Jotun Jotamastic 90 Epoxy Mastic \u2013 4.5 Litre Kit COMPONENTS     3.5 Litres Jotamastic 90 Base    1 Litre Standard Comp B Hardener\" \/>\n<meta property=\"og:url\" content=\"https:\/\/ambientech.es\/es\/producto\/jotun-jotamastic-90\/\" \/>\n<meta property=\"og:site_name\" content=\"ambientech.es\" \/>\n<meta property=\"article:publisher\" content=\"https:\/\/www.facebook.com\/coppercoatspainambientech\" \/>\n<meta property=\"article:modified_time\" content=\"2026-02-16T10:05:47+00:00\" \/>\n<meta property=\"og:image\" content=\"https:\/\/ambientech.es\/wp-content\/uploads\/2026\/02\/jotun-jotamastic-90-base-1-a-comp-b-hardener.png\" \/>\n\t<meta property=\"og:image:width\" content=\"945\" \/>\n\t<meta property=\"og:image:height\" content=\"945\" \/>\n\t<meta property=\"og:image:type\" content=\"image\/png\" \/>\n<meta name=\"twitter:card\" content=\"summary_large_image\" \/>\n<meta name=\"twitter:label1\" content=\"Tiempo de lectura\" \/>\n\t<meta name=\"twitter:data1\" content=\"2 minutos\" \/>\n<script type=\"application\/ld+json\" class=\"yoast-schema-graph\">{\"@context\":\"https:\\\/\\\/schema.org\",\"@graph\":[{\"@type\":\"WebPage\",\"@id\":\"https:\\\/\\\/ambientech.es\\\/product\\\/jotun-jotamastic-90\\\/\",\"url\":\"https:\\\/\\\/ambientech.es\\\/product\\\/jotun-jotamastic-90\\\/\",\"name\":\"Jotun Jotamastic 90 Base 1 A & Comp B Hardener - ambientech.es\",\"isPartOf\":{\"@id\":\"https:\\\/\\\/ambientech.es\\\/#website\"},\"primaryImageOfPage\":{\"@id\":\"https:\\\/\\\/ambientech.es\\\/product\\\/jotun-jotamastic-90\\\/#primaryimage\"},\"image\":{\"@id\":\"https:\\\/\\\/ambientech.es\\\/product\\\/jotun-jotamastic-90\\\/#primaryimage\"},\"thumbnailUrl\":\"https:\\\/\\\/ambientech.es\\\/wp-content\\\/uploads\\\/2026\\\/02\\\/jotun-jotamastic-90-base-1-a-comp-b-hardener.png\",\"datePublished\":\"2026-02-06T12:01:32+00:00\",\"dateModified\":\"2026-02-16T10:05:47+00:00\",\"breadcrumb\":{\"@id\":\"https:\\\/\\\/ambientech.es\\\/product\\\/jotun-jotamastic-90\\\/#breadcrumb\"},\"inLanguage\":\"es\",\"potentialAction\":[{\"@type\":\"ReadAction\",\"target\":[\"https:\\\/\\\/ambientech.es\\\/product\\\/jotun-jotamastic-90\\\/\"]}]},{\"@type\":\"ImageObject\",\"inLanguage\":\"es\",\"@id\":\"https:\\\/\\\/ambientech.es\\\/product\\\/jotun-jotamastic-90\\\/#primaryimage\",\"url\":\"https:\\\/\\\/ambientech.es\\\/wp-content\\\/uploads\\\/2026\\\/02\\\/jotun-jotamastic-90-base-1-a-comp-b-hardener.png\",\"contentUrl\":\"https:\\\/\\\/ambientech.es\\\/wp-content\\\/uploads\\\/2026\\\/02\\\/jotun-jotamastic-90-base-1-a-comp-b-hardener.png\",\"width\":945,\"height\":945,\"caption\":\"High-performance epoxy primer recommended for GRP and steel hull preparation.\"},{\"@type\":\"BreadcrumbList\",\"@id\":\"https:\\\/\\\/ambientech.es\\\/product\\\/jotun-jotamastic-90\\\/#breadcrumb\",\"itemListElement\":[{\"@type\":\"ListItem\",\"position\":1,\"name\":\"Home\",\"item\":\"https:\\\/\\\/ambientech.es\\\/\"},{\"@type\":\"ListItem\",\"position\":2,\"name\":\"Shop\",\"item\":\"https:\\\/\\\/ambientech.es\\\/shop\\\/\"},{\"@type\":\"ListItem\",\"position\":3,\"name\":\"Jotun Jotamastic 90 Base 1 A &#038; Comp B Hardener\"}]},{\"@type\":\"WebSite\",\"@id\":\"https:\\\/\\\/ambientech.es\\\/#website\",\"url\":\"https:\\\/\\\/ambientech.es\\\/\",\"name\":\"ambientech.es\",\"description\":\"\",\"publisher\":{\"@id\":\"https:\\\/\\\/ambientech.es\\\/#organization\"},\"potentialAction\":[{\"@type\":\"SearchAction\",\"target\":{\"@type\":\"EntryPoint\",\"urlTemplate\":\"https:\\\/\\\/ambientech.es\\\/?s={search_term_string}\"},\"query-input\":{\"@type\":\"PropertyValueSpecification\",\"valueRequired\":true,\"valueName\":\"search_term_string\"}}],\"inLanguage\":\"es\"},{\"@type\":\"Organization\",\"@id\":\"https:\\\/\\\/ambientech.es\\\/#organization\",\"name\":\"ambientech.es\",\"url\":\"https:\\\/\\\/ambientech.es\\\/\",\"logo\":{\"@type\":\"ImageObject\",\"inLanguage\":\"es\",\"@id\":\"https:\\\/\\\/ambientech.es\\\/#\\\/schema\\\/logo\\\/image\\\/\",\"url\":\"https:\\\/\\\/ambientech.es\\\/wp-content\\\/uploads\\\/2026\\\/02\\\/new-logo-ambientech.png\",\"contentUrl\":\"https:\\\/\\\/ambientech.es\\\/wp-content\\\/uploads\\\/2026\\\/02\\\/new-logo-ambientech.png\",\"width\":2560,\"height\":414,\"caption\":\"ambientech.es\"},\"image\":{\"@id\":\"https:\\\/\\\/ambientech.es\\\/#\\\/schema\\\/logo\\\/image\\\/\"},\"sameAs\":[\"https:\\\/\\\/www.facebook.com\\\/coppercoatspainambientech\",\"https:\\\/\\\/www.instagram.com\\\/coppercoatspain\\\/\"]}]}<\/script>\n<!-- \/ Yoast SEO plugin. -->","yoast_head_json":{"title":"Jotun Jotamastic 90 Base 1 A & Comp B Hardener - ambientech.es","robots":{"index":"index","follow":"follow","max-snippet":"max-snippet:-1","max-image-preview":"max-image-preview:large","max-video-preview":"max-video-preview:-1"},"canonical":"https:\/\/ambientech.es\/es\/producto\/jotun-jotamastic-90\/","og_locale":"es_ES","og_type":"article","og_title":"Jotun Jotamastic 90 Base 1 A & Comp B Hardener - ambientech.es","og_description":"Jotun Jotamastic 90 Epoxy Mastic \u2013 4.5 Litre Kit COMPONENTS     3.5 Litres Jotamastic 90 Base    1 Litre Standard Comp B Hardener","og_url":"https:\/\/ambientech.es\/es\/producto\/jotun-jotamastic-90\/","og_site_name":"ambientech.es","article_publisher":"https:\/\/www.facebook.com\/coppercoatspainambientech","article_modified_time":"2026-02-16T10:05:47+00:00","og_image":[{"width":945,"height":945,"url":"https:\/\/ambientech.es\/wp-content\/uploads\/2026\/02\/jotun-jotamastic-90-base-1-a-comp-b-hardener.png","type":"image\/png"}],"twitter_card":"summary_large_image","twitter_misc":{"Tiempo de lectura":"2 minutos"},"schema":{"@context":"https:\/\/schema.org","@graph":[{"@type":"WebPage","@id":"https:\/\/ambientech.es\/product\/jotun-jotamastic-90\/","url":"https:\/\/ambientech.es\/product\/jotun-jotamastic-90\/","name":"Jotun Jotamastic 90 Base 1 A & Comp B Hardener - ambientech.es","isPartOf":{"@id":"https:\/\/ambientech.es\/#website"},"primaryImageOfPage":{"@id":"https:\/\/ambientech.es\/product\/jotun-jotamastic-90\/#primaryimage"},"image":{"@id":"https:\/\/ambientech.es\/product\/jotun-jotamastic-90\/#primaryimage"},"thumbnailUrl":"https:\/\/ambientech.es\/wp-content\/uploads\/2026\/02\/jotun-jotamastic-90-base-1-a-comp-b-hardener.png","datePublished":"2026-02-06T12:01:32+00:00","dateModified":"2026-02-16T10:05:47+00:00","breadcrumb":{"@id":"https:\/\/ambientech.es\/product\/jotun-jotamastic-90\/#breadcrumb"},"inLanguage":"es","potentialAction":[{"@type":"ReadAction","target":["https:\/\/ambientech.es\/product\/jotun-jotamastic-90\/"]}]},{"@type":"ImageObject","inLanguage":"es","@id":"https:\/\/ambientech.es\/product\/jotun-jotamastic-90\/#primaryimage","url":"https:\/\/ambientech.es\/wp-content\/uploads\/2026\/02\/jotun-jotamastic-90-base-1-a-comp-b-hardener.png","contentUrl":"https:\/\/ambientech.es\/wp-content\/uploads\/2026\/02\/jotun-jotamastic-90-base-1-a-comp-b-hardener.png","width":945,"height":945,"caption":"High-performance epoxy primer recommended for GRP and steel hull preparation."},{"@type":"BreadcrumbList","@id":"https:\/\/ambientech.es\/product\/jotun-jotamastic-90\/#breadcrumb","itemListElement":[{"@type":"ListItem","position":1,"name":"Home","item":"https:\/\/ambientech.es\/"},{"@type":"ListItem","position":2,"name":"Shop","item":"https:\/\/ambientech.es\/shop\/"},{"@type":"ListItem","position":3,"name":"Jotun Jotamastic 90 Base 1 A &#038; Comp B Hardener"}]},{"@type":"WebSite","@id":"https:\/\/ambientech.es\/#website","url":"https:\/\/ambientech.es\/","name":"lino-ciervo-260681.hostingersite.com","description":"","publisher":{"@id":"https:\/\/ambientech.es\/#organization"},"potentialAction":[{"@type":"SearchAction","target":{"@type":"EntryPoint","urlTemplate":"https:\/\/ambientech.es\/?s={search_term_string}"},"query-input":{"@type":"PropertyValueSpecification","valueRequired":true,"valueName":"search_term_string"}}],"inLanguage":"es"},{"@type":"Organization","@id":"https:\/\/ambientech.es\/#organization","name":"lino-ciervo-260681.hostingersite.com","url":"https:\/\/ambientech.es\/","logo":{"@type":"ImageObject","inLanguage":"es","@id":"https:\/\/ambientech.es\/#\/schema\/logo\/image\/","url":"https:\/\/ambientech.es\/wp-content\/uploads\/2026\/02\/new-logo-ambientech.png","contentUrl":"https:\/\/ambientech.es\/wp-content\/uploads\/2026\/02\/new-logo-ambientech.png","width":2560,"height":414,"caption":"ambientech.es"},"image":{"@id":"https:\/\/ambientech.es\/#\/schema\/logo\/image\/"},"sameAs":["https:\/\/www.facebook.com\/coppercoatspainambientech","https:\/\/www.instagram.com\/coppercoatspain\/"]}]}},"uagb_featured_image_src":{"full":["https:\/\/ambientech.es\/wp-content\/uploads\/2026\/02\/jotun-jotamastic-90-base-1-a-comp-b-hardener.png",945,945,false],"thumbnail":["https:\/\/ambientech.es\/wp-content\/uploads\/2026\/02\/jotun-jotamastic-90-base-1-a-comp-b-hardener-150x150.png",150,150,true],"medium":["https:\/\/ambientech.es\/wp-content\/uploads\/2026\/02\/jotun-jotamastic-90-base-1-a-comp-b-hardener-300x300.png",300,300,true],"medium_large":["https:\/\/ambientech.es\/wp-content\/uploads\/2026\/02\/jotun-jotamastic-90-base-1-a-comp-b-hardener-768x768.png",768,768,true],"large":["https:\/\/ambientech.es\/wp-content\/uploads\/2026\/02\/jotun-jotamastic-90-base-1-a-comp-b-hardener.png",945,945,false],"1536x1536":["https:\/\/ambientech.es\/wp-content\/uploads\/2026\/02\/jotun-jotamastic-90-base-1-a-comp-b-hardener.png",945,945,false],"2048x2048":["https:\/\/ambientech.es\/wp-content\/uploads\/2026\/02\/jotun-jotamastic-90-base-1-a-comp-b-hardener.png",945,945,false],"trp-custom-language-flag":["https:\/\/ambientech.es\/wp-content\/uploads\/2026\/02\/jotun-jotamastic-90-base-1-a-comp-b-hardener-12x12.png",12,12,true],"woocommerce_thumbnail":["https:\/\/ambientech.es\/wp-content\/uploads\/2026\/02\/jotun-jotamastic-90-base-1-a-comp-b-hardener-800x800.png",800,800,true],"woocommerce_single":["https:\/\/ambientech.es\/wp-content\/uploads\/2026\/02\/jotun-jotamastic-90-base-1-a-comp-b-hardener-800x800.png",800,800,true],"woocommerce_gallery_thumbnail":["https:\/\/ambientech.es\/wp-content\/uploads\/2026\/02\/jotun-jotamastic-90-base-1-a-comp-b-hardener-100x100.png",100,100,true]},"uagb_author_info":{"display_name":"b b","author_link":"https:\/\/ambientech.es\/es\/author\/"},"uagb_comment_info":0,"uagb_excerpt":"Jotun Jotamastic 90 Epoxy Mastic \u2013 4.5 Litre Kit COMPONENTS 3.5 Litres Jotamastic 90 Base 1 Litre Standard Comp B Hardener","_links":{"self":[{"href":"https:\/\/ambientech.es\/es\/wp-json\/wp\/v2\/product\/2674","targetHints":{"allow":["GET"]}}],"collection":[{"href":"https:\/\/ambientech.es\/es\/wp-json\/wp\/v2\/product"}],"about":[{"href":"https:\/\/ambientech.es\/es\/wp-json\/wp\/v2\/types\/product"}],"wp:featuredmedia":[{"embeddable":true,"href":"https:\/\/ambientech.es\/es\/wp-json\/wp\/v2\/media\/2677"}],"wp:attachment":[{"href":"https:\/\/ambientech.es\/es\/wp-json\/wp\/v2\/media?parent=2674"}],"wp:term":[{"taxonomy":"product_brand","embeddable":true,"href":"https:\/\/ambientech.es\/es\/wp-json\/wp\/v2\/product_brand?post=2674"},{"taxonomy":"product_cat","embeddable":true,"href":"https:\/\/ambientech.es\/es\/wp-json\/wp\/v2\/product_cat?post=2674"},{"taxonomy":"product_tag","embeddable":true,"href":"https:\/\/ambientech.es\/es\/wp-json\/wp\/v2\/product_tag?post=2674"}],"curies":[{"name":"wp","href":"https:\/\/api.w.org\/{rel}","templated":true}]}}