{"id":2778,"date":"2026-02-12T15:07:14","date_gmt":"2026-02-12T14:07:14","guid":{"rendered":"https:\/\/ambientech.es\/?post_type=product&#038;p=2778"},"modified":"2026-02-12T15:59:36","modified_gmt":"2026-02-12T14:59:36","slug":"isopropyl-alcohol-1l","status":"publish","type":"product","link":"https:\/\/ambientech.es\/es\/producto\/isopropyl-alcohol-1l\/","title":{"rendered":"Alcohol isoprop\u00edlico 99% 1L"},"content":{"rendered":"<h3>Alcohol isoprop\u00edlico 99% 1L \/ 1000 ml<\/h3>\n<p>&nbsp;<\/p>\n<div>\n<div>\n<div>\n<ul>\n<li>Uso industrial \/ Disolvente<\/li>\n<\/ul>\n<\/div>\n<\/div>\n<div>\n<div>\n<ul>\n<li>Mantener fuera del alcance de los ni\u00f1os.<\/li>\n<\/ul>\n<\/div>\n<\/div>\n<div>\n<ul>\n<li>Inflamable: \u00fasese con ventilaci\u00f3n adecuada.<\/li>\n<\/ul>\n<h6><\/h6>\n<h6>ISOPROPANOL (Propan-2-ol)<\/h6>\n<p>&nbsp;<\/p>\n<div>\n<div>\n<div>\n<p style=\"text-align: left;\">L\u00edquido y vapores muy inflamables. Provoca irritaci\u00f3n ocular grave. H336 Puede provocar somnolencia y v\u00e9rtigo. P210 Mant\u00e9ngase alejado de fuentes de calor, chispas, llamas abiertas o superficies calientes. No fumar. P233 Mantener el envase cerrado herm\u00e9ticamente. P240 Conectar a tierra \/ enlace equipotencial del receptor y del equipo de recepci\u00f3n. P241 Emplear material el\u00e9ctrico, de ventilaci\u00f3n o de iluminaci\u00f3n antideflagrante. P242 Utilice \u00fanicamente herramientas que no produzcan chispas. P243 Tomar medidas de precauci\u00f3n contra descargas electrost\u00e1ticas. P261 Evite respirar la niebla o los vapores. P264 Lavarse la piel concienzudamente tras la manipulaci\u00f3n. P271 Emplear \u00fanicamente en exteriores o en un lugar bien ventilado. P280 Lleve guantes y gafas o m\u00e1scara de protecci\u00f3n. P301+P310 EN CASO DE INGESTI\u00d3N: Llame inmediatamente a un CENTRO ANTIVENENO oa un m\u00e9dico. P303+P361+P353 EN CASO DE CONTACTO CON LA PIEL (o el pelo): Quitese inmediatamente las prendas contaminadas. Acl\u00e1rese la piel con agua o ducha. P304+P340 EN CASO DE INHALACI\u00d3N: Transportar a la persona al exterior y mantenerla en reposo en una posici\u00f3n confortable para respirar. P305+P351+P338 EN CASO DE CONTACTO CON LOS OJOS: Aclarar cuidadosamente con agua durante varios minutos. Quitar las lentes de contacto, si lleva y resulta f\u00e1cil. Seguir aclarando. P312 Llame a un CENTRO ANTIVENENO oa un m\u00e9dico si se encuentra mal. P331 NO provoca el v\u00f3mito. P337+P313 Si persiste la irritaci\u00f3n ocular: Consulte a un m\u00e9dico. P370+P378 En caso de incendio: Emplee niebla de agua, espuma, productos qu\u00edmicos secos o di\u00f3xido de carbono (CO2) para apagarlo. P403 + P235 Almacenar en un lugar bien ventilado. Mant\u00e9ngase al aire libre. P405 Guardar bajo llave.<\/p>\n<\/div>\n<\/div>\n<div>\n<div>\n<div>\n<div>\n<p>SOLO PARA USO INDUSTRIAL<\/p>\n<\/div>\n<\/div>\n<\/div>\n<\/div>\n<\/div>\n<\/div>\n<\/div>","protected":false},"excerpt":{"rendered":"<p>Isopropyl Alcohol 99% 1L \/ 1000 ml &nbsp; Industrial use \/ Solvent Keep out of reach of children Flammable &#8211; Use with adequate ventilation ISOPROPANOL (Propan-2-ol) &nbsp; L\u00edquido y vapores muy inflamables. Provoca irritaci\u00f3n ocular grave. H336 Puede provocar somnolencia y v\u00e9rtigo. P210 Mant\u00e9ngase alejado de fuentes de calor, chispas, llamas abiertas o superficies calientes. [&hellip;]<\/p>\n","protected":false},"featured_media":2787,"template":"","meta":{"_uag_custom_page_level_css":"","site-sidebar-layout":"default","site-content-layout":"","ast-site-content-layout":"default","site-content-style":"default","site-sidebar-style":"default","ast-global-header-display":"","ast-banner-title-visibility":"","ast-main-header-display":"","ast-hfb-above-header-display":"","ast-hfb-below-header-display":"","ast-hfb-mobile-header-display":"","site-post-title":"","ast-breadcrumbs-content":"","ast-featured-img":"","footer-sml-layout":"","ast-disable-related-posts":"","theme-transparent-header-meta":"default","adv-header-id-meta":"","stick-header-meta":"","header-above-stick-meta":"","header-main-stick-meta":"","header-below-stick-meta":"","astra-migrate-meta-layouts":"set","ast-page-background-enabled":"default","ast-page-background-meta":{"desktop":{"background-color":"var(--ast-global-color-4)","background-image":"","background-repeat":"repeat","background-position":"center center","background-size":"auto","background-attachment":"scroll","background-type":"","background-media":"","overlay-type":"","overlay-color":"","overlay-opacity":"","overlay-gradient":""},"tablet":{"background-color":"","background-image":"","background-repeat":"repeat","background-position":"center center","background-size":"auto","background-attachment":"scroll","background-type":"","background-media":"","overlay-type":"","overlay-color":"","overlay-opacity":"","overlay-gradient":""},"mobile":{"background-color":"","background-image":"","background-repeat":"repeat","background-position":"center center","background-size":"auto","background-attachment":"scroll","background-type":"","background-media":"","overlay-type":"","overlay-color":"","overlay-opacity":"","overlay-gradient":""}},"ast-content-background-meta":{"desktop":{"background-color":"var(--ast-global-color-5)","background-image":"","background-repeat":"repeat","background-position":"center center","background-size":"auto","background-attachment":"scroll","background-type":"","background-media":"","overlay-type":"","overlay-color":"","overlay-opacity":"","overlay-gradient":""},"tablet":{"background-color":"var(--ast-global-color-5)","background-image":"","background-repeat":"repeat","background-position":"center center","background-size":"auto","background-attachment":"scroll","background-type":"","background-media":"","overlay-type":"","overlay-color":"","overlay-opacity":"","overlay-gradient":""},"mobile":{"background-color":"var(--ast-global-color-5)","background-image":"","background-repeat":"repeat","background-position":"center center","background-size":"auto","background-attachment":"scroll","background-type":"","background-media":"","overlay-type":"","overlay-color":"","overlay-opacity":"","overlay-gradient":""}}},"product_brand":[41],"product_cat":[40],"product_tag":[],"class_list":{"0":"post-2778","1":"product","2":"type-product","3":"status-publish","4":"has-post-thumbnail","6":"product_brand-grupo-cato","7":"product_cat-alcohol","8":"desktop-align-center","9":"tablet-align-left","10":"mobile-align-left","12":"first","13":"instock","14":"taxable","15":"shipping-taxable","16":"purchasable","17":"product-type-simple"},"yoast_head":"<!-- This site is optimized with the Yoast SEO plugin v27.4 - https:\/\/yoast.com\/product\/yoast-seo-wordpress\/ -->\n<title>Isopropyl Alcohol 99% 1L - ambientech.es<\/title>\n<meta name=\"robots\" content=\"index, follow, max-snippet:-1, max-image-preview:large, max-video-preview:-1\" \/>\n<link rel=\"canonical\" href=\"https:\/\/ambientech.es\/es\/producto\/isopropyl-alcohol-1l\/\" \/>\n<meta property=\"og:locale\" content=\"es_ES\" \/>\n<meta property=\"og:type\" content=\"article\" \/>\n<meta property=\"og:title\" content=\"Isopropyl Alcohol 99% 1L - ambientech.es\" \/>\n<meta property=\"og:description\" content=\"Isopropyl Alcohol 99% 1L \/ 1000 ml &nbsp; Industrial use \/ Solvent Keep out of reach of children Flammable &#8211; Use with adequate ventilation ISOPROPANOL (Propan-2-ol) &nbsp; L\u00edquido y vapores muy inflamables. Provoca irritaci\u00f3n ocular grave. H336 Puede provocar somnolencia y v\u00e9rtigo. P210 Mant\u00e9ngase alejado de fuentes de calor, chispas, llamas abiertas o superficies calientes. [&hellip;]\" \/>\n<meta property=\"og:url\" content=\"https:\/\/ambientech.es\/es\/producto\/isopropyl-alcohol-1l\/\" \/>\n<meta property=\"og:site_name\" content=\"ambientech.es\" \/>\n<meta property=\"article:publisher\" content=\"https:\/\/www.facebook.com\/coppercoatspainambientech\" \/>\n<meta property=\"article:modified_time\" content=\"2026-02-12T14:59:36+00:00\" \/>\n<meta property=\"og:image\" content=\"https:\/\/ambientech.es\/wp-content\/uploads\/2026\/02\/isopropyl-alcohol-99-1l-detach.png\" \/>\n\t<meta property=\"og:image:width\" content=\"900\" \/>\n\t<meta property=\"og:image:height\" content=\"900\" \/>\n\t<meta property=\"og:image:type\" content=\"image\/png\" \/>\n<meta name=\"twitter:card\" content=\"summary_large_image\" \/>\n<meta name=\"twitter:label1\" content=\"Tiempo de lectura\" \/>\n\t<meta name=\"twitter:data1\" content=\"2 minutos\" \/>\n<script type=\"application\/ld+json\" class=\"yoast-schema-graph\">{\"@context\":\"https:\\\/\\\/schema.org\",\"@graph\":[{\"@type\":\"WebPage\",\"@id\":\"https:\\\/\\\/ambientech.es\\\/product\\\/isopropyl-alcohol-1l\\\/\",\"url\":\"https:\\\/\\\/ambientech.es\\\/product\\\/isopropyl-alcohol-1l\\\/\",\"name\":\"Isopropyl Alcohol 99% 1L - ambientech.es\",\"isPartOf\":{\"@id\":\"https:\\\/\\\/ambientech.es\\\/#website\"},\"primaryImageOfPage\":{\"@id\":\"https:\\\/\\\/ambientech.es\\\/product\\\/isopropyl-alcohol-1l\\\/#primaryimage\"},\"image\":{\"@id\":\"https:\\\/\\\/ambientech.es\\\/product\\\/isopropyl-alcohol-1l\\\/#primaryimage\"},\"thumbnailUrl\":\"https:\\\/\\\/ambientech.es\\\/wp-content\\\/uploads\\\/2026\\\/02\\\/isopropyl-alcohol-99-1l-detach.png\",\"datePublished\":\"2026-02-12T14:07:14+00:00\",\"dateModified\":\"2026-02-12T14:59:36+00:00\",\"breadcrumb\":{\"@id\":\"https:\\\/\\\/ambientech.es\\\/product\\\/isopropyl-alcohol-1l\\\/#breadcrumb\"},\"inLanguage\":\"es\",\"potentialAction\":[{\"@type\":\"ReadAction\",\"target\":[\"https:\\\/\\\/ambientech.es\\\/product\\\/isopropyl-alcohol-1l\\\/\"]}]},{\"@type\":\"ImageObject\",\"inLanguage\":\"es\",\"@id\":\"https:\\\/\\\/ambientech.es\\\/product\\\/isopropyl-alcohol-1l\\\/#primaryimage\",\"url\":\"https:\\\/\\\/ambientech.es\\\/wp-content\\\/uploads\\\/2026\\\/02\\\/isopropyl-alcohol-99-1l-detach.png\",\"contentUrl\":\"https:\\\/\\\/ambientech.es\\\/wp-content\\\/uploads\\\/2026\\\/02\\\/isopropyl-alcohol-99-1l-detach.png\",\"width\":900,\"height\":900},{\"@type\":\"BreadcrumbList\",\"@id\":\"https:\\\/\\\/ambientech.es\\\/product\\\/isopropyl-alcohol-1l\\\/#breadcrumb\",\"itemListElement\":[{\"@type\":\"ListItem\",\"position\":1,\"name\":\"Home\",\"item\":\"https:\\\/\\\/ambientech.es\\\/\"},{\"@type\":\"ListItem\",\"position\":2,\"name\":\"Shop\",\"item\":\"https:\\\/\\\/ambientech.es\\\/shop\\\/\"},{\"@type\":\"ListItem\",\"position\":3,\"name\":\"Isopropyl Alcohol 99% 1L\"}]},{\"@type\":\"WebSite\",\"@id\":\"https:\\\/\\\/ambientech.es\\\/#website\",\"url\":\"https:\\\/\\\/ambientech.es\\\/\",\"name\":\"ambientech.es\",\"description\":\"\",\"publisher\":{\"@id\":\"https:\\\/\\\/ambientech.es\\\/#organization\"},\"potentialAction\":[{\"@type\":\"SearchAction\",\"target\":{\"@type\":\"EntryPoint\",\"urlTemplate\":\"https:\\\/\\\/ambientech.es\\\/?s={search_term_string}\"},\"query-input\":{\"@type\":\"PropertyValueSpecification\",\"valueRequired\":true,\"valueName\":\"search_term_string\"}}],\"inLanguage\":\"es\"},{\"@type\":\"Organization\",\"@id\":\"https:\\\/\\\/ambientech.es\\\/#organization\",\"name\":\"ambientech.es\",\"url\":\"https:\\\/\\\/ambientech.es\\\/\",\"logo\":{\"@type\":\"ImageObject\",\"inLanguage\":\"es\",\"@id\":\"https:\\\/\\\/ambientech.es\\\/#\\\/schema\\\/logo\\\/image\\\/\",\"url\":\"https:\\\/\\\/ambientech.es\\\/wp-content\\\/uploads\\\/2026\\\/02\\\/new-logo-ambientech.png\",\"contentUrl\":\"https:\\\/\\\/ambientech.es\\\/wp-content\\\/uploads\\\/2026\\\/02\\\/new-logo-ambientech.png\",\"width\":2560,\"height\":414,\"caption\":\"ambientech.es\"},\"image\":{\"@id\":\"https:\\\/\\\/ambientech.es\\\/#\\\/schema\\\/logo\\\/image\\\/\"},\"sameAs\":[\"https:\\\/\\\/www.facebook.com\\\/coppercoatspainambientech\",\"https:\\\/\\\/www.instagram.com\\\/coppercoatspain\\\/\"]}]}<\/script>\n<!-- \/ Yoast SEO plugin. -->","yoast_head_json":{"title":"Isopropyl Alcohol 99% 1L - ambientech.es","robots":{"index":"index","follow":"follow","max-snippet":"max-snippet:-1","max-image-preview":"max-image-preview:large","max-video-preview":"max-video-preview:-1"},"canonical":"https:\/\/ambientech.es\/es\/producto\/isopropyl-alcohol-1l\/","og_locale":"es_ES","og_type":"article","og_title":"Isopropyl Alcohol 99% 1L - ambientech.es","og_description":"Isopropyl Alcohol 99% 1L \/ 1000 ml &nbsp; Industrial use \/ Solvent Keep out of reach of children Flammable &#8211; Use with adequate ventilation ISOPROPANOL (Propan-2-ol) &nbsp; L\u00edquido y vapores muy inflamables. Provoca irritaci\u00f3n ocular grave. H336 Puede provocar somnolencia y v\u00e9rtigo. P210 Mant\u00e9ngase alejado de fuentes de calor, chispas, llamas abiertas o superficies calientes. [&hellip;]","og_url":"https:\/\/ambientech.es\/es\/producto\/isopropyl-alcohol-1l\/","og_site_name":"ambientech.es","article_publisher":"https:\/\/www.facebook.com\/coppercoatspainambientech","article_modified_time":"2026-02-12T14:59:36+00:00","og_image":[{"width":900,"height":900,"url":"https:\/\/ambientech.es\/wp-content\/uploads\/2026\/02\/isopropyl-alcohol-99-1l-detach.png","type":"image\/png"}],"twitter_card":"summary_large_image","twitter_misc":{"Tiempo de lectura":"2 minutos"},"schema":{"@context":"https:\/\/schema.org","@graph":[{"@type":"WebPage","@id":"https:\/\/ambientech.es\/product\/isopropyl-alcohol-1l\/","url":"https:\/\/ambientech.es\/product\/isopropyl-alcohol-1l\/","name":"Isopropyl Alcohol 99% 1L - ambientech.es","isPartOf":{"@id":"https:\/\/ambientech.es\/#website"},"primaryImageOfPage":{"@id":"https:\/\/ambientech.es\/product\/isopropyl-alcohol-1l\/#primaryimage"},"image":{"@id":"https:\/\/ambientech.es\/product\/isopropyl-alcohol-1l\/#primaryimage"},"thumbnailUrl":"https:\/\/ambientech.es\/wp-content\/uploads\/2026\/02\/isopropyl-alcohol-99-1l-detach.png","datePublished":"2026-02-12T14:07:14+00:00","dateModified":"2026-02-12T14:59:36+00:00","breadcrumb":{"@id":"https:\/\/ambientech.es\/product\/isopropyl-alcohol-1l\/#breadcrumb"},"inLanguage":"es","potentialAction":[{"@type":"ReadAction","target":["https:\/\/ambientech.es\/product\/isopropyl-alcohol-1l\/"]}]},{"@type":"ImageObject","inLanguage":"es","@id":"https:\/\/ambientech.es\/product\/isopropyl-alcohol-1l\/#primaryimage","url":"https:\/\/ambientech.es\/wp-content\/uploads\/2026\/02\/isopropyl-alcohol-99-1l-detach.png","contentUrl":"https:\/\/ambientech.es\/wp-content\/uploads\/2026\/02\/isopropyl-alcohol-99-1l-detach.png","width":900,"height":900},{"@type":"BreadcrumbList","@id":"https:\/\/ambientech.es\/product\/isopropyl-alcohol-1l\/#breadcrumb","itemListElement":[{"@type":"ListItem","position":1,"name":"Home","item":"https:\/\/ambientech.es\/"},{"@type":"ListItem","position":2,"name":"Shop","item":"https:\/\/ambientech.es\/shop\/"},{"@type":"ListItem","position":3,"name":"Isopropyl Alcohol 99% 1L"}]},{"@type":"WebSite","@id":"https:\/\/ambientech.es\/#website","url":"https:\/\/ambientech.es\/","name":"lino-ciervo-260681.hostingersite.com","description":"","publisher":{"@id":"https:\/\/ambientech.es\/#organization"},"potentialAction":[{"@type":"SearchAction","target":{"@type":"EntryPoint","urlTemplate":"https:\/\/ambientech.es\/?s={search_term_string}"},"query-input":{"@type":"PropertyValueSpecification","valueRequired":true,"valueName":"search_term_string"}}],"inLanguage":"es"},{"@type":"Organization","@id":"https:\/\/ambientech.es\/#organization","name":"lino-ciervo-260681.hostingersite.com","url":"https:\/\/ambientech.es\/","logo":{"@type":"ImageObject","inLanguage":"es","@id":"https:\/\/ambientech.es\/#\/schema\/logo\/image\/","url":"https:\/\/ambientech.es\/wp-content\/uploads\/2026\/02\/new-logo-ambientech.png","contentUrl":"https:\/\/ambientech.es\/wp-content\/uploads\/2026\/02\/new-logo-ambientech.png","width":2560,"height":414,"caption":"ambientech.es"},"image":{"@id":"https:\/\/ambientech.es\/#\/schema\/logo\/image\/"},"sameAs":["https:\/\/www.facebook.com\/coppercoatspainambientech","https:\/\/www.instagram.com\/coppercoatspain\/"]}]}},"uagb_featured_image_src":{"full":["https:\/\/ambientech.es\/wp-content\/uploads\/2026\/02\/isopropyl-alcohol-99-1l-detach.png",900,900,false],"thumbnail":["https:\/\/ambientech.es\/wp-content\/uploads\/2026\/02\/isopropyl-alcohol-99-1l-detach-150x150.png",150,150,true],"medium":["https:\/\/ambientech.es\/wp-content\/uploads\/2026\/02\/isopropyl-alcohol-99-1l-detach-300x300.png",300,300,true],"medium_large":["https:\/\/ambientech.es\/wp-content\/uploads\/2026\/02\/isopropyl-alcohol-99-1l-detach-768x768.png",768,768,true],"large":["https:\/\/ambientech.es\/wp-content\/uploads\/2026\/02\/isopropyl-alcohol-99-1l-detach.png",900,900,false],"1536x1536":["https:\/\/ambientech.es\/wp-content\/uploads\/2026\/02\/isopropyl-alcohol-99-1l-detach.png",900,900,false],"2048x2048":["https:\/\/ambientech.es\/wp-content\/uploads\/2026\/02\/isopropyl-alcohol-99-1l-detach.png",900,900,false],"trp-custom-language-flag":["https:\/\/ambientech.es\/wp-content\/uploads\/2026\/02\/isopropyl-alcohol-99-1l-detach-12x12.png",12,12,true],"woocommerce_thumbnail":["https:\/\/ambientech.es\/wp-content\/uploads\/2026\/02\/isopropyl-alcohol-99-1l-detach-800x800.png",800,800,true],"woocommerce_single":["https:\/\/ambientech.es\/wp-content\/uploads\/2026\/02\/isopropyl-alcohol-99-1l-detach-800x800.png",800,800,true],"woocommerce_gallery_thumbnail":["https:\/\/ambientech.es\/wp-content\/uploads\/2026\/02\/isopropyl-alcohol-99-1l-detach-100x100.png",100,100,true]},"uagb_author_info":{"display_name":"info@grupocato.com","author_link":"https:\/\/ambientech.es\/es\/author\/"},"uagb_comment_info":0,"uagb_excerpt":"Isopropyl Alcohol 99% 1L \/ 1000 ml &nbsp; Industrial use \/ Solvent Keep out of reach of children Flammable &#8211; Use with adequate ventilation ISOPROPANOL (Propan-2-ol) &nbsp; L\u00edquido y vapores muy inflamables. Provoca irritaci\u00f3n ocular grave. H336 Puede provocar somnolencia y v\u00e9rtigo. P210 Mant\u00e9ngase alejado de fuentes de calor, chispas, llamas abiertas o superficies calientes.&hellip;","_links":{"self":[{"href":"https:\/\/ambientech.es\/es\/wp-json\/wp\/v2\/product\/2778","targetHints":{"allow":["GET"]}}],"collection":[{"href":"https:\/\/ambientech.es\/es\/wp-json\/wp\/v2\/product"}],"about":[{"href":"https:\/\/ambientech.es\/es\/wp-json\/wp\/v2\/types\/product"}],"wp:featuredmedia":[{"embeddable":true,"href":"https:\/\/ambientech.es\/es\/wp-json\/wp\/v2\/media\/2787"}],"wp:attachment":[{"href":"https:\/\/ambientech.es\/es\/wp-json\/wp\/v2\/media?parent=2778"}],"wp:term":[{"taxonomy":"product_brand","embeddable":true,"href":"https:\/\/ambientech.es\/es\/wp-json\/wp\/v2\/product_brand?post=2778"},{"taxonomy":"product_cat","embeddable":true,"href":"https:\/\/ambientech.es\/es\/wp-json\/wp\/v2\/product_cat?post=2778"},{"taxonomy":"product_tag","embeddable":true,"href":"https:\/\/ambientech.es\/es\/wp-json\/wp\/v2\/product_tag?post=2778"}],"curies":[{"name":"wp","href":"https:\/\/api.w.org\/{rel}","templated":true}]}}